


{"id":1261,"date":"2024-09-17T16:34:12","date_gmt":"2024-09-17T16:34:12","guid":{"rendered":"https:\/\/fakultet.kremicalex.com\/?page_id=1261"},"modified":"2024-12-07T20:47:10","modified_gmt":"2024-12-07T20:47:10","slug":"%d0%bf%d0%be%d1%81%d0%bb%d0%b8%d1%98%d0%b5%d0%b4%d0%b8%d0%bf%d0%bb%d0%be%d0%bc%d1%81%d0%ba%d0%b5-%d1%81%d1%82%d1%83%d0%b4%d0%b8%d1%98%d0%b5","status":"publish","type":"page","link":"https:\/\/novi.efb.ues.rs.ba\/lat\/%d0%bf%d0%be%d1%81%d0%bb%d0%b8%d1%98%d0%b5%d0%b4%d0%b8%d0%bf%d0%bb%d0%be%d0%bc%d1%81%d0%ba%d0%b5-%d1%81%d1%82%d1%83%d0%b4%d0%b8%d1%98%d0%b5\/","title":{"rendered":"Postdiplomske studije"},"content":{"rendered":"<div data-elementor-type=\"wp-page\" data-elementor-id=\"1261\" class=\"elementor elementor-1261\" data-elementor-post-type=\"page\">\n\t\t\t\t<div class=\"elementor-element elementor-element-7808cc1 e-flex e-con-boxed e-con e-parent\" data-id=\"7808cc1\" data-element_type=\"container\">\n\t\t\t\t\t<div class=\"e-con-inner\">\n\t\t\t\t<div class=\"elementor-element elementor-element-eef5344 elementor-widget elementor-widget-heading\" data-id=\"eef5344\" data-element_type=\"widget\" data-widget_type=\"heading.default\">\n\t\t\t\t<div class=\"elementor-widget-container\">\n\t\t\t<h2 class=\"elementor-heading-title elementor-size-default\">Postdiplomske studije<\/h2>\t\t<\/div>\n\t\t\t\t<\/div>\n\t\t\t\t\t<\/div>\n\t\t\t\t<\/div>\n\t\t<div class=\"elementor-element elementor-element-d60b9d5 e-flex e-con-boxed e-con e-parent\" data-id=\"d60b9d5\" data-element_type=\"container\">\n\t\t\t\t\t<div class=\"e-con-inner\">\n\t\t\t\t<div class=\"elementor-element elementor-element-7b9e298 elementor-widget elementor-widget-text-editor\" data-id=\"7b9e298\" data-element_type=\"widget\" data-widget_type=\"text-editor.default\">\n\t\t\t\t<div class=\"elementor-widget-container\">\n\t\t\t\t\t\t\t<p align=\"justify\"><span style=\"color: #000000;\">Ekonomski fakultet u Br\u010dkom od 2005. godine organizuje <strong>poslijediplomske studije <\/strong>na dva smjera<\/span><\/p><p align=\"left\"><span style=\"color: #000000;\"><strong>I Menad\u017ement i preduzetni\u0161tvo <br \/>II Menad\u017ement u ra\u010dunovodstvu i revizija <\/strong><\/span><\/p><p align=\"justify\"><span style=\"color: #000000;\">Oba smjera imaju po jedanaest predmeta: pet predmeta predstavljaju zajedni\u010dke predmete, a pet su vezana za u\u017ee stru\u010dna podru\u010dja na svakom smjeru, dok se predmet Metodologija nau\u010dno \u2013 istra\u017eiva\u010dkog rada ne pola\u017ee.<\/span><\/p><p align=\"center\"><span style=\"color: #000000;\"><strong>Uslovi<\/strong><\/span><\/p><p align=\"justify\"><span style=\"color: #000000;\">Pravo na upis postdiplomskog studija na Ekonomskom fakultetu u Br\u010dkom imaju svi kandidati koji posjeduju diplomu o zar\u0161enoj visokoj \u0161kolskoj spremi.<\/span><\/p><p align=\"justify\"><span style=\"color: #000000;\">Kandidati koji su zavr\u0161ili ekonomski fakultet sa prose\u010dnom ocenom ispod 8 (osam), polaga\u0107e kvalifikacioni upis iz jednog od slede\u0107ih predmeta: <strong>Ekonomika preduze\u0107a, Menad\u017ement <\/strong>ili <strong>Finansijsko ra\u010dunovodstvo <\/strong><\/span><\/p><p align=\"justify\"><span style=\"color: #000000;\">Kandidati koji su zavr\u0161ili drugi fakultet, a imaju prosje\u010dnu ocjenu ispod 8 (osam), polaga\u0107e u toku prvog semestra dva ispita razlike, koje \u0107e definisati Rukovodilac za postdiplmoske studije.<\/span><\/p><p align=\"justify\"><span style=\"color: #000000;\">Kandidati koji su zavr\u0161ili drugi fakultet, a imaju prosje\u010dnu ocjenu do 8 (osam), polaga\u0107e kvalifikacioni ispit iz<strong> Ekonomike preduze\u0107a<\/strong> ili <strong>Menad\u017ementa<\/strong> Kao i u prethodnom stavu i za ove kandidate postoji obaveza polaganja razlike ispita u prvom semstru. Kvalifikacioni ispit se pola\u017ee metodom testa.<\/span><\/p><p><span style=\"color: #000000;\">Kada studentu preostane jedan nepolo\u017eeni ispit mo\u017ee prijaviti temu magistarskog rada.<\/span><\/p><p align=\"center\"><span style=\"color: #000000;\"><strong>Program<\/strong><\/span><\/p><p align=\"justify\"><span style=\"color: #000000;\">Nastava na postdiplomskom studiju realizuje se prema programu koji obuhvata slede\u0107e ciljeve:<\/span><\/p><p align=\"justify\"><span style=\"color: #000000;\">\u2013 program studija predstavlja zaokru\u017eenu celinu kojoj je u fokusu problematika: menad\u017ement i preduzetni\u0161tvo, menad\u017ement u ra\u010dunovodstvu i revizija,<\/span><br \/><span style=\"color: #000000;\">\u2013 programski sadr\u017eaj svake discipline obuhvata savremene tekovine nau\u010dnog rada,<\/span><br \/><span style=\"color: #000000;\">\u2013 programima svih disciplina predvi\u0111a se primjena savremenih teorijskih dostignu\u0107a u analizi primjera iz prakse,<\/span><br \/><span style=\"color: #000000;\">\u2013 kao podloga savladavanju programa svih disciplina je savremena doma\u0107a i strana literatura.<\/span><\/p><p align=\"center\"><span style=\"color: #000000;\"><strong>Plan nastave <\/strong><\/span><\/p><table border=\"1\" width=\"530\" align=\"center\"><tbody><tr bgcolor=\"#CCCCCC\"><td colspan=\"4\" height=\"30\"><div align=\"center\"><span style=\"color: #000000;\"><strong>Menad\u017ement i preduzetni\u0161tvo<\/strong><\/span><\/div><\/td><\/tr><tr><td width=\"286\" height=\"30\"><div align=\"center\"><span style=\"color: #000000;\"><strong>Predmet<\/strong><\/span><\/div><\/td><td width=\"72\"><div class=\"style1\" align=\"center\"><div align=\"center\"><span style=\"color: #000000;\">I<\/span><\/div><\/div><\/td><td width=\"72\"><div align=\"center\"><span style=\"color: #000000;\"><strong>II<\/strong><\/span><\/div><\/td><td width=\"72\"><div align=\"center\"><span style=\"color: #000000;\"><strong>III<\/strong><\/span><\/div><\/td><\/tr><tr><td bgcolor=\"#ebebeb\" width=\"286\" height=\"30\"><span style=\"color: #000000;\"><a style=\"color: #000000;\" href=\"\/wp-content\/uploads\/2024\/12\/25032010MetodologijaNIR.pdf\">Metodologija nau\u010dnoistra\u017eiva\u010dkog rada<\/a><\/span><\/td><td bgcolor=\"#ebebeb\" width=\"72\"><div align=\"center\"><span style=\"color: #000000;\">10<\/span><\/div><\/td><td bgcolor=\"#ebebeb\" width=\"72\"><div align=\"center\">\u00a0<\/div><\/td><td bgcolor=\"#ebebeb\" width=\"72\">\u00a0<\/td><\/tr><tr><td width=\"286\" height=\"30\"><span style=\"color: #000000;\"><a style=\"color: #000000;\" href=\"\/wp-content\/uploads\/2024\/12\/25032010MenadzmentInformacioniSistemi.pdf\">Menad\u017ement informacionih sistema<\/a><\/span><\/td><td width=\"72\"><div align=\"center\"><span style=\"color: #000000;\">20<\/span><\/div><\/td><td width=\"72\"><div align=\"center\">\u00a0<\/div><\/td><td width=\"72\">\u00a0<\/td><\/tr><tr><td bgcolor=\"#ebebeb\" width=\"286\" height=\"30\"><span style=\"color: #000000;\"><a style=\"color: #000000;\" href=\"\/wp-content\/uploads\/2024\/12\/25032010StrategisjkiMenadmemt.pdf\">Strate\u0161ki menad\u017ement<\/a><\/span><\/td><td bgcolor=\"#ebebeb\" width=\"72\"><div align=\"center\"><span style=\"color: #000000;\">20<\/span><\/div><\/td><td bgcolor=\"#ebebeb\" width=\"72\"><div align=\"center\">\u00a0<\/div><\/td><td bgcolor=\"#ebebeb\" width=\"72\"><div align=\"center\">\u00a0<\/div><\/td><\/tr><tr><td width=\"286\" height=\"30\"><span style=\"color: #000000;\"><a style=\"color: #000000;\" href=\"\/wp-content\/uploads\/2024\/12\/25032010UpravljanjeLjudskimResursima.pdf\">Upravljanje ljudskim resursima<\/a><\/span><\/td><td width=\"72\"><div align=\"center\"><span style=\"color: #000000;\">20<\/span><\/div><\/td><td width=\"72\"><div align=\"center\">\u00a0<\/div><\/td><td width=\"72\"><div align=\"center\">\u00a0<\/div><\/td><\/tr><tr><td bgcolor=\"#ebebeb\" width=\"286\" height=\"30\"><span style=\"color: #000000;\"><a style=\"color: #000000;\" href=\"\/wp-content\/uploads\/2024\/12\/25032010FinansijskiMenadment.pdf\">Finansijski menad\u017ement<\/a><\/span><\/td><td bgcolor=\"#ebebeb\" width=\"72\"><div align=\"center\">\u00a0<\/div><\/td><td bgcolor=\"#ebebeb\" width=\"72\"><div align=\"center\"><span style=\"color: #000000;\">20<\/span><\/div><\/td><td bgcolor=\"#ebebeb\" width=\"72\"><div align=\"center\">\u00a0<\/div><\/td><\/tr><tr><td width=\"286\" height=\"30\"><span style=\"color: #000000;\"><a style=\"color: #000000;\" href=\"\/wp-content\/uploads\/2024\/12\/25032010PreduzetnickiMenadment.pdf\">Preduzetni\u010dki menad\u017ement<\/a><\/span><\/td><td width=\"72\"><div align=\"center\">\u00a0<\/div><\/td><td width=\"72\"><div align=\"center\"><span style=\"color: #000000;\">20<\/span><\/div><\/td><td width=\"72\"><div align=\"center\">\u00a0<\/div><\/td><\/tr><tr><td bgcolor=\"#ebebeb\" width=\"286\" height=\"30\"><span style=\"color: #000000;\"><a style=\"color: #000000;\" href=\"\/wp-content\/uploads\/2024\/12\/25032010MalaiSrednjaPreduzeca.pdf\">Mala i srednja preduze\u0107a (mala privreda)<\/a><\/span><\/td><td bgcolor=\"#ebebeb\" width=\"72\"><div align=\"center\">\u00a0<\/div><\/td><td bgcolor=\"#ebebeb\" width=\"72\"><div align=\"center\"><span style=\"color: #000000;\">20<\/span><\/div><\/td><td bgcolor=\"#ebebeb\" width=\"72\"><div align=\"center\">\u00a0<\/div><\/td><\/tr><tr><td width=\"286\" height=\"30\"><span style=\"color: #000000;\"><a style=\"color: #000000;\" href=\"\/wp-content\/uploads\/2024\/12\/25032010UpravljanjeMarketingom.pdf\">Upravljanje marketingom<\/a><\/span><\/td><td width=\"72\"><div align=\"center\">\u00a0<\/div><\/td><td width=\"72\"><div align=\"center\">\u00a0<\/div><\/td><td width=\"72\"><div align=\"center\"><span style=\"color: #000000;\">20<\/span><\/div><\/td><\/tr><tr><td bgcolor=\"#ebebeb\" width=\"286\" height=\"30\"><span style=\"color: #000000;\"><a style=\"color: #000000;\" href=\"\/wp-content\/uploads\/2024\/12\/25032010KvantitativneMetodeuOdlucivanju.pdf\">Kvantitativne metode u menad\u017ementu<\/a><\/span><\/td><td bgcolor=\"#ebebeb\" width=\"72\"><div align=\"center\">\u00a0<\/div><\/td><td bgcolor=\"#ebebeb\" width=\"72\"><div align=\"center\">\u00a0<\/div><\/td><td bgcolor=\"#ebebeb\" width=\"72\"><div align=\"center\"><span style=\"color: #000000;\">20<\/span><\/div><\/td><\/tr><tr><td width=\"286\" height=\"30\"><span style=\"color: #000000;\"><a style=\"color: #000000;\" href=\"\/wp-content\/uploads\/2024\/12\/25032010MenadmentTotalnogKvaliteta.pdf\">Menad\u017ement totalnog kvaliteta<\/a><\/span><\/td><td width=\"72\"><div align=\"center\">\u00a0<\/div><\/td><td width=\"72\"><div align=\"center\">\u00a0<\/div><\/td><td width=\"72\"><div align=\"center\"><span style=\"color: #000000;\">20<\/span><\/div><\/td><\/tr><tr><td bgcolor=\"#ebebeb\" width=\"286\" height=\"30\"><span style=\"color: #000000;\"><a style=\"color: #000000;\" href=\"\/wp-content\/uploads\/2024\/12\/25032010MarketingInformacioniSistem.pdf\">Marketing informacioni sistem<\/a><\/span><\/td><td bgcolor=\"#ebebeb\" width=\"72\"><div align=\"center\">\u00a0<\/div><\/td><td bgcolor=\"#ebebeb\" width=\"72\"><div align=\"center\">\u00a0<\/div><\/td><td bgcolor=\"#ebebeb\" width=\"72\"><div align=\"center\"><span style=\"color: #000000;\">20<\/span><\/div><\/td><\/tr><tr><td bgcolor=\"#CCCCCC\" width=\"286\" height=\"30\"><span style=\"color: #000000;\"><strong>Ukupno \u010dasova po semestru<\/strong><\/span><\/td><td bgcolor=\"#CCCCCC\" width=\"72\"><div align=\"center\"><span style=\"color: #000000;\">70<\/span><\/div><\/td><td bgcolor=\"#CCCCCC\" width=\"72\"><div align=\"center\"><span style=\"color: #000000;\">60<\/span><\/div><\/td><td bgcolor=\"#CCCCCC\" width=\"72\"><div align=\"center\"><span style=\"color: #000000;\">80<\/span><\/div><\/td><\/tr><\/tbody><\/table><table border=\"1\" width=\"530\" align=\"center\"><tbody><tr><td colspan=\"4\" bgcolor=\"#CCCCCC\" height=\"30\"><div align=\"center\"><span style=\"color: #000000;\"><strong>Menad\u017ement u ra\u010dunovodstvu i revizija<\/strong><\/span><\/div><\/td><\/tr><tr><td width=\"286\" height=\"30\"><div align=\"center\"><span style=\"color: #000000;\"><strong>Predmet<\/strong><\/span><\/div><\/td><td width=\"72\"><div class=\"style2\" align=\"center\"><div align=\"center\"><span style=\"color: #000000;\">I<\/span><\/div><\/div><\/td><td width=\"72\"><div align=\"center\"><span style=\"color: #000000;\"><strong>II<\/strong><\/span><\/div><\/td><td width=\"72\"><div align=\"center\"><span style=\"color: #000000;\"><strong>III<\/strong><\/span><\/div><\/td><\/tr><tr bgcolor=\"#ebebeb\"><td width=\"286\" height=\"30\"><span style=\"color: #000000;\"><a style=\"color: #000000;\" href=\"\/wp-content\/uploads\/2024\/12\/25032010MetodologijaNIR-1.pdf\">Metodologija nau\u010dnoistra\u017eiva\u010dkog rada<\/a><\/span><\/td><td width=\"72\"><div align=\"center\"><span style=\"color: #000000;\">10<\/span><\/div><\/td><td width=\"72\"><div align=\"center\">\u00a0<\/div><\/td><td width=\"72\">\u00a0<\/td><\/tr><tr><td width=\"286\" height=\"30\"><span style=\"color: #000000;\"><a style=\"color: #000000;\" href=\"\/wp-content\/uploads\/2024\/12\/25032010MenadzmentInformacioniSistemi-1.pdf\">Menad\u017ement informacionih sistema<\/a><\/span><\/td><td width=\"72\"><div align=\"center\"><span style=\"color: #000000;\">20<\/span><\/div><\/td><td width=\"72\"><div align=\"center\">\u00a0<\/div><\/td><td width=\"72\">\u00a0<\/td><\/tr><tr bgcolor=\"#ebebeb\"><td width=\"286\" height=\"30\"><span style=\"color: #000000;\"><a style=\"color: #000000;\" href=\"\/wp-content\/uploads\/2024\/12\/25032010StrategisjkiMenadmemt-1.pdf\">Strate\u0161ki menad\u017ement<\/a><\/span><\/td><td width=\"72\"><div align=\"center\"><span style=\"color: #000000;\">20<\/span><\/div><\/td><td width=\"72\"><div align=\"center\">\u00a0<\/div><\/td><td width=\"72\"><div align=\"center\">\u00a0<\/div><\/td><\/tr><tr><td width=\"286\" height=\"30\"><span style=\"color: #000000;\"><a style=\"color: #000000;\" href=\"\/wp-content\/uploads\/2024\/12\/25032010UpravljanjeLjudskimResursima-1.pdf\">Upravljanje ljudskim resursima<\/a><\/span><\/td><td width=\"72\"><div align=\"center\"><span style=\"color: #000000;\">20<\/span><\/div><\/td><td width=\"72\"><div align=\"center\">\u00a0<\/div><\/td><td width=\"72\"><div align=\"center\">\u00a0<\/div><\/td><\/tr><tr bgcolor=\"#ebebeb\"><td width=\"286\" height=\"30\"><span style=\"color: #000000;\"><a style=\"color: #000000;\" href=\"\/wp-content\/uploads\/2024\/12\/25032010FinansijskiMenadment-1.pdf\">Finansijski menad\u017ement<\/a><\/span><\/td><td width=\"72\"><div align=\"center\">\u00a0<\/div><\/td><td width=\"72\"><div align=\"center\"><span style=\"color: #000000;\">20<\/span><\/div><\/td><td width=\"72\"><div align=\"center\">\u00a0<\/div><\/td><\/tr><tr><td width=\"286\" height=\"30\"><span style=\"color: #000000;\"><a style=\"color: #000000;\" href=\"\/wp-content\/uploads\/2024\/12\/25032010PreduzetnickiMenadment-1.pdf\">Preduzetni\u010dki menad\u017ement<\/a><\/span><\/td><td width=\"72\"><div align=\"center\">\u00a0<\/div><\/td><td width=\"72\"><div align=\"center\"><span style=\"color: #000000;\">20<\/span><\/div><\/td><td width=\"72\"><div align=\"center\">\u00a0<\/div><\/td><\/tr><tr bgcolor=\"#ebebeb\"><td width=\"286\" height=\"30\"><span style=\"color: #000000;\"><a style=\"color: #000000;\" href=\"\/wp-content\/uploads\/2024\/12\/25032010FinansijskoIzvjestavanje.pdf\">Finansijsko izvje\u0161tavanje<\/a><\/span><\/td><td width=\"72\"><div align=\"center\">\u00a0<\/div><\/td><td width=\"72\"><div align=\"center\"><span style=\"color: #000000;\">20<\/span><\/div><\/td><td width=\"72\"><div align=\"center\">\u00a0<\/div><\/td><\/tr><tr><td width=\"286\" height=\"30\"><span style=\"color: #000000;\"><a style=\"color: #000000;\" href=\"\/wp-content\/uploads\/2024\/12\/25032010EksternaFinansijskaRevizija.pdf\">Eksterna finansijska revizija<\/a><\/span><\/td><td width=\"72\"><div align=\"center\">\u00a0<\/div><\/td><td width=\"72\"><div align=\"center\">\u00a0<\/div><\/td><td width=\"72\"><div align=\"center\"><span style=\"color: #000000;\">20<\/span><\/div><\/td><\/tr><tr bgcolor=\"#ebebeb\"><td width=\"286\" height=\"30\"><span style=\"color: #000000;\"><a style=\"color: #000000;\" href=\"\/wp-content\/uploads\/2024\/12\/25032010RIS.pdf\">Ra\u010dunovodstveni informacioni sistemi<\/a><\/span><\/td><td width=\"72\"><div align=\"center\">\u00a0<\/div><\/td><td width=\"72\"><div align=\"center\">\u00a0<\/div><\/td><td width=\"72\"><div align=\"center\"><span style=\"color: #000000;\">20<\/span><\/div><\/td><\/tr><tr><td width=\"286\" height=\"30\"><span style=\"color: #000000;\"><a style=\"color: #000000;\" href=\"\/wp-content\/uploads\/2024\/12\/25032010UpravljackoRacunovodstvo.pdf\">Upravlja\u010dko ra\u010dunovodstvo<\/a><\/span><\/td><td width=\"72\"><div align=\"center\">\u00a0<\/div><\/td><td width=\"72\"><div align=\"center\">\u00a0<\/div><\/td><td width=\"72\"><div align=\"center\"><span style=\"color: #000000;\">20<\/span><\/div><\/td><\/tr><tr bgcolor=\"#ebebeb\"><td width=\"286\" height=\"30\"><span style=\"color: #000000;\"><a style=\"color: #000000;\" href=\"\/wp-content\/uploads\/2024\/12\/25032010ElektronskoPoslovanje.pdf\">Elektronsko poslovanje<\/a><\/span><\/td><td width=\"72\"><div align=\"center\">\u00a0<\/div><\/td><td width=\"72\"><div align=\"center\">\u00a0<\/div><\/td><td width=\"72\"><div align=\"center\"><span style=\"color: #000000;\">20<\/span><\/div><\/td><\/tr><tr bgcolor=\"#CCCCCC\"><td width=\"286\" height=\"30\"><span style=\"color: #000000;\"><strong>Ukupno \u010dasova po semestru<\/strong><\/span><\/td><td width=\"72\"><div align=\"center\"><span style=\"color: #000000;\">70<\/span><\/div><\/td><td width=\"72\"><div align=\"center\"><span style=\"color: #000000;\">60<\/span><\/div><\/td><td width=\"72\"><div align=\"center\"><span style=\"color: #000000;\">80<\/span><\/div><\/td><\/tr><\/tbody><\/table><p align=\"justify\"><span style=\"color: #000000;\">Termini predavanja predvi\u0111eni su za petak od 15 \u2013 20 \u010dasova i subotu od 9 \u2013 14 \u010dasova. Predavanja \u0107e se izvoditi u sali na Ekonomskom fakultetu u Br\u010dkom.<\/span><\/p><p align=\"justify\"><span style=\"color: #000000;\">Rukovodilac postdiplomskog studija je <strong><span lang=\"hr\" xml:lang=\"hr\">doc<\/span>. dr Teodor Petrovi\u0107<\/strong>docent<\/span><\/p><p align=\"center\"><span style=\"color: #000000;\"><strong>Obrasci<\/strong><\/span><\/p><div align=\"center\"><table border=\"1\" width=\"500\" cellpadding=\"0\"><tbody><tr bgcolor=\"#CCCCCC\"><td width=\"328\"><p align=\"center\"><span style=\"color: #000000;\"><strong>Naziv obrasca<\/strong><\/span><\/p><\/td><td width=\"144\"><p align=\"center\"><span style=\"color: #000000;\"><strong>Napomena<\/strong><\/span><\/p><\/td><\/tr><tr><td valign=\"middle\" width=\"328\"><p><span style=\"color: #000000;\">Prijava za upis na poslijediplomske studije<\/span><\/p><\/td><td valign=\"middle\" width=\"144\"><p align=\"center\"><span style=\"color: #000000;\">Obrazac \u0161tampati na jednom listu<\/span><\/p><\/td><\/tr><\/tbody><\/table><\/div>\t\t\t\t\t\t<\/div>\n\t\t\t\t<\/div>\n\t\t\t\t\t<\/div>\n\t\t\t\t<\/div>\n\t\t\t\t<\/div>","protected":false},"excerpt":{"rendered":"<p>\u041f\u043e\u0441\u043b\u0438\u0458\u0435\u0434\u0438\u043f\u043b\u043e\u043c\u0441\u043a\u0435 \u0441\u0442\u0443\u0434\u0438\u0458\u0435 \u0415\u043a\u043e\u043d\u043e\u043c\u0441\u043a\u0438 \u0444\u0430\u043a\u0443\u043b\u0442\u0435\u0442 \u0443 \u0411\u0440\u0447\u043a\u043e\u043c \u043e\u0434 2005. \u0433\u043e\u0434\u0438\u043d\u0435 \u043e\u0440\u0433\u0430\u043d\u0438\u0437\u0443\u0458\u0435 \u043f\u043e\u0441\u043b\u0438\u0458\u0435\u0434\u0438\u043f\u043b\u043e\u043c\u0441\u043a\u0435 \u0441\u0442\u0443\u0434\u0438\u0458\u0435 \u043d\u0430 \u0434\u0432\u0430 \u0441\u043c\u0458\u0435\u0440\u0430: I \u041c\u0435\u043d\u0430\u045f\u043c\u0435\u043d\u0442 \u0438 \u043f\u0440\u0435\u0434\u0443\u0437\u0435\u0442\u043d\u0438\u0448\u0442\u0432\u043e II \u041c\u0435\u043d\u0430\u045f\u043c\u0435\u043d\u0442 \u0443 \u0440\u0430\u0447\u0443\u043d\u043e\u0432\u043e\u0434\u0441\u0442\u0432\u0443 \u0438 \u0440\u0435\u0432\u0438\u0437\u0438\u0458\u0430 \u041e\u0431\u0430 \u0441\u043c\u0458\u0435\u0440\u0430 \u0438\u043c\u0430\u0458\u0443 \u043f\u043e \u0458\u0435\u0434\u0430\u043d\u0430\u0435\u0441\u0442 \u043f\u0440\u0435\u0434\u043c\u0435\u0442\u0430: \u043f\u0435\u0442 \u043f\u0440\u0435\u0434\u043c\u0435\u0442\u0430 \u043f\u0440\u0435\u0434\u0441\u0442\u0430\u0432\u0459\u0430\u0458\u0443 \u0437\u0430\u0458\u0435\u0434\u043d\u0438\u0447\u043a\u0435 \u043f\u0440\u0435\u0434\u043c\u0435\u0442\u0435, \u0430 \u043f\u0435\u0442 \u0441\u0443 \u0432\u0435\u0437\u0430\u043d\u0430 \u0437\u0430 \u0443\u0436\u0435 \u0441\u0442\u0440\u0443\u0447\u043d\u0430 \u043f\u043e\u0434\u0440\u0443\u0447\u0458\u0430 \u043d\u0430 \u0441\u0432\u0430\u043a\u043e\u043c \u0441\u043c\u0458\u0435\u0440\u0443, \u0434\u043e\u043a \u0441\u0435 \u043f\u0440\u0435\u0434\u043c\u0435\u0442 \u041c\u0435\u0442\u043e\u0434\u043e\u043b\u043e\u0433\u0438\u0458\u0430 \u043d\u0430\u0443\u0447\u043d\u043e &#8211; \u0438\u0441\u0442\u0440\u0430\u0436\u0438\u0432\u0430\u0447\u043a\u043e\u0433 \u0440\u0430\u0434\u0430 [&hellip;]<\/p>","protected":false},"author":2,"featured_media":0,"parent":0,"menu_order":0,"comment_status":"closed","ping_status":"closed","template":"","meta":{"footnotes":""},"folder":[],"class_list":["post-1261","page","type-page","status-publish","hentry"],"_links":{"self":[{"href":"https:\/\/novi.efb.ues.rs.ba\/lat\/wp-json\/wp\/v2\/pages\/1261"}],"collection":[{"href":"https:\/\/novi.efb.ues.rs.ba\/lat\/wp-json\/wp\/v2\/pages"}],"about":[{"href":"https:\/\/novi.efb.ues.rs.ba\/lat\/wp-json\/wp\/v2\/types\/page"}],"author":[{"embeddable":true,"href":"https:\/\/novi.efb.ues.rs.ba\/lat\/wp-json\/wp\/v2\/users\/2"}],"replies":[{"embeddable":true,"href":"https:\/\/novi.efb.ues.rs.ba\/lat\/wp-json\/wp\/v2\/comments?post=1261"}],"version-history":[{"count":19,"href":"https:\/\/novi.efb.ues.rs.ba\/lat\/wp-json\/wp\/v2\/pages\/1261\/revisions"}],"predecessor-version":[{"id":4523,"href":"https:\/\/novi.efb.ues.rs.ba\/lat\/wp-json\/wp\/v2\/pages\/1261\/revisions\/4523"}],"wp:attachment":[{"href":"https:\/\/novi.efb.ues.rs.ba\/lat\/wp-json\/wp\/v2\/media?parent=1261"}],"wp:term":[{"taxonomy":"folder","embeddable":true,"href":"https:\/\/novi.efb.ues.rs.ba\/lat\/wp-json\/wp\/v2\/folder?post=1261"}],"curies":[{"name":"wp","href":"https:\/\/api.w.org\/{rel}","templated":true}]}}