


{"id":1755,"date":"2024-10-04T08:51:07","date_gmt":"2024-10-04T08:51:07","guid":{"rendered":"https:\/\/fakultet.kremicalex.com\/?page_id=1755"},"modified":"2024-10-30T19:23:36","modified_gmt":"2024-10-30T19:23:36","slug":"%d0%bc%d0%b0%d1%81%d1%82%d0%b5%d1%80-%d1%81%d1%82%d1%83%d0%b4%d0%b8%d1%98-%d1%80%d0%b5%d0%b7%d1%83%d0%bb%d1%82%d0%b0%d1%82%d0%b8-%d0%b8%d1%81%d0%bf%d0%b8%d1%82%d0%b0","status":"publish","type":"page","link":"https:\/\/novi.efb.ues.rs.ba\/lat\/%d0%bc%d0%b0%d1%81%d1%82%d0%b5%d1%80-%d1%81%d1%82%d1%83%d0%b4%d0%b8%d1%98-%d1%80%d0%b5%d0%b7%d1%83%d0%bb%d1%82%d0%b0%d1%82%d0%b8-%d0%b8%d1%81%d0%bf%d0%b8%d1%82%d0%b0\/","title":{"rendered":"\u041c\u0430\u0441\u0442\u0435\u0440 \u0421\u0442\u0443\u0434\u0438\u0458 \u0420\u0435\u0437\u0443\u043b\u0442\u0430\u0442\u0438 \u0418\u0441\u043f\u0438\u0442\u0430"},"content":{"rendered":"<div data-elementor-type=\"wp-page\" data-elementor-id=\"1755\" class=\"elementor elementor-1755\" data-elementor-post-type=\"page\">\n\t\t\t\t<div class=\"elementor-element elementor-element-ccae42f e-flex e-con-boxed e-con e-parent\" data-id=\"ccae42f\" data-element_type=\"container\">\n\t\t\t\t\t<div class=\"e-con-inner\">\n\t\t\t\t<div class=\"elementor-element elementor-element-751eb0b elementor-widget elementor-widget-heading\" data-id=\"751eb0b\" data-element_type=\"widget\" data-widget_type=\"heading.default\">\n\t\t\t\t<div class=\"elementor-widget-container\">\n\t\t\t<h2 class=\"elementor-heading-title elementor-size-default\">Rezultati ispita<\/h2>\t\t<\/div>\n\t\t\t\t<\/div>\n\t\t\t\t\t<\/div>\n\t\t\t\t<\/div>\n\t\t<div class=\"elementor-element elementor-element-5c51983 e-flex e-con-boxed e-con e-parent\" data-id=\"5c51983\" data-element_type=\"container\">\n\t\t\t\t\t<div class=\"e-con-inner\">\n\t\t\t\t<div class=\"elementor-element elementor-element-fb243be elementor-widget elementor-widget-shortcode\" data-id=\"fb243be\" data-element_type=\"widget\" data-widget_type=\"shortcode.default\">\n\t\t\t\t<div class=\"elementor-widget-container\">\n\t\t\t\t\t<div class=\"elementor-shortcode\"><div class=\"studij-podkategorija-lista\"><h3>2024<\/h3><div class=\"studij-item\"><div class=\"studij-datum\"><span class=\"datum-dan\">23.10<\/span><span class=\"datum-godina\">2024<\/span><\/div><div class=\"studij-naslov\"><a href=\"https:\/\/novi.efb.ues.rs.ba\/wp-content\/uploads\/2024\/11\/mnir-rez-23102024.pdf\" target=\"_blank\">METODOLOGIJA NAU\u010cNO-ISTRA\u017dIVA\u010cKOG RADA<\/a><\/div><\/div><div class=\"studij-item\"><div class=\"studij-datum\"><span class=\"datum-dan\">19.06<\/span><span class=\"datum-godina\">2024<\/span><\/div><div class=\"studij-naslov\"><a href=\"\/wp-content\/uploads\/2024\/10\/sur-rez-19062024.pdf\" target=\"_blank\">STRATEGIJSKO UPRAVLjA\u010cKO RA\u010cUNOVODSTVO<\/a><\/div><\/div><div class=\"studij-item\"><div class=\"studij-datum\"><span class=\"datum-dan\">18.06<\/span><span class=\"datum-godina\">2024<\/span><\/div><div class=\"studij-naslov\"><a href=\"\/wp-content\/uploads\/2024\/10\/uop-rez-18062024.pdf\" target=\"_blank\">UPRAVLjANjE ORGANIZACIONIM PROMJENAMA<\/a><\/div><\/div><div class=\"studij-item\"><div class=\"studij-datum\"><span class=\"datum-dan\">03.06<\/span><span class=\"datum-godina\">2024<\/span><\/div><div class=\"studij-naslov\"><a href=\"\/wp-content\/uploads\/2024\/10\/sur-rez-03062024-1.pdf\" target=\"_blank\">STRATEGIJSKO UPRAVLjA\u010cKO RA\u010cUNOVODSTVO<\/a><\/div><\/div><div class=\"studij-item\"><div class=\"studij-datum\"><span class=\"datum-dan\">20.05<\/span><span class=\"datum-godina\">2024<\/span><\/div><div class=\"studij-naslov\"><a href=\"\/wp-content\/uploads\/2024\/10\/SUR-I-kolokvijum-16.05.2024.pdf\" target=\"_blank\">STRATEGIJSKO UPRAVLjA\u010cKO RA\u010cUNOVODSTVO<\/a><\/div><\/div><div class=\"studij-item\"><div class=\"studij-datum\"><span class=\"datum-dan\">13.05<\/span><span class=\"datum-godina\">2024<\/span><\/div><div class=\"studij-naslov\"><a href=\"\/wp-content\/uploads\/2024\/10\/uop-rez-13052024.pdf\" target=\"_blank\">UPRAVLjANjE ORGANIZACIONIM PROMJENAMA<\/a><\/div><\/div><div class=\"studij-item\"><div class=\"studij-datum\"><span class=\"datum-dan\">26.02<\/span><span class=\"datum-godina\">2024<\/span><\/div><div class=\"studij-naslov\"><a href=\"\/wp-content\/uploads\/2024\/10\/bm-rez-26022024.pdf\" target=\"_blank\">BANKARSKI MENAD\u017dMENT<\/a><\/div><\/div><div class=\"studij-item\"><div class=\"studij-datum\"><span class=\"datum-dan\">20.02<\/span><span class=\"datum-godina\">2024<\/span><\/div><div class=\"studij-naslov\"><a href=\"\/wp-content\/uploads\/2024\/10\/mnir-rez-20022024.pdf\" target=\"_blank\">METODOLOGIJA NAU\u010cNO-ISTRA\u017dIVA\u010cKOG RADA<\/a><\/div><\/div><div class=\"studij-item\"><div class=\"studij-datum\"><span class=\"datum-dan\">17.02<\/span><span class=\"datum-godina\">2024<\/span><\/div><div class=\"studij-naslov\"><a href=\"\/wp-content\/uploads\/2024\/10\/smar-rez-17022024.pdf\" target=\"_blank\">STRATEGIJSKI MARKETING<\/a><\/div><\/div><div class=\"studij-item\"><div class=\"studij-datum\"><span class=\"datum-dan\">05.02<\/span><span class=\"datum-godina\">2024<\/span><\/div><div class=\"studij-naslov\"><a href=\"\/wp-content\/uploads\/2024\/10\/mnir-rez-05022024.pdf\" target=\"_blank\">METODOLOGIJA NAU\u010cNO-ISTRA\u017dIVA\u010cKOG RADA<\/a><\/div><\/div><div class=\"studij-item\"><div class=\"studij-datum\"><span class=\"datum-dan\">23.01<\/span><span class=\"datum-godina\">2024<\/span><\/div><div class=\"studij-naslov\"><a href=\"\/wp-content\/uploads\/2024\/10\/mnir-rez-23012024.pdf\" target=\"_blank\">METODOLOGIJA NAU\u010cNO-ISTRA\u017dIVA\u010cKOG RADA<\/a><\/div><\/div><h3>2023<\/h3><div class=\"studij-item\"><div class=\"studij-datum\"><span class=\"datum-dan\">20.12<\/span><span class=\"datum-godina\">2023<\/span><\/div><div class=\"studij-naslov\"><a href=\"\/wp-content\/uploads\/2024\/10\/mnir-rez-20122023.pdf\" target=\"_blank\">METODOLOGIJA NAU\u010cNO-ISTRA\u017dIVA\u010cKOG RADA<\/a><\/div><\/div><div class=\"studij-item\"><div class=\"studij-datum\"><span class=\"datum-dan\">18.10<\/span><span class=\"datum-godina\">2023<\/span><\/div><div class=\"studij-naslov\"><a href=\"\/wp-content\/uploads\/2024\/10\/bm-rez-18102023.pdf\" target=\"_blank\">BANKARSKI MENAD\u017dMENT<\/a><\/div><\/div><div class=\"studij-item\"><div class=\"studij-datum\"><span class=\"datum-dan\">03.10<\/span><span class=\"datum-godina\">2023<\/span><\/div><div class=\"studij-naslov\"><a href=\"\/wp-content\/uploads\/2024\/10\/bm-rez-03102023.pdf\" target=\"_blank\">BANKARSKI MENAD\u017dMENT<\/a><\/div><\/div><div class=\"studij-item\"><div class=\"studij-datum\"><span class=\"datum-dan\">03.10<\/span><span class=\"datum-godina\">2023<\/span><\/div><div class=\"studij-naslov\"><a href=\"\/wp-content\/uploads\/2024\/10\/mnir-rez-03102023.pdf\" target=\"_blank\">METODOLOGIJA NAU\u010cNO-ISTRA\u017dIVA\u010cKOG RADA<\/a><\/div><\/div><div class=\"studij-item\"><div class=\"studij-datum\"><span class=\"datum-dan\">04.09<\/span><span class=\"datum-godina\">2023<\/span><\/div><div class=\"studij-naslov\"><a href=\"\/wp-content\/uploads\/2024\/10\/bm-rez-ispita-04092023-mast.pdf\" target=\"_blank\">BANKARSKI MENAD\u017dMENT<\/a><\/div><\/div><div class=\"studij-item\"><div class=\"studij-datum\"><span class=\"datum-dan\">20.06<\/span><span class=\"datum-godina\">2023<\/span><\/div><div class=\"studij-naslov\"><a href=\"https:\/\/novi.efb.ues.rs.ba\/wp-content\/uploads\/2024\/10\/NRIS-REZ-20062023.pdf\" target=\"_blank\">NAPREDNI RA\u010cUNOVODSTVENI INFORMACIONI SISTEMI<\/a><\/div><\/div><div class=\"studij-item\"><div class=\"studij-datum\"><span class=\"datum-dan\">26.05<\/span><span class=\"datum-godina\">2023<\/span><\/div><div class=\"studij-naslov\"><a href=\"\/wp-content\/uploads\/2024\/10\/sur-master-rez-kolok-26052023.pdf\" target=\"_blank\">STRATEGIJSKO UPRAVLjA\u010cKO RA\u010cUNOVODSTVO<\/a><\/div><\/div><div class=\"studij-item\"><div class=\"studij-datum\"><span class=\"datum-dan\">12.05<\/span><span class=\"datum-godina\">2023<\/span><\/div><div class=\"studij-naslov\"><a href=\"\/wp-content\/uploads\/2024\/10\/sur-rez-kolok-12052023.pdf\" target=\"_blank\">STRATEGIJSKO UPRAVLjA\u010cKO RA\u010cUNOVODSTVO<\/a><\/div><\/div><div class=\"studij-item\"><div class=\"studij-datum\"><span class=\"datum-dan\">10.05<\/span><span class=\"datum-godina\">2023<\/span><\/div><div class=\"studij-naslov\"><a href=\"\/wp-content\/uploads\/2024\/10\/nris-rez-kolok-10052023.pdf\" target=\"_blank\">NAPREDNI RA\u010cUNOVODSTVENI INFORMACIONI SISTEMI<\/a><\/div><\/div><div class=\"studij-item\"><div class=\"studij-datum\"><span class=\"datum-dan\">18.04<\/span><span class=\"datum-godina\">2023<\/span><\/div><div class=\"studij-naslov\"><a href=\"\/wp-content\/uploads\/2024\/10\/bm-rez-ispita-18042023.pdf\" target=\"_blank\">BANKARSKI MENAD\u017dMENT<\/a><\/div><\/div><div class=\"studij-item\"><div class=\"studij-datum\"><span class=\"datum-dan\">27.02<\/span><span class=\"datum-godina\">2023<\/span><\/div><div class=\"studij-naslov\"><a href=\"\/wp-content\/uploads\/2024\/10\/nris-rez-ispita-27022023.pdf\" target=\"_blank\">NAPREDNI RA\u010cUNOVODSTVENI INFORMACIONI SISTEMI<\/a><\/div><\/div><div class=\"studij-item\"><div class=\"studij-datum\"><span class=\"datum-dan\">31.01<\/span><span class=\"datum-godina\">2023<\/span><\/div><div class=\"studij-naslov\"><a href=\"\/wp-content\/uploads\/2024\/10\/bm-rez-ispita-31012023.pdf\" target=\"_blank\">BANKARSKI MENAD\u017dMENT<\/a><\/div><\/div><div class=\"studij-item\"><div class=\"studij-datum\"><span class=\"datum-dan\">24.01<\/span><span class=\"datum-godina\">2023<\/span><\/div><div class=\"studij-naslov\"><a href=\"\/wp-content\/uploads\/2024\/10\/mnir-rez-ispit-240120232.pdf\" target=\"_blank\">METODOLOGIJA NAU\u010cNO-ISTRA\u017dIVA\u010cKOG RADA<\/a><\/div><\/div><h3>2022<\/h3><div class=\"studij-item\"><div class=\"studij-datum\"><span class=\"datum-dan\">21.12<\/span><span class=\"datum-godina\">2022<\/span><\/div><div class=\"studij-naslov\"><a href=\"\/wp-content\/uploads\/2024\/10\/mnir-rez-kolok-21122022.pdf\" target=\"_blank\">METODOLOGIJA NAU\u010cNO-ISTRA\u017dIVA\u010cKOG RADA<\/a><\/div><\/div><div class=\"studij-item\"><div class=\"studij-datum\"><span class=\"datum-dan\">01.12<\/span><span class=\"datum-godina\">2022<\/span><\/div><div class=\"studij-naslov\"><a href=\"\/wp-content\/uploads\/2024\/10\/Metodologija-naucnoistrazivackor-rada-rezultati-prvog-kolokvijuma_17.11.2021.pdf\" target=\"_blank\">METODOLOGIJA NAU\u010cNO-ISTRA\u017dIVA\u010cKOG RADA<\/a><\/div><\/div><div class=\"studij-item\"><div class=\"studij-datum\"><span class=\"datum-dan\">20.10<\/span><span class=\"datum-godina\">2022<\/span><\/div><div class=\"studij-naslov\"><a href=\"\/wp-content\/uploads\/2024\/10\/NRIS_14.10.2022._Rezultati.pdf\" target=\"_blank\">NAPREDNI RA\u010cUNOVODSTVENI INFORMACIONI SISTEMI<\/a><\/div><\/div><div class=\"studij-item\"><div class=\"studij-datum\"><span class=\"datum-dan\">01.07<\/span><span class=\"datum-godina\">2022<\/span><\/div><div class=\"studij-naslov\"><a href=\"\/wp-content\/uploads\/2024\/10\/NRIS_30.6.2022._Rezultati.pdf\" target=\"_blank\">NAPREDNI RA\u010cUNOVODSTVENI INFORMACIONI SISTEMI<\/a><\/div><\/div><div class=\"studij-item\"><div class=\"studij-datum\"><span class=\"datum-dan\">24.06<\/span><span class=\"datum-godina\">2022<\/span><\/div><div class=\"studij-naslov\"><a href=\"\/wp-content\/uploads\/2024\/10\/sur-master-0622.pdf\" target=\"_blank\">STRATEGIJSKO UPRAVLjA\u010cKO RA\u010cUNOVODSTVO<\/a><\/div><\/div><div class=\"studij-item\"><div class=\"studij-datum\"><span class=\"datum-dan\">13.05<\/span><span class=\"datum-godina\">2022<\/span><\/div><div class=\"studij-naslov\"><a href=\"\/wp-content\/uploads\/2024\/10\/NRIS_Rezultati-prvog-kolokvija_12.5.2022.pdf\" target=\"_blank\">NAPREDNI RA\u010cUNOVODSTVENI INFORMACIONI SISTEMI<\/a><\/div><\/div><div class=\"studij-item\"><div class=\"studij-datum\"><span class=\"datum-dan\">10.05<\/span><span class=\"datum-godina\">2022<\/span><\/div><div class=\"studij-naslov\"><a href=\"\/wp-content\/uploads\/2024\/10\/sur-05052022.pdf\" target=\"_blank\">STRATEGIJSKO UPRAVLjA\u010cKO RA\u010cUNOVODSTVO<\/a><\/div><\/div><div class=\"studij-item\"><div class=\"studij-datum\"><span class=\"datum-dan\">14.04<\/span><span class=\"datum-godina\">2022<\/span><\/div><div class=\"studij-naslov\"><a href=\"\/wp-content\/uploads\/2024\/10\/NRIS_12.4.2022._Rezultati.pdf\" target=\"_blank\">NAPREDNI RA\u010cUNOVODSTVENI INFORMACIONI SISTEMI<\/a><\/div><\/div><div class=\"studij-item\"><div class=\"studij-datum\"><span class=\"datum-dan\">11.04<\/span><span class=\"datum-godina\">2022<\/span><\/div><div class=\"studij-naslov\"><a href=\"\/wp-content\/uploads\/2024\/10\/sur-6.4.2022.pdf\" target=\"_blank\">STRATEGIJSKO UPRAVLjA\u010cKO RA\u010cUNOVODSTVO<\/a><\/div><\/div><div class=\"studij-item\"><div class=\"studij-datum\"><span class=\"datum-dan\">26.01<\/span><span class=\"datum-godina\">2022<\/span><\/div><div class=\"studij-naslov\"><a href=\"\/wp-content\/uploads\/2024\/10\/Metodologija-naucnoistrazivackor-rada-rezultati-ispita-26.1.2022.pdf\" target=\"_blank\">METODOLOGIJA NAU\u010cNO-ISTRA\u017dIVA\u010cKOG RADA<\/a><\/div><\/div><\/div>\n<\/div>\n\t\t\t\t<\/div>\n\t\t\t\t<\/div>\n\t\t\t\t\t<\/div>\n\t\t\t\t<\/div>\n\t\t\t\t<\/div>","protected":false},"excerpt":{"rendered":"<p>Rezultati ispita<\/p>","protected":false},"author":2,"featured_media":0,"parent":0,"menu_order":0,"comment_status":"closed","ping_status":"closed","template":"","meta":{"footnotes":""},"folder":[],"class_list":["post-1755","page","type-page","status-publish","hentry"],"_links":{"self":[{"href":"https:\/\/novi.efb.ues.rs.ba\/lat\/wp-json\/wp\/v2\/pages\/1755"}],"collection":[{"href":"https:\/\/novi.efb.ues.rs.ba\/lat\/wp-json\/wp\/v2\/pages"}],"about":[{"href":"https:\/\/novi.efb.ues.rs.ba\/lat\/wp-json\/wp\/v2\/types\/page"}],"author":[{"embeddable":true,"href":"https:\/\/novi.efb.ues.rs.ba\/lat\/wp-json\/wp\/v2\/users\/2"}],"replies":[{"embeddable":true,"href":"https:\/\/novi.efb.ues.rs.ba\/lat\/wp-json\/wp\/v2\/comments?post=1755"}],"version-history":[{"count":7,"href":"https:\/\/novi.efb.ues.rs.ba\/lat\/wp-json\/wp\/v2\/pages\/1755\/revisions"}],"predecessor-version":[{"id":3332,"href":"https:\/\/novi.efb.ues.rs.ba\/lat\/wp-json\/wp\/v2\/pages\/1755\/revisions\/3332"}],"wp:attachment":[{"href":"https:\/\/novi.efb.ues.rs.ba\/lat\/wp-json\/wp\/v2\/media?parent=1755"}],"wp:term":[{"taxonomy":"folder","embeddable":true,"href":"https:\/\/novi.efb.ues.rs.ba\/lat\/wp-json\/wp\/v2\/folder?post=1755"}],"curies":[{"name":"wp","href":"https:\/\/api.w.org\/{rel}","templated":true}]}}