


{"id":1776,"date":"2024-10-04T09:43:26","date_gmt":"2024-10-04T09:43:26","guid":{"rendered":"https:\/\/fakultet.kremicalex.com\/?page_id=1776"},"modified":"2024-10-30T19:25:54","modified_gmt":"2024-10-30T19:25:54","slug":"%d0%bf%d0%be%d1%81%d1%82%d0%b4%d0%b8%d0%bf%d0%bb%d0%be%d0%bc%d1%81%d0%ba%d0%b8-%d1%81%d1%82%d1%83%d0%b4%d0%b8%d1%98-%d0%be%d0%b1%d0%b0%d0%b2%d1%98%d0%b5%d1%88%d1%82%d0%b5%d1%9a%d0%b0","status":"publish","type":"page","link":"https:\/\/novi.efb.ues.rs.ba\/lat\/%d0%bf%d0%be%d1%81%d1%82%d0%b4%d0%b8%d0%bf%d0%bb%d0%be%d0%bc%d1%81%d0%ba%d0%b8-%d1%81%d1%82%d1%83%d0%b4%d0%b8%d1%98-%d0%be%d0%b1%d0%b0%d0%b2%d1%98%d0%b5%d1%88%d1%82%d0%b5%d1%9a%d0%b0\/","title":{"rendered":"\u041f\u043e\u0441\u0442\u0434\u0438\u043f\u043b\u043e\u043c\u0441\u043a\u0438 \u0421\u0442\u0443\u0434\u0438\u0458 \u041e\u0431\u0430\u0432\u0458\u0435\u0448\u0442\u0435\u045a\u0430"},"content":{"rendered":"<div data-elementor-type=\"wp-page\" data-elementor-id=\"1776\" class=\"elementor elementor-1776\" data-elementor-post-type=\"page\">\n\t\t\t\t<div class=\"elementor-element elementor-element-0594c9a e-flex e-con-boxed e-con e-parent\" data-id=\"0594c9a\" data-element_type=\"container\">\n\t\t\t\t\t<div class=\"e-con-inner\">\n\t\t\t\t<div class=\"elementor-element elementor-element-4f96553 elementor-widget elementor-widget-heading\" data-id=\"4f96553\" data-element_type=\"widget\" data-widget_type=\"heading.default\">\n\t\t\t\t<div class=\"elementor-widget-container\">\n\t\t\t<h2 class=\"elementor-heading-title elementor-size-default\">Obavje\u0161tenja<\/h2>\t\t<\/div>\n\t\t\t\t<\/div>\n\t\t\t\t\t<\/div>\n\t\t\t\t<\/div>\n\t\t<div class=\"elementor-element elementor-element-5c51983 e-flex e-con-boxed e-con e-parent\" data-id=\"5c51983\" data-element_type=\"container\">\n\t\t\t\t\t<div class=\"e-con-inner\">\n\t\t\t\t<div class=\"elementor-element elementor-element-fb243be elementor-widget elementor-widget-shortcode\" data-id=\"fb243be\" data-element_type=\"widget\" data-widget_type=\"shortcode.default\">\n\t\t\t\t<div class=\"elementor-widget-container\">\n\t\t\t\t\t<div class=\"elementor-shortcode\"><div class=\"studij-podkategorija-lista\"><h3>2022<\/h3><div class=\"studij-item\"><div class=\"studij-datum\"><span class=\"datum-dan\">12.09<\/span><span class=\"datum-godina\">2022<\/span><\/div><div class=\"studij-naslov\"><a href=\"https:\/\/www.efb.ues.rs.ba\/cir\/\" target=\"_blank\">Zakazuje se javna odbrana doktorske disertacije kandidata: Mr Amre Abad\u017ei\u0107, pod nazivom \u201eUticaj kompetencija menad\u017ementa na strate\u0161ko upravljanje lokalnim razvojem u Bosni i Hercegovini\u201c. Javna odbrana \u0107e se odr\u017eati dana 30.09.2022. godine u 12 \u010dasova u Sali za sjednice Ekonomskog fakulteta Br\u010dko, na adresi Studentska 11, Br\u010dko distrikt.<\/a><\/div><\/div><div class=\"studij-item\"><div class=\"studij-datum\"><span class=\"datum-dan\">12.09<\/span><span class=\"datum-godina\">2022<\/span><\/div><div class=\"studij-naslov\"><a href=\"https:\/\/www.efb.ues.rs.ba\/cir\/\" target=\"_blank\">Zakazuje se javna odbrana doktorske disertacije kandidata: Mr Azira Osmanovi\u0107, pod nazivom \u201eUticaj kreativnog ra\u010dunovodstva na finansijske izvje\u0161taje u Bosni i Hercegovini\u201c. Javna odbrana \u0107e se odr\u017eati dana 30.09. 2022. godine u 15 \u010dasova u Sali za sjednice Ekonomskog fakulteta Br\u010dko, na adresi Studentska 11, Br\u010dko distrikt.<\/a><\/div><\/div><div class=\"studij-item\"><div class=\"studij-datum\"><span class=\"datum-dan\">12.09<\/span><span class=\"datum-godina\">2022<\/span><\/div><div class=\"studij-naslov\"><a href=\"https:\/\/www.efb.ues.rs.ba\/cir\/\" target=\"_blank\">Zakazuje se javna odbrana doktorske disertacije kandidata: Mr Sini\u0161e Bo\u017ei\u010dkovi\u0107a, pod nazivom \u201eEfekti konvergencijske strategije ciljanog intervencionizma zasnovanog na komparativnim prednostima Republike Srpske\u201c Javna odbrana \u0107e se odr\u017eati dana 29.09.2022. godine u 12 \u010dasova u Sali za sjednice Ekonomskog fakulteta Br\u010dko, na adresi Studentska 11, Br\u010dko distrikt.<\/a><\/div><\/div><\/div>\n<\/div>\n\t\t\t\t<\/div>\n\t\t\t\t<\/div>\n\t\t\t\t\t<\/div>\n\t\t\t\t<\/div>\n\t\t\t\t<\/div>","protected":false},"excerpt":{"rendered":"<p>Obavje\u0161tenja<\/p>","protected":false},"author":2,"featured_media":0,"parent":0,"menu_order":0,"comment_status":"closed","ping_status":"closed","template":"","meta":{"footnotes":""},"folder":[],"class_list":["post-1776","page","type-page","status-publish","hentry"],"_links":{"self":[{"href":"https:\/\/novi.efb.ues.rs.ba\/lat\/wp-json\/wp\/v2\/pages\/1776"}],"collection":[{"href":"https:\/\/novi.efb.ues.rs.ba\/lat\/wp-json\/wp\/v2\/pages"}],"about":[{"href":"https:\/\/novi.efb.ues.rs.ba\/lat\/wp-json\/wp\/v2\/types\/page"}],"author":[{"embeddable":true,"href":"https:\/\/novi.efb.ues.rs.ba\/lat\/wp-json\/wp\/v2\/users\/2"}],"replies":[{"embeddable":true,"href":"https:\/\/novi.efb.ues.rs.ba\/lat\/wp-json\/wp\/v2\/comments?post=1776"}],"version-history":[{"count":10,"href":"https:\/\/novi.efb.ues.rs.ba\/lat\/wp-json\/wp\/v2\/pages\/1776\/revisions"}],"predecessor-version":[{"id":3341,"href":"https:\/\/novi.efb.ues.rs.ba\/lat\/wp-json\/wp\/v2\/pages\/1776\/revisions\/3341"}],"wp:attachment":[{"href":"https:\/\/novi.efb.ues.rs.ba\/lat\/wp-json\/wp\/v2\/media?parent=1776"}],"wp:term":[{"taxonomy":"folder","embeddable":true,"href":"https:\/\/novi.efb.ues.rs.ba\/lat\/wp-json\/wp\/v2\/folder?post=1776"}],"curies":[{"name":"wp","href":"https:\/\/api.w.org\/{rel}","templated":true}]}}