


{"id":2511,"date":"2024-10-15T13:02:44","date_gmt":"2024-10-15T13:02:44","guid":{"rendered":"https:\/\/fakultet.kremicalex.com\/?page_id=2511"},"modified":"2024-12-16T14:11:56","modified_gmt":"2024-12-16T14:11:56","slug":"%d1%81%d1%82%d1%83%d0%b4%d0%b5%d0%bd%d1%81%d0%ba%d0%b5-%d1%81%d0%bb%d1%83%d0%b6%d0%b1%d0%b5","status":"publish","type":"page","link":"https:\/\/novi.efb.ues.rs.ba\/lat\/%d1%81%d1%82%d1%83%d0%b4%d0%b5%d0%bd%d1%81%d0%ba%d0%b5-%d1%81%d0%bb%d1%83%d0%b6%d0%b1%d0%b5\/","title":{"rendered":"Studentska Slu\u017eba"},"content":{"rendered":"<div data-elementor-type=\"wp-page\" data-elementor-id=\"2511\" class=\"elementor elementor-2511\" data-elementor-post-type=\"page\">\n\t\t\t\t<div class=\"elementor-element elementor-element-0583860 e-flex e-con-boxed e-con e-parent\" data-id=\"0583860\" data-element_type=\"container\">\n\t\t\t\t\t<div class=\"e-con-inner\">\n\t\t\t\t<div class=\"elementor-element elementor-element-8889987 elementor-widget elementor-widget-heading\" data-id=\"8889987\" data-element_type=\"widget\" data-widget_type=\"heading.default\">\n\t\t\t\t<div class=\"elementor-widget-container\">\n\t\t\t<h2 class=\"elementor-heading-title elementor-size-default\">Studentska Slu\u017eba<\/h2>\t\t<\/div>\n\t\t\t\t<\/div>\n\t\t\t\t<div class=\"elementor-element elementor-element-350531f elementor-widget elementor-widget-text-editor\" data-id=\"350531f\" data-element_type=\"widget\" data-widget_type=\"text-editor.default\">\n\t\t\t\t<div class=\"elementor-widget-container\">\n\t\t\t\t\t\t\t<p>Studentska slu\u017eba obavlja evidenciju kandidata za upis na Fakultet (osnovne  studije i master studije), evidenciju ispita studenata, izdavanje raznih uvjerenja i potvrda i druge poslove vezane za studente.<\/p><p>Studentsku slu\u017ebu vode: Aleksandra Tomi\u0107 i Ljubi\u0161a Miji\u0107 (stru\u010dni saradnici za studentska pitanja I i II ciklusa studija).<\/p><p>Studentska slu\u017eba Fakulteta smje\u0161tena je u prizemlju zgrade u kabinetima 3 i 4.<\/p><p>Radno vrijeme Studentske slu\u017ebe za studente je od 10 do 13 \u010dasova.<\/p>\t\t\t\t\t\t<\/div>\n\t\t\t\t<\/div>\n\t\t\t\t<div class=\"elementor-element elementor-element-f85e85e elementor-widget elementor-widget-text-editor\" data-id=\"f85e85e\" data-element_type=\"widget\" data-widget_type=\"text-editor.default\">\n\t\t\t\t<div class=\"elementor-widget-container\">\n\t\t\t\t\t\t\t<p><span style=\"color: #000000;\">\u041a\u043e\u043d\u0442\u0430\u043a\u0442:<\/span><\/p><p><span style=\"color: #000000;\"><strong>Aleksandra Tomi\u0107 <\/strong>049\/ 234-921\u00a0\u00a0 <a style=\"color: #000000;\" href=\"mailto:studentska.efb@gmail.com\"><strong>studentska.efb@gmail.com<\/strong><\/a>\u00a0 (prvi ciklus)<\/span><\/p><p><span style=\"color: #000000;\"><strong>Ljubi\u0161a Miji\u0107 <\/strong>049\/ 234-920\u00a0\u00a0 <strong><a style=\"color: #000000;\" href=\"mailto:sekretarijat.efbrcko@gmail.com\">studentska.efb@gmail.com<\/a><\/strong> (drugi ciklus)<\/span><\/p>\t\t\t\t\t\t<\/div>\n\t\t\t\t<\/div>\n\t\t\t\t\t<\/div>\n\t\t\t\t<\/div>\n\t\t\t\t<\/div>","protected":false},"excerpt":{"rendered":"<p>\u0421\u0442\u0443\u0434\u0435\u043d\u0442\u0441\u043a\u0430 \u0441\u043b\u0443\u0436\u0431\u0430 \u043e\u0431\u0430\u0432\u0459\u0430 \u0435\u0432\u0438\u0434\u0435\u043d\u0446\u0438\u0458\u0443 \u043a\u0430\u043d\u0434\u0438\u0434\u0430\u0442\u0430 \u0437\u0430 \u0443\u043f\u0438\u0441 \u043d\u0430 \u0424\u0430\u043a\u0443\u043b\u0442\u0435\u0442 (\u043e\u0441\u043d\u043e\u0432\u043d\u0435 \u00a0\u0441\u0442\u0443\u0434\u0438\u0458\u0435 \u0438 \u043c\u0430\u0441\u0442\u0435\u0440 \u0441\u0442\u0443\u0434\u0438\u0458\u0435), \u0435\u0432\u0438\u0434\u0435\u043d\u0446\u0438\u0458\u0443 \u0438\u0441\u043f\u0438\u0442\u0430 \u0441\u0442\u0443\u0434\u0435\u043d\u0430\u0442\u0430, \u0438\u0437\u0434\u0430\u0432\u0430\u045a\u0435 \u0440\u0430\u0437\u043d\u0438\u0445 \u0443\u0432\u0458\u0435\u0440\u0435\u045a\u0430 \u0438 \u043f\u043e\u0442\u0432\u0440\u0434\u0430 \u0438 \u0434\u0440\u0443\u0433\u0435 \u043f\u043e\u0441\u043b\u043e\u0432\u0435 \u0432\u0435\u0437\u0430\u043d\u0435 \u0437\u0430 \u0441\u0442\u0443\u0434\u0435\u043d\u0442\u0435. \u0421\u0442\u0443\u0434\u0435\u043d\u0442\u0441\u043a\u0443 \u0441\u043b\u0443\u0436\u0431\u0443 \u0432\u043e\u0434\u0435: \u0410\u043b\u0435\u043a\u0441\u0430\u043d\u0434\u0440\u0430 \u0422\u043e\u043c\u0438\u045b \u0438 \u0409\u0443\u0431\u0438\u0448\u0430 \u041c\u0438\u0458\u0438\u045b (\u0441\u0442\u0440\u0443\u0447\u043d\u0438 \u0441\u0430\u0440\u0430\u0434\u043d\u0438\u0446\u0438 \u0437\u0430 \u0441\u0442\u0443\u0434\u0435\u043d\u0442\u0441\u043a\u0430 \u043f\u0438\u0442\u0430\u045a\u0430 I \u0438 II \u0446\u0438\u043a\u043b\u0443\u0441\u0430 \u0441\u0442\u0443\u0434\u0438\u0458\u0430). \u0421\u0442\u0443\u0434\u0435\u043d\u0442\u0441\u043a\u0430 \u0441\u043b\u0443\u0436\u0431\u0430 \u0424\u0430\u043a\u0443\u043b\u0442\u0435\u0442\u0430 \u0441\u043c\u0458\u0435\u0448\u0442\u0435\u043d\u0430 \u0458\u0435 \u0443 \u043f\u0440\u0438\u0437\u0435\u043c\u0459\u0443 \u0437\u0433\u0440\u0430\u0434\u0435 \u0443 [&hellip;]<\/p>","protected":false},"author":2,"featured_media":0,"parent":0,"menu_order":0,"comment_status":"closed","ping_status":"closed","template":"","meta":{"footnotes":""},"folder":[],"class_list":["post-2511","page","type-page","status-publish","hentry"],"_links":{"self":[{"href":"https:\/\/novi.efb.ues.rs.ba\/lat\/wp-json\/wp\/v2\/pages\/2511"}],"collection":[{"href":"https:\/\/novi.efb.ues.rs.ba\/lat\/wp-json\/wp\/v2\/pages"}],"about":[{"href":"https:\/\/novi.efb.ues.rs.ba\/lat\/wp-json\/wp\/v2\/types\/page"}],"author":[{"embeddable":true,"href":"https:\/\/novi.efb.ues.rs.ba\/lat\/wp-json\/wp\/v2\/users\/2"}],"replies":[{"embeddable":true,"href":"https:\/\/novi.efb.ues.rs.ba\/lat\/wp-json\/wp\/v2\/comments?post=2511"}],"version-history":[{"count":23,"href":"https:\/\/novi.efb.ues.rs.ba\/lat\/wp-json\/wp\/v2\/pages\/2511\/revisions"}],"predecessor-version":[{"id":4761,"href":"https:\/\/novi.efb.ues.rs.ba\/lat\/wp-json\/wp\/v2\/pages\/2511\/revisions\/4761"}],"wp:attachment":[{"href":"https:\/\/novi.efb.ues.rs.ba\/lat\/wp-json\/wp\/v2\/media?parent=2511"}],"wp:term":[{"taxonomy":"folder","embeddable":true,"href":"https:\/\/novi.efb.ues.rs.ba\/lat\/wp-json\/wp\/v2\/folder?post=2511"}],"curies":[{"name":"wp","href":"https:\/\/api.w.org\/{rel}","templated":true}]}}