


{"id":2514,"date":"2024-10-15T13:03:27","date_gmt":"2024-10-15T13:03:27","guid":{"rendered":"https:\/\/fakultet.kremicalex.com\/?page_id=2514"},"modified":"2024-12-13T07:53:19","modified_gmt":"2024-12-13T07:53:19","slug":"%d0%b1%d0%b8%d0%b1%d0%bb%d0%b8%d0%be%d1%82%d0%b5%d0%ba%d0%b0","status":"publish","type":"page","link":"https:\/\/novi.efb.ues.rs.ba\/lat\/%d0%b1%d0%b8%d0%b1%d0%bb%d0%b8%d0%be%d1%82%d0%b5%d0%ba%d0%b0\/","title":{"rendered":"Biblioteka"},"content":{"rendered":"<div data-elementor-type=\"wp-page\" data-elementor-id=\"2514\" class=\"elementor elementor-2514\" data-elementor-post-type=\"page\">\n\t\t\t\t<div class=\"elementor-element elementor-element-51db2f7 e-flex e-con-boxed e-con e-parent\" data-id=\"51db2f7\" data-element_type=\"container\">\n\t\t\t\t\t<div class=\"e-con-inner\">\n\t\t\t\t<div class=\"elementor-element elementor-element-477b49f elementor-widget elementor-widget-heading\" data-id=\"477b49f\" data-element_type=\"widget\" data-widget_type=\"heading.default\">\n\t\t\t\t<div class=\"elementor-widget-container\">\n\t\t\t<h2 class=\"elementor-heading-title elementor-size-default\">Biblioteka<\/h2>\t\t<\/div>\n\t\t\t\t<\/div>\n\t\t\t\t\t<\/div>\n\t\t\t\t<\/div>\n\t\t<div class=\"elementor-element elementor-element-fed9500 e-flex e-con-boxed e-con e-parent\" data-id=\"fed9500\" data-element_type=\"container\">\n\t\t\t\t\t<div class=\"e-con-inner\">\n\t\t\t\t<div class=\"elementor-element elementor-element-ab4c7f4 elementor-widget elementor-widget-text-editor\" data-id=\"ab4c7f4\" data-element_type=\"widget\" data-widget_type=\"text-editor.default\">\n\t\t\t\t<div class=\"elementor-widget-container\">\n\t\t\t\t\t\t\t<p>Biblioteka Ekonomskog fakulteta u Br\u010dkom osnovana je 1976. godine na temeljima biblioteke Vi\u0161e ekonomsko\u2013komercijalne \u0161kole. Namijenjena je potrebama obrazovnog i nau\u010dnog rada.<br \/>Pored knjiga iz razli\u010ditih stru\u010dnih oblasti koje se izu\u010davaju na Fakultetu, biblioteka u svom bibliote\u010dkom fondu posjeduje: doktorske disertacije, magistarske, master i diplomske radove, kao i serijske publikacije (\u010dasopisi, zbornici, godi\u0161njaci). Dio publikacija je na stranom jeziku. Slobodan je pristup policama gdje su smje\u0161tene knjige i ostala bibliote\u010dka gra\u0111a. Biblioteka ima razvijenu me\u0111ubibliote\u010dku razmjenu publikacija sa srodnim fakultetima u zemlji i inostranstvu.<br \/>Zaposlen je jedan bibliotekar. U sklopu biblioteke nalazi se \u010ditaonica sa 35 \u010ditaoni\u010dkih mjesta, u kojoj je ra\u010dunar sa pristupom Internetu. Dio bibliote\u010dke gra\u0111e se mo\u017ee posu\u0111ivati studentima na\u0161eg Fakulteta na par dana uz prilo\u017een indeks ili li\u010dnu kartu.<\/p><p><br \/>Biblioteka EFB je 2019. godine dobila novi program za bibliote\u010dko poslovanje pod nazivom COBISS, i u dole navedenom linku mogu se pretra\u017eivati (po autoru, nazivu djela ili klju\u010dnoj rije\u010di) monografske publikacije koje su do sada unesene u elektronsku bazu.<\/p>\t\t\t\t\t\t<\/div>\n\t\t\t\t<\/div>\n\t\t\t\t<div class=\"elementor-element elementor-element-aef2cea elementor-widget elementor-widget-image\" data-id=\"aef2cea\" data-element_type=\"widget\" data-widget_type=\"image.default\">\n\t\t\t\t<div class=\"elementor-widget-container\">\n\t\t\t\t\t\t\t\t\t\t\t\t\t\t<a href=\"https:\/\/rs.cobiss.net\/\" target=\"_blank\" rel=\"nofollow\">\n\t\t\t\t\t\t\t<img decoding=\"async\" width=\"150\" height=\"50\" src=\"https:\/\/novi.efb.ues.rs.ba\/wp-content\/uploads\/2024\/10\/cobiss.webp\" class=\"attachment-large size-large wp-image-2958\" alt=\"\" \/>\t\t\t\t\t\t\t\t<\/a>\n\t\t\t\t\t\t\t\t\t\t\t\t\t<\/div>\n\t\t\t\t<\/div>\n\t\t\t\t<div class=\"elementor-element elementor-element-50885a5 elementor-widget elementor-widget-text-editor\" data-id=\"50885a5\" data-element_type=\"widget\" data-widget_type=\"text-editor.default\">\n\t\t\t\t<div class=\"elementor-widget-container\">\n\t\t\t\t\t\t\t<p><strong>Arhiva<\/strong><\/p><p><br \/>Do maja 2016. godine, biblioteka EFB koristila je WINISS\u2013Biblio program za bibliote\u010dko poslovanje, i kompletan bibliote\u010dki fond je evidentiran i obra\u0111en.  Lista naslova serijskih i monografskih publikacija je objedinjena u PDF dokumentu i mo\u017ee se preuzeti na ovoj stranici. Pretra\u017eivanje tra\u017eene literature se obavlja pomo\u0107u klasi\u010dne Search\/Find opcije u programu za prikaz PDF dokumenata, unose\u0107i naziv knjige\/\u010dasopisa ili naziva autora ili predmetne odrednice (predmet ili tema publikacije). Zbog \u010dinjenice da su podaci, u bazu podataka, uno\u0161eni latini\u010dnim ili \u0107irili\u010dnim pismom, predla\u017eemo da pretra\u017eivanje obavite na oba pisma.<\/p><p>\u00a0<\/p><p>Biblioteka EFB je 2019. godine dobila novi program za bibliote\u010dko poslovanje pod nazivom COBISS, i u dole navedenom linku mogu se pretra\u017eivati (po autoru, nazivu djela ili klju\u010dnoj rije\u010di) monografske publikacije koje su do sada unesene u elektronsku bazu.<\/p>\t\t\t\t\t\t<\/div>\n\t\t\t\t<\/div>\n\t\t\t\t<div class=\"elementor-element elementor-element-30042cf elementor-widget elementor-widget-text-editor\" data-id=\"30042cf\" data-element_type=\"widget\" data-widget_type=\"text-editor.default\">\n\t\t\t\t<div class=\"elementor-widget-container\">\n\t\t\t\t\t\t\t<p><span style=\"color: #000000;\"><a style=\"color: #000000;\" href=\"http:\/\/fakultet.kremicalex.com\/wp-content\/uploads\/2024\/10\/Bibliotecka-gradja-EFBrcko-sve-publikacije.pdf\">Bibliote\u010dka gra\u0111a Ekonomskog fakulteta Br\u010dko<\/a><\/span><\/p>\t\t\t\t\t\t<\/div>\n\t\t\t\t<\/div>\n\t\t\t\t<div class=\"elementor-element elementor-element-991f6fd elementor-widget elementor-widget-text-editor\" data-id=\"991f6fd\" data-element_type=\"widget\" data-widget_type=\"text-editor.default\">\n\t\t\t\t<div class=\"elementor-widget-container\">\n\t\t\t\t\t\t\t<p>Rad sa korisnicima:<br>\n<br>(ponedjeljak \u2013 petak) 7:00 \u2013 15:00 \u010dasova<\/p>\t\t\t\t\t\t<\/div>\n\t\t\t\t<\/div>\n\t\t\t\t\t<\/div>\n\t\t\t\t<\/div>\n\t\t\t\t<\/div>","protected":false},"excerpt":{"rendered":"<p>\u0411\u0438\u0431\u043b\u0438\u043e\u0442\u0435\u043a\u0430 \u0415\u043a\u043e\u043d\u043e\u043c\u0441\u043a\u043e\u0433 \u0444\u0430\u043a\u0443\u043b\u0442\u0435\u0442\u0430 \u0443 \u0411\u0440\u0447\u043a\u043e\u043c \u043e\u0441\u043d\u043e\u0432\u0430\u043d\u0430 \u0458\u0435 1976. \u0433\u043e\u0434\u0438\u043d\u0435 \u043d\u0430 \u0442\u0435\u043c\u0435\u0459\u0438\u043c\u0430 \u0431\u0438\u0431\u043b\u0438\u043e\u0442\u0435\u043a\u0435 \u0412\u0438\u0448\u0435 \u0435\u043a\u043e\u043d\u043e\u043c\u0441\u043a\u043e\u2013\u043a\u043e\u043c\u0435\u0440\u0446\u0438\u0458\u0430\u043b\u043d\u0435 \u0448\u043a\u043e\u043b\u0435. \u041d\u0430\u043c\u0438\u0458\u0435\u045a\u0435\u043d\u0430 \u0458\u0435 \u043f\u043e\u0442\u0440\u0435\u0431\u0430\u043c\u0430 \u043e\u0431\u0440\u0430\u0437\u043e\u0432\u043d\u043e\u0433 \u0438 \u043d\u0430\u0443\u0447\u043d\u043e\u0433 \u0440\u0430\u0434\u0430.\u041f\u043e\u0440\u0435\u0434 \u043a\u045a\u0438\u0433\u0430 \u0438\u0437 \u0440\u0430\u0437\u043b\u0438\u0447\u0438\u0442\u0438\u0445 \u0441\u0442\u0440\u0443\u0447\u043d\u0438\u0445 \u043e\u0431\u043b\u0430\u0441\u0442\u0438 \u043a\u043e\u0458\u0435 \u0441\u0435 \u0438\u0437\u0443\u0447\u0430\u0432\u0430\u0458\u0443 \u043d\u0430 \u0424\u0430\u043a\u0443\u043b\u0442\u0435\u0442\u0443, \u0431\u0438\u0431\u043b\u0438\u043e\u0442\u0435\u043a\u0430 \u0443 \u0441\u0432\u043e\u043c \u0431\u0438\u0431\u043b\u0438\u043e\u0442\u0435\u0447\u043a\u043e\u043c \u0444\u043e\u043d\u0434\u0443 \u043f\u043e\u0441\u0458\u0435\u0434\u0443\u0458\u0435: \u0434\u043e\u043a\u0442\u043e\u0440\u0441\u043a\u0435 \u0434\u0438\u0441\u0435\u0440\u0442\u0430\u0446\u0438\u0458\u0435, \u043c\u0430\u0433\u0438\u0441\u0442\u0430\u0440\u0441\u043a\u0435, \u043c\u0430\u0441\u0442\u0435\u0440 \u0438 \u0434\u0438\u043f\u043b\u043e\u043c\u0441\u043a\u0435 \u0440\u0430\u0434\u043e\u0432\u0435, \u043a\u0430\u043e \u0438 \u0441\u0435\u0440\u0438\u0458\u0441\u043a\u0435 \u043f\u0443\u0431\u043b\u0438\u043a\u0430\u0446\u0438\u0458\u0435 (\u0447\u0430\u0441\u043e\u043f\u0438\u0441\u0438, \u0437\u0431\u043e\u0440\u043d\u0438\u0446\u0438, \u0433\u043e\u0434\u0438\u0448\u045a\u0430\u0446\u0438). \u0414\u0438\u043e \u043f\u0443\u0431\u043b\u0438\u043a\u0430\u0446\u0438\u0458\u0430 \u0458\u0435 [&hellip;]<\/p>","protected":false},"author":2,"featured_media":0,"parent":0,"menu_order":0,"comment_status":"closed","ping_status":"closed","template":"","meta":{"footnotes":""},"folder":[],"class_list":["post-2514","page","type-page","status-publish","hentry"],"_links":{"self":[{"href":"https:\/\/novi.efb.ues.rs.ba\/lat\/wp-json\/wp\/v2\/pages\/2514"}],"collection":[{"href":"https:\/\/novi.efb.ues.rs.ba\/lat\/wp-json\/wp\/v2\/pages"}],"about":[{"href":"https:\/\/novi.efb.ues.rs.ba\/lat\/wp-json\/wp\/v2\/types\/page"}],"author":[{"embeddable":true,"href":"https:\/\/novi.efb.ues.rs.ba\/lat\/wp-json\/wp\/v2\/users\/2"}],"replies":[{"embeddable":true,"href":"https:\/\/novi.efb.ues.rs.ba\/lat\/wp-json\/wp\/v2\/comments?post=2514"}],"version-history":[{"count":8,"href":"https:\/\/novi.efb.ues.rs.ba\/lat\/wp-json\/wp\/v2\/pages\/2514\/revisions"}],"predecessor-version":[{"id":4725,"href":"https:\/\/novi.efb.ues.rs.ba\/lat\/wp-json\/wp\/v2\/pages\/2514\/revisions\/4725"}],"wp:attachment":[{"href":"https:\/\/novi.efb.ues.rs.ba\/lat\/wp-json\/wp\/v2\/media?parent=2514"}],"wp:term":[{"taxonomy":"folder","embeddable":true,"href":"https:\/\/novi.efb.ues.rs.ba\/lat\/wp-json\/wp\/v2\/folder?post=2514"}],"curies":[{"name":"wp","href":"https:\/\/api.w.org\/{rel}","templated":true}]}}