


{"id":2524,"date":"2024-10-15T18:29:17","date_gmt":"2024-10-15T18:29:17","guid":{"rendered":"https:\/\/fakultet.kremicalex.com\/?page_id=2524"},"modified":"2024-10-16T09:24:15","modified_gmt":"2024-10-16T09:24:15","slug":"%d0%be%d0%b3%d0%bb%d0%b0%d1%81%d0%b8-%d1%81%d1%82%d0%b8%d0%bf%d0%b5%d0%bd%d0%b4%d0%b8%d1%98%d0%b5-%d0%b8-%d0%ba%d0%be%d0%bd%d0%ba%d1%83%d1%80%d1%81%d0%b8","status":"publish","type":"page","link":"https:\/\/novi.efb.ues.rs.ba\/lat\/%d0%be%d0%b3%d0%bb%d0%b0%d1%81%d0%b8-%d1%81%d1%82%d0%b8%d0%bf%d0%b5%d0%bd%d0%b4%d0%b8%d1%98%d0%b5-%d0%b8-%d0%ba%d0%be%d0%bd%d0%ba%d1%83%d1%80%d1%81%d0%b8\/","title":{"rendered":"\u041e\u0433\u043b\u0430\u0441\u0438 \u0421\u0442\u0438\u043f\u0435\u043d\u0434\u0438\u0458\u0435 \u0438 \u043a\u043e\u043d\u043a\u0443\u0440\u0441\u0438"},"content":{"rendered":"<div data-elementor-type=\"wp-page\" data-elementor-id=\"2524\" class=\"elementor elementor-2524\" data-elementor-post-type=\"page\">\n\t\t\t\t<div class=\"elementor-element elementor-element-16aa33a e-flex e-con-boxed e-con e-parent\" data-id=\"16aa33a\" data-element_type=\"container\">\n\t\t\t\t\t<div class=\"e-con-inner\">\n\t\t\t\t<div class=\"elementor-element elementor-element-7b59fdb elementor-widget elementor-widget-shortcode\" data-id=\"7b59fdb\" data-element_type=\"widget\" data-widget_type=\"shortcode.default\">\n\t\t\t\t<div class=\"elementor-widget-container\">\n\t\t\t\t\t<div class=\"elementor-shortcode\"><div class=\"studij-podkategorija-lista\"><h3>2024<\/h3><div class=\"studij-item\"><div class=\"studij-naslov\"><span class=\"sadrzaj\"><a href=\"\/wp-content\/uploads\/2024\/10\/MI-BOSPO-2024-OGLAS.pdf\">Mi BOSPO - OGLAS<\/a><\/span><\/div><\/div><div class=\"studij-item\"><div class=\"studij-naslov\"><span class=\"sadrzaj\"><a href=\"http:\/\/fakultet.kremicalex.com\/wp-content\/uploads\/2024\/10\/HUA-poziv-2024.zip\">Humanity in Action - Poziv<\/a><\/span><\/div><\/div><div class=\"studij-item\"><div class=\"studij-naslov\"><span class=\"sadrzaj\"><a class=\"text_lijevo\" href=\"http:\/\/fakultet.kremicalex.com\/wp-content\/uploads\/2024\/10\/NATO-studentski-izazov-Zapadni-Balkan.pdf\">NATO - Poziv<\/a><\/span><\/div><\/div><div class=\"studij-item\"><div class=\"studij-naslov\"><span class=\"sadrzaj\"><a href=\"\/wp-content\/uploads\/2024\/10\/Best-of-South-East-Scholarship-Call-open-for-academic-year-20252026.pdf\">Best of South-East Scholarship - Call open for academic year 2025\/2026<\/a><\/span><\/div><\/div><div class=\"studij-item\"><div class=\"studij-naslov\"><span class=\"sadrzaj\"><a href=\"\/wp-content\/uploads\/2024\/10\/javni-oglas-izbori-2024.zip\">Javni oglas za izbor glavnih operatera i operatera za sprovo\u0111enje \\\"Pilot projekata - za Lokalne izbore 2024. godine\\\"<\/a><\/span><\/div><\/div><div class=\"studij-item\"><div class=\"studij-naslov\"><span class=\"sadrzaj\"><a href=\"\/wp-content\/uploads\/2024\/10\/Atina-stipendije.pdf\">Stipendije univerziteta u Atini<\/a><\/span><\/div><\/div><div class=\"studij-item\"><div class=\"studij-naslov\"><span class=\"sadrzaj\"><a href=\"\/wp-content\/uploads\/2024\/10\/Moskva-stipendije.pdf\">Stipendije Univerziteta u Moskvi<\/a><\/span><\/div><\/div><div class=\"studij-item\"><div class=\"studij-naslov\"><span class=\"sadrzaj\"><a href=\"\/wp-content\/uploads\/2024\/10\/mnv-unis-2024.pdf\">Poziv Ministarstva za nau\u010dnotehnolo\u0161ki razvoj i visoko obrazovanje a koji se odnosi na u\u010de\u0161\u0107e na Takmi\u010denju za najbolju tehnolo\u0161ku inovaciju<\/a><\/span><\/div><\/div><div class=\"studij-item\"><div class=\"studij-naslov\"><span class=\"sadrzaj\">Leaders of Tomorrow - Lideri budu\u0107nosti - <a href=\"https:\/\/docs.google.com\/forms\/d\/e\/1FAIpQLSfvisZ5cRQnVWva-BHhKPovp8ZjmZyFW0034hBqGqA40dbIpg\/viewform?pli=1\">Registracija na konferenciju<\/a><\/span><\/div><\/div><div class=\"studij-item\"><div class=\"studij-naslov\"><span class=\"sadrzaj\">Program stipendiranja Njema\u010dke fondacije za za\u0161titu okoline - <a href=\"\/wp-content\/uploads\/2024\/10\/Program-stipendiranja-Njemacke-fondacije-za-zastitu-okoline.pdf\">Poziv<\/a>\u00a0- <a href=\"\/wp-content\/uploads\/2024\/10\/CEE-Fellowship.pdf\">Dokument 1<\/a>\u00a0- <a href=\"\/wp-content\/uploads\/2024\/10\/Broschure-Fellowships-for-graduates-from-Central-and-Eastern-Europe-CEE1.pdf\">Dokument 2<\/a><\/span><\/div><\/div><div class=\"studij-item\"><div class=\"studij-naslov\"><span class=\"sadrzaj\">New Opportunity Internship for Students - <a href=\"\/wp-content\/uploads\/2024\/10\/New-Opportunity-Internship-for-Students.pdf\">Poziv<\/a><\/span><\/div><\/div><h3>2023<\/h3><div class=\"studij-item\"><div class=\"studij-naslov\"><span class=\"sadrzaj\">Stipendije Ma\u0111arske - Poziv<\/span><\/div><\/div><div class=\"studij-item\"><div class=\"studij-naslov\"><span class=\"sadrzaj\">HIA projekat - <a href=\"\/wp-content\/uploads\/2024\/10\/hia-2023-2.zip\">Poziv<\/a><\/span><\/div><\/div><div class=\"studij-item\"><div class=\"studij-naslov\"><span class=\"sadrzaj\">Erasmus+ - <a href=\"\/wp-content\/uploads\/2024\/10\/Erasmus-2023.pdf\">Poziv<\/a><\/span><\/div><\/div><div class=\"studij-item\"><div class=\"studij-naslov\"><span class=\"sadrzaj\">BST stipendije - <a href=\"\/wp-content\/uploads\/2024\/10\/BST-stipendije.pdf\">Poziv<\/a><\/span><\/div><\/div><div class=\"studij-item\"><div class=\"studij-naslov\"><span class=\"sadrzaj\">MI-BOSPO - <a href=\"\/wp-content\/uploads\/2024\/10\/MI-BOSPO-oglas.pdf\">Oglas<\/a><\/span><\/div><\/div><div class=\"studij-item\"><div class=\"studij-naslov\"><span class=\"sadrzaj\">Program stipendija njema\u010dke privrede za zemlje Zapadnog Balkana - <a href=\"\/wp-content\/uploads\/2024\/10\/programstipendijanjemakeprivredezazemljezapadnog24.zip\">Oglas<\/a><\/span><\/div><\/div><div class=\"studij-item\"><div class=\"studij-naslov\"><span class=\"sadrzaj\">Poticanje demokratskih vrijednosti i aktivnog gra\u0111anstva me\u0111u mladima - <a href=\"\/wp-content\/uploads\/2024\/10\/humanityinaction.zip\">Oglas<\/a><\/span><\/div><\/div><div class=\"studij-item\"><div class=\"studij-naslov\"><span class=\"sadrzaj\">Stipendije malezijskog Limkokwing univerziteta - <a href=\"\/wp-content\/uploads\/2024\/10\/fwstipendijelimkokwinguniverzitetamalezijainfo.zip\">Poziv<\/a><\/span><\/div><\/div><div class=\"studij-item\"><div class=\"studij-naslov\"><span class=\"sadrzaj\">Br\u010dko distrikt - javni poziv za nov\u010dano nagra\u0111ivanje studenata generacije - <a href=\"https:\/\/radiobrcko.ba\/vijesti-brcko\/brchko-raspisan-javni-poziv-za-novchano-nagra-ivane-studenata-generatsije-sa-podruchja-distrikta\/\">Poziv<\/a><\/span><\/div><\/div><div class=\"studij-item\"><div class=\"studij-naslov\"><span class=\"sadrzaj\">Akademija izvrsnosti - <a href=\"https:\/\/www.oslobodjenje.ba\/vijesti\/ekonomija\/promo\/javni-poziv-za-ucesce-u-akademiji-izvrsnosti-povezivanje-mladih-iz-10-manjih-lokalnih-zajednica-889901\">Poziv<\/a><\/span><\/div><\/div><div class=\"studij-item\"><div class=\"studij-naslov\"><span class=\"sadrzaj\">Ambasada Ujedinjenih Arapskih Emirata - <a href=\"\/wp-content\/uploads\/2024\/10\/Ujedinjeni-Arapski-Emirati.pdf\">Poziv<\/a><\/span><\/div><\/div><div class=\"studij-item\"><div class=\"studij-naslov\"><span class=\"sadrzaj\">Stipendije \u0160vajcarska - <a href=\"\/wp-content\/uploads\/2024\/10\/Stipendije-svajcarska.pdf\">Oglas<\/a><\/span><\/div><\/div><div class=\"studij-item\"><div class=\"studij-naslov\"><span class=\"sadrzaj\">Stipendije Slovenija - <a href=\"\/wp-content\/uploads\/2024\/10\/Stipendije-u-Sloveniji.pdf\">Oglas<\/a><\/span><\/div><\/div><div class=\"studij-item\"><div class=\"studij-naslov\"><span class=\"sadrzaj\">Stipendije Saudijska Arabija - <a href=\"\/wp-content\/uploads\/2024\/10\/Stipendije-u-Saudijskoj-Arabiji.pdf\">Oglas<\/a><\/span><\/div><\/div><div class=\"studij-item\"><div class=\"studij-naslov\"><span class=\"sadrzaj\">Stipendije Meksiko - <a href=\"\/wp-content\/uploads\/2024\/10\/Stipendije-Meksiko.pdf\">Oglas<\/a><\/span><\/div><\/div><div class=\"studij-item\"><div class=\"studij-naslov\"><span class=\"sadrzaj\">WORK &amp; TRAVEL USA 2024 - <a href=\"\/wp-content\/uploads\/2024\/10\/Javni-poziv-WORK-AND-TRAVEL-USA-2024.pdf\">Oglas<\/a><\/span><\/div><\/div><div class=\"studij-item\"><div class=\"studij-naslov\"><span class=\"sadrzaj\">BIMAL - <a href=\"\/wp-content\/uploads\/2024\/10\/bimal-oglas.pdf\">Oglas<\/a><\/span><\/div><\/div><div class=\"studij-item\"><div class=\"studij-naslov\"><span class=\"sadrzaj\">Konkurs za dodjelu nagada za ostvarene posebne rezultate u nau\u010dno-istra\u017eiva\u010dkom i umjetni\u010dkom radu - <a href=\"\/wp-content\/uploads\/2024\/10\/konkurs.pdf\">Oglas<\/a><\/span><\/div><\/div><div class=\"studij-item\"><div class=\"studij-naslov\"><span class=\"sadrzaj\">MI-BOSPO - <a href=\"\/wp-content\/uploads\/2024\/10\/mi-bospo-ugljevik-web.pdf\">Oglas<\/a><\/span><\/div><\/div><div class=\"studij-item\"><div class=\"studij-naslov\"><span class=\"sadrzaj\">Google stipendija za studente s invaliditetom - Oglas<\/span><\/div><\/div><div class=\"studij-item\"><div class=\"studij-naslov\"><span class=\"sadrzaj\">Program stipendiranja master studija za \u017eene iz STEM nauka-informacija - Oglas<\/span><\/div><\/div><div class=\"studij-item\"><div class=\"studij-naslov\"><span class=\"sadrzaj\">UNWTO Studentska liga - <a href=\"https:\/\/www.unwto.org\/news\/now-open-for-2023-unwto-students-league-bosnia-and-herzegovina-edition\">Link<\/a><\/span><\/div><\/div><div class=\"studij-item\"><div class=\"studij-naslov\"><span class=\"sadrzaj\">Malta institut za pomorsko pravo - <a href=\"\/wp-content\/uploads\/2024\/10\/malta.pdf\">Oglas<\/a><\/span><\/div><\/div><div class=\"studij-item\"><div class=\"studij-naslov\"><span class=\"sadrzaj\">Studiranje u Australiji - <a href=\"\/wp-content\/uploads\/2024\/10\/australija.pdf\">Oglas<\/a><\/span><\/div><\/div><div class=\"studij-item\"><div class=\"studij-naslov\"><span class=\"sadrzaj\">MA\u0110ARSKA - UNNIVERZITET \u0160OPRON - <a href=\"\/wp-content\/uploads\/2024\/10\/SOPRON-MADJARSKA.pdf\">Oglas<\/a><\/span><\/div><\/div><div class=\"studij-item\"><div class=\"studij-naslov\"><span class=\"sadrzaj\">Stipendije, konkursi - <a href=\"\/wp-content\/uploads\/2024\/10\/stipendije-konkursi-razno.pdf\">Razno<\/a><\/span><\/div><\/div><div class=\"studij-item\"><div class=\"studij-naslov\"><span class=\"sadrzaj\">HIA projekat -\u00a0 <a href=\"\/wp-content\/uploads\/2024\/10\/hia-2023.zip\">Poziv<\/a><\/span><\/div><\/div><div class=\"studij-item\"><div class=\"studij-naslov\"><span class=\"sadrzaj\">STAY BOLD projekat - <a href=\"https:\/\/bold.youth-power.org\/poziv-za-edukativni-trening-u-sklopu-stay-bold-projekta\/\">Poziv<\/a><\/span><\/div><\/div><\/div><\/div>\n\t\t\t\t<\/div>\n\t\t\t\t<\/div>\n\t\t\t\t\t<\/div>\n\t\t\t\t<\/div>\n\t\t\t\t<\/div>","protected":false},"excerpt":{"rendered":"","protected":false},"author":2,"featured_media":0,"parent":0,"menu_order":0,"comment_status":"closed","ping_status":"closed","template":"","meta":{"footnotes":""},"folder":[],"class_list":["post-2524","page","type-page","status-publish","hentry"],"_links":{"self":[{"href":"https:\/\/novi.efb.ues.rs.ba\/lat\/wp-json\/wp\/v2\/pages\/2524"}],"collection":[{"href":"https:\/\/novi.efb.ues.rs.ba\/lat\/wp-json\/wp\/v2\/pages"}],"about":[{"href":"https:\/\/novi.efb.ues.rs.ba\/lat\/wp-json\/wp\/v2\/types\/page"}],"author":[{"embeddable":true,"href":"https:\/\/novi.efb.ues.rs.ba\/lat\/wp-json\/wp\/v2\/users\/2"}],"replies":[{"embeddable":true,"href":"https:\/\/novi.efb.ues.rs.ba\/lat\/wp-json\/wp\/v2\/comments?post=2524"}],"version-history":[{"count":5,"href":"https:\/\/novi.efb.ues.rs.ba\/lat\/wp-json\/wp\/v2\/pages\/2524\/revisions"}],"predecessor-version":[{"id":2573,"href":"https:\/\/novi.efb.ues.rs.ba\/lat\/wp-json\/wp\/v2\/pages\/2524\/revisions\/2573"}],"wp:attachment":[{"href":"https:\/\/novi.efb.ues.rs.ba\/lat\/wp-json\/wp\/v2\/media?parent=2524"}],"wp:term":[{"taxonomy":"folder","embeddable":true,"href":"https:\/\/novi.efb.ues.rs.ba\/lat\/wp-json\/wp\/v2\/folder?post=2524"}],"curies":[{"name":"wp","href":"https:\/\/api.w.org\/{rel}","templated":true}]}}