


{"id":305,"date":"2024-07-23T14:12:09","date_gmt":"2024-07-23T14:12:09","guid":{"rendered":"https:\/\/fakultet.kremicalex.com\/?page_id=305"},"modified":"2024-11-05T07:54:08","modified_gmt":"2024-11-05T07:54:08","slug":"%d1%80%d1%83%d0%ba%d0%be%d0%b2%d0%be%d0%b4%d1%81%d1%82%d0%b2%d0%be-%d1%84%d0%b0%d0%ba%d1%83%d0%bb%d1%82%d0%b5%d1%82%d0%b0","status":"publish","type":"page","link":"https:\/\/novi.efb.ues.rs.ba\/lat\/%d1%80%d1%83%d0%ba%d0%be%d0%b2%d0%be%d0%b4%d1%81%d1%82%d0%b2%d0%be-%d1%84%d0%b0%d0%ba%d1%83%d0%bb%d1%82%d0%b5%d1%82%d0%b0\/","title":{"rendered":"\u0420\u0443\u043a\u043e\u0432\u043e\u0434\u0441\u0442\u0432\u043e \u0424\u0430\u043a\u0443\u043b\u0442\u0435\u0442\u0430"},"content":{"rendered":"<div data-elementor-type=\"wp-page\" data-elementor-id=\"305\" class=\"elementor elementor-305\" data-elementor-post-type=\"page\">\n\t\t\t\t<div class=\"elementor-element elementor-element-7050672 e-flex e-con-boxed e-con e-parent\" data-id=\"7050672\" data-element_type=\"container\" data-settings=\"{&quot;background_background&quot;:&quot;classic&quot;}\">\n\t\t\t\t\t<div class=\"e-con-inner\">\n\t\t<div class=\"elementor-element elementor-element-ba685d1 e-con-full e-flex e-con e-child\" data-id=\"ba685d1\" data-element_type=\"container\">\n\t\t\t\t<div class=\"elementor-element elementor-element-ce09c27 elementor-widget elementor-widget-heading\" data-id=\"ce09c27\" data-element_type=\"widget\" data-widget_type=\"heading.default\">\n\t\t\t\t<div class=\"elementor-widget-container\">\n\t\t\t<h2 class=\"elementor-heading-title elementor-size-default\">Rukovodstvo fakulteta<\/h2>\t\t<\/div>\n\t\t\t\t<\/div>\n\t\t\t\t<div class=\"elementor-element elementor-element-e2efaed elementor-widget elementor-widget-text-editor\" data-id=\"e2efaed\" data-element_type=\"widget\" data-widget_type=\"text-editor.default\">\n\t\t\t\t<div class=\"elementor-widget-container\">\n\t\t\t\t\t\t\tEkonomski fakultet Br\u010dko ponosan je na svoje stru\u010dne i posve\u0107ene \u010dlanove rukovodstva, koji svakodnevno rade na unapre\u0111enju kvaliteta obrazovanja, istra\u017eivanja i sveukupnog akademskog iskustva za na\u0161e studente. Njihova profesionalnost, vizija i iskustvo \u010dine na\u0161 fakultet liderom u obrazovanju iz oblasti ekonomskih nauka u regionu.\t\t\t\t\t\t<\/div>\n\t\t\t\t<\/div>\n\t\t\t\t<\/div>\n\t\t<div class=\"elementor-element elementor-element-6cc429c e-con-full elementor-hidden-mobile e-flex e-con e-child\" data-id=\"6cc429c\" data-element_type=\"container\">\n\t\t\t\t<div class=\"elementor-element elementor-element-66ec4de elementor-widget elementor-widget-image\" data-id=\"66ec4de\" data-element_type=\"widget\" data-widget_type=\"image.default\">\n\t\t\t\t<div class=\"elementor-widget-container\">\n\t\t\t\t\t\t\t\t\t\t\t\t\t<img decoding=\"async\" src=\"https:\/\/novi.efb.ues.rs.ba\/wp-content\/uploads\/2024\/07\/www.brckodanas.com-efb-logotip-1.svg\" class=\"attachment-full size-full wp-image-83\" alt=\"\" \/>\t\t\t\t\t\t\t\t\t\t\t\t\t<\/div>\n\t\t\t\t<\/div>\n\t\t\t\t<\/div>\n\t\t\t\t\t<\/div>\n\t\t\t\t<\/div>\n\t\t<div class=\"elementor-element elementor-element-799ad3a e-flex e-con-boxed e-con e-parent\" data-id=\"799ad3a\" data-element_type=\"container\">\n\t\t\t\t\t<div class=\"e-con-inner\">\n\t\t<div class=\"elementor-element elementor-element-39000be e-con-full e-flex e-con e-child\" data-id=\"39000be\" data-element_type=\"container\">\n\t\t<div class=\"elementor-element elementor-element-39b1474 e-con-full e-flex e-con e-child\" data-id=\"39b1474\" data-element_type=\"container\">\n\t\t<div class=\"elementor-element elementor-element-8f8f296 e-con-full e-flex e-con e-child\" data-id=\"8f8f296\" data-element_type=\"container\" data-settings=\"{&quot;background_background&quot;:&quot;classic&quot;}\">\n\t\t\t\t<div class=\"elementor-element elementor-element-f69460a elementor-widget elementor-widget-image\" data-id=\"f69460a\" data-element_type=\"widget\" data-widget_type=\"image.default\">\n\t\t\t\t<div class=\"elementor-widget-container\">\n\t\t\t\t\t\t\t\t\t\t\t\t\t<img fetchpriority=\"high\" decoding=\"async\" width=\"800\" height=\"800\" src=\"https:\/\/novi.efb.ues.rs.ba\/wp-content\/uploads\/2024\/10\/Frame-210-1024x1024.webp\" class=\"attachment-large size-large wp-image-2939\" alt=\"\" srcset=\"https:\/\/novi.efb.ues.rs.ba\/wp-content\/uploads\/2024\/10\/Frame-210-1024x1024.webp 1024w, https:\/\/novi.efb.ues.rs.ba\/wp-content\/uploads\/2024\/10\/Frame-210-300x300.webp 300w, https:\/\/novi.efb.ues.rs.ba\/wp-content\/uploads\/2024\/10\/Frame-210-150x150.webp 150w, https:\/\/novi.efb.ues.rs.ba\/wp-content\/uploads\/2024\/10\/Frame-210-768x768.webp 768w, https:\/\/novi.efb.ues.rs.ba\/wp-content\/uploads\/2024\/10\/Frame-210.webp 1200w\" sizes=\"(max-width: 800px) 100vw, 800px\" \/>\t\t\t\t\t\t\t\t\t\t\t\t\t<\/div>\n\t\t\t\t<\/div>\n\t\t\t\t<div class=\"elementor-element elementor-element-2b2ad17 elementor-widget elementor-widget-heading\" data-id=\"2b2ad17\" data-element_type=\"widget\" data-widget_type=\"heading.default\">\n\t\t\t\t<div class=\"elementor-widget-container\">\n\t\t\t<h2 class=\"elementor-heading-title elementor-size-default\">Prof. dr Lejla Terzi\u0107<\/h2>\t\t<\/div>\n\t\t\t\t<\/div>\n\t\t\t\t<div class=\"elementor-element elementor-element-24cfb6a elementor-widget elementor-widget-heading\" data-id=\"24cfb6a\" data-element_type=\"widget\" data-widget_type=\"heading.default\">\n\t\t\t\t<div class=\"elementor-widget-container\">\n\t\t\t<h3 class=\"elementor-heading-title elementor-size-default\">Prodekan za nastavu<\/h3>\t\t<\/div>\n\t\t\t\t<\/div>\n\t\t\t\t<\/div>\n\t\t\t\t<\/div>\n\t\t\t\t<\/div>\n\t\t<div class=\"elementor-element elementor-element-59483b8 e-con-full e-flex e-con e-child\" data-id=\"59483b8\" data-element_type=\"container\">\n\t\t<div class=\"elementor-element elementor-element-3c355ba e-con-full e-flex e-con e-child\" data-id=\"3c355ba\" data-element_type=\"container\">\n\t\t<div class=\"elementor-element elementor-element-9c62a2a e-con-full e-flex e-con e-child\" data-id=\"9c62a2a\" data-element_type=\"container\" data-settings=\"{&quot;background_background&quot;:&quot;classic&quot;}\">\n\t\t\t\t<div class=\"elementor-element elementor-element-56bff69 elementor-widget elementor-widget-image\" data-id=\"56bff69\" data-element_type=\"widget\" data-widget_type=\"image.default\">\n\t\t\t\t<div class=\"elementor-widget-container\">\n\t\t\t\t\t\t\t\t\t\t\t\t\t<img decoding=\"async\" width=\"1200\" height=\"1200\" src=\"https:\/\/novi.efb.ues.rs.ba\/wp-content\/uploads\/2024\/10\/Frame-209.webp\" class=\"attachment-full size-full wp-image-2940\" alt=\"\" srcset=\"https:\/\/novi.efb.ues.rs.ba\/wp-content\/uploads\/2024\/10\/Frame-209.webp 1200w, https:\/\/novi.efb.ues.rs.ba\/wp-content\/uploads\/2024\/10\/Frame-209-300x300.webp 300w, https:\/\/novi.efb.ues.rs.ba\/wp-content\/uploads\/2024\/10\/Frame-209-1024x1024.webp 1024w, https:\/\/novi.efb.ues.rs.ba\/wp-content\/uploads\/2024\/10\/Frame-209-150x150.webp 150w, https:\/\/novi.efb.ues.rs.ba\/wp-content\/uploads\/2024\/10\/Frame-209-768x768.webp 768w\" sizes=\"(max-width: 1200px) 100vw, 1200px\" \/>\t\t\t\t\t\t\t\t\t\t\t\t\t<\/div>\n\t\t\t\t<\/div>\n\t\t\t\t<div class=\"elementor-element elementor-element-329ec37 elementor-widget elementor-widget-heading\" data-id=\"329ec37\" data-element_type=\"widget\" data-widget_type=\"heading.default\">\n\t\t\t\t<div class=\"elementor-widget-container\">\n\t\t\t<h2 class=\"elementor-heading-title elementor-size-default\">Doc. dr Dejan Te\u0161i\u0107<\/h2>\t\t<\/div>\n\t\t\t\t<\/div>\n\t\t\t\t<div class=\"elementor-element elementor-element-2b7d773 elementor-widget elementor-widget-heading\" data-id=\"2b7d773\" data-element_type=\"widget\" data-widget_type=\"heading.default\">\n\t\t\t\t<div class=\"elementor-widget-container\">\n\t\t\t<h3 class=\"elementor-heading-title elementor-size-default\">Dekan Fakulteta<\/h3>\t\t<\/div>\n\t\t\t\t<\/div>\n\t\t\t\t<\/div>\n\t\t\t\t<\/div>\n\t\t\t\t<\/div>\n\t\t<div class=\"elementor-element elementor-element-6791bf1 e-con-full e-flex e-con e-child\" data-id=\"6791bf1\" data-element_type=\"container\">\n\t\t<div class=\"elementor-element elementor-element-56eb434 e-con-full e-flex e-con e-child\" data-id=\"56eb434\" data-element_type=\"container\">\n\t\t<div class=\"elementor-element elementor-element-124080f e-con-full e-flex e-con e-child\" data-id=\"124080f\" data-element_type=\"container\" data-settings=\"{&quot;background_background&quot;:&quot;classic&quot;}\">\n\t\t\t\t<div class=\"elementor-element elementor-element-edb2ce3 elementor-widget elementor-widget-image\" data-id=\"edb2ce3\" data-element_type=\"widget\" data-widget_type=\"image.default\">\n\t\t\t\t<div class=\"elementor-widget-container\">\n\t\t\t\t\t\t\t\t\t\t\t\t\t<img decoding=\"async\" width=\"1200\" height=\"1200\" src=\"https:\/\/novi.efb.ues.rs.ba\/wp-content\/uploads\/2024\/10\/Frame-211.webp\" class=\"attachment-full size-full wp-image-2938\" alt=\"\" srcset=\"https:\/\/novi.efb.ues.rs.ba\/wp-content\/uploads\/2024\/10\/Frame-211.webp 1200w, https:\/\/novi.efb.ues.rs.ba\/wp-content\/uploads\/2024\/10\/Frame-211-300x300.webp 300w, https:\/\/novi.efb.ues.rs.ba\/wp-content\/uploads\/2024\/10\/Frame-211-1024x1024.webp 1024w, https:\/\/novi.efb.ues.rs.ba\/wp-content\/uploads\/2024\/10\/Frame-211-150x150.webp 150w, https:\/\/novi.efb.ues.rs.ba\/wp-content\/uploads\/2024\/10\/Frame-211-768x768.webp 768w\" sizes=\"(max-width: 1200px) 100vw, 1200px\" \/>\t\t\t\t\t\t\t\t\t\t\t\t\t<\/div>\n\t\t\t\t<\/div>\n\t\t\t\t<div class=\"elementor-element elementor-element-4a11518 elementor-widget elementor-widget-heading\" data-id=\"4a11518\" data-element_type=\"widget\" data-widget_type=\"heading.default\">\n\t\t\t\t<div class=\"elementor-widget-container\">\n\t\t\t<h2 class=\"elementor-heading-title elementor-size-default\">Prof. dr Sr\u0111an Lali\u0107<\/h2>\t\t<\/div>\n\t\t\t\t<\/div>\n\t\t\t\t<div class=\"elementor-element elementor-element-bf6298c elementor-widget elementor-widget-heading\" data-id=\"bf6298c\" data-element_type=\"widget\" data-widget_type=\"heading.default\">\n\t\t\t\t<div class=\"elementor-widget-container\">\n\t\t\t<h3 class=\"elementor-heading-title elementor-size-default\">Prodekan za \nnau\u010dno-istra\u017eiva\u010dki rad<\/h3>\t\t<\/div>\n\t\t\t\t<\/div>\n\t\t\t\t<\/div>\n\t\t\t\t<\/div>\n\t\t\t\t<\/div>\n\t\t\t\t\t<\/div>\n\t\t\t\t<\/div>\n\t\t\t\t<\/div>","protected":false},"excerpt":{"rendered":"<p>\u0420\u0443\u043a\u043e\u0432\u043e\u0434\u0441\u0442\u0432\u043e \u0444\u0430\u043a\u0443\u043b\u0442\u0435\u0442\u0430 \u0415\u043a\u043e\u043d\u043e\u043c\u0441\u043a\u0438 \u0444\u0430\u043a\u0443\u043b\u0442\u0435\u0442 \u0411\u0440\u0447\u043a\u043e \u043f\u043e\u043d\u043e\u0441\u0430\u043d \u0458\u0435 \u043d\u0430 \u0441\u0432\u043e\u0458\u0435 \u0441\u0442\u0440\u0443\u0447\u043d\u0435 \u0438 \u043f\u043e\u0441\u0432\u0435\u045b\u0435\u043d\u0435 \u0447\u043b\u0430\u043d\u043e\u0432\u0435 \u0440\u0443\u043a\u043e\u0432\u043e\u0434\u0441\u0442\u0432\u0430, \u043a\u043e\u0458\u0438 \u0441\u0432\u0430\u043a\u043e\u0434\u043d\u0435\u0432\u043d\u043e \u0440\u0430\u0434\u0435 \u043d\u0430 \u0443\u043d\u0430\u043f\u0440\u0435\u0452\u0435\u045a\u0443 \u043a\u0432\u0430\u043b\u0438\u0442\u0435\u0442\u0430 \u043e\u0431\u0440\u0430\u0437\u043e\u0432\u0430\u045a\u0430, \u0438\u0441\u0442\u0440\u0430\u0436\u0438\u0432\u0430\u045a\u0430 \u0438 \u0441\u0432\u0435\u0443\u043a\u0443\u043f\u043d\u043e\u0433 \u0430\u043a\u0430\u0434\u0435\u043c\u0441\u043a\u043e\u0433 \u0438\u0441\u043a\u0443\u0441\u0442\u0432\u0430 \u0437\u0430 \u043d\u0430\u0448\u0435 \u0441\u0442\u0443\u0434\u0435\u043d\u0442\u0435. \u040a\u0438\u0445\u043e\u0432\u0430 \u043f\u0440\u043e\u0444\u0435\u0441\u0438\u043e\u043d\u0430\u043b\u043d\u043e\u0441\u0442, \u0432\u0438\u0437\u0438\u0458\u0430 \u0438 \u0438\u0441\u043a\u0443\u0441\u0442\u0432\u043e \u0447\u0438\u043d\u0435 \u043d\u0430\u0448 \u0444\u0430\u043a\u0443\u043b\u0442\u0435\u0442 \u043b\u0438\u0434\u0435\u0440\u043e\u043c \u0443 \u043e\u0431\u0440\u0430\u0437\u043e\u0432\u0430\u045a\u0443 \u0438\u0437 \u043e\u0431\u043b\u0430\u0441\u0442\u0438 \u0435\u043a\u043e\u043d\u043e\u043c\u0441\u043a\u0438\u0445 \u043d\u0430\u0443\u043a\u0430 \u0443 \u0440\u0435\u0433\u0438\u043e\u043d\u0443. \u041f\u0440\u043e\u0444. \u0434\u0440 \u041b\u0435\u0458\u043b\u0430 \u0422\u0435\u0440\u0437\u0438\u045b \u041f\u0440\u043e\u0434\u0435\u043a\u0430\u043d \u0437\u0430 \u043d\u0430\u0441\u0442\u0430\u0432\u0443 \u041f\u0440\u043e\u0444. \u0434\u0440 [&hellip;]<\/p>","protected":false},"author":2,"featured_media":0,"parent":0,"menu_order":0,"comment_status":"closed","ping_status":"closed","template":"elementor_header_footer","meta":{"footnotes":""},"folder":[],"class_list":["post-305","page","type-page","status-publish","hentry"],"_links":{"self":[{"href":"https:\/\/novi.efb.ues.rs.ba\/lat\/wp-json\/wp\/v2\/pages\/305"}],"collection":[{"href":"https:\/\/novi.efb.ues.rs.ba\/lat\/wp-json\/wp\/v2\/pages"}],"about":[{"href":"https:\/\/novi.efb.ues.rs.ba\/lat\/wp-json\/wp\/v2\/types\/page"}],"author":[{"embeddable":true,"href":"https:\/\/novi.efb.ues.rs.ba\/lat\/wp-json\/wp\/v2\/users\/2"}],"replies":[{"embeddable":true,"href":"https:\/\/novi.efb.ues.rs.ba\/lat\/wp-json\/wp\/v2\/comments?post=305"}],"version-history":[{"count":103,"href":"https:\/\/novi.efb.ues.rs.ba\/lat\/wp-json\/wp\/v2\/pages\/305\/revisions"}],"predecessor-version":[{"id":3630,"href":"https:\/\/novi.efb.ues.rs.ba\/lat\/wp-json\/wp\/v2\/pages\/305\/revisions\/3630"}],"wp:attachment":[{"href":"https:\/\/novi.efb.ues.rs.ba\/lat\/wp-json\/wp\/v2\/media?parent=305"}],"wp:term":[{"taxonomy":"folder","embeddable":true,"href":"https:\/\/novi.efb.ues.rs.ba\/lat\/wp-json\/wp\/v2\/folder?post=305"}],"curies":[{"name":"wp","href":"https:\/\/api.w.org\/{rel}","templated":true}]}}