


{"id":577,"date":"2024-08-29T11:37:55","date_gmt":"2024-08-29T11:37:55","guid":{"rendered":"https:\/\/fakultet.kremicalex.com\/?page_id=577"},"modified":"2024-12-16T14:00:09","modified_gmt":"2024-12-16T14:00:09","slug":"%d0%b8%d1%82-%d1%86%d0%b5%d0%bd%d1%82%d0%b0%d1%80","status":"publish","type":"page","link":"https:\/\/novi.efb.ues.rs.ba\/lat\/%d0%b8%d1%82-%d1%86%d0%b5%d0%bd%d1%82%d0%b0%d1%80\/","title":{"rendered":"IT Centar"},"content":{"rendered":"<div data-elementor-type=\"wp-page\" data-elementor-id=\"577\" class=\"elementor elementor-577\" data-elementor-post-type=\"page\">\n\t\t\t\t<div class=\"elementor-element elementor-element-a1d3339 e-flex e-con-boxed e-con e-parent\" data-id=\"a1d3339\" data-element_type=\"container\">\n\t\t\t\t\t<div class=\"e-con-inner\">\n\t\t\t\t<div class=\"elementor-element elementor-element-772fa32 elementor-widget elementor-widget-heading\" data-id=\"772fa32\" data-element_type=\"widget\" data-widget_type=\"heading.default\">\n\t\t\t\t<div class=\"elementor-widget-container\">\n\t\t\t<h2 class=\"elementor-heading-title elementor-size-default\">IT Centar<\/h2>\t\t<\/div>\n\t\t\t\t<\/div>\n\t\t\t\t<div class=\"elementor-element elementor-element-643e37d elementor-widget elementor-widget-text-editor\" data-id=\"643e37d\" data-element_type=\"widget\" data-widget_type=\"text-editor.default\">\n\t\t\t\t<div class=\"elementor-widget-container\">\n\t\t\t\t\t\t\t<p>Centar za informacione tehnologije (ITC) nalazi se na spratu desno. Namijenjen je za vje\u017ebe iz Informatike, Programiranja i drugih informati\u010dkih predmeta i za obuku iz oblasti informatike i ra\u010dunara. Centar raspola\u017ee sa 30 umre\u017eenih ra\u010dunara, video-projektorom i drugom prate\u0107om opremom.<\/p><p>Centar mogu da koriste svi studenti za individualne vje\u017ebe, pisanje seminarskih i diplomskih radova i u druge svrhe.  Fakultet posjeduje i Fonolaboratoriju za u\u010denje stranih jezika. Fonolaboratorija se nalazi pored \u010ditaonice Fakulteta.<\/p>\t\t\t\t\t\t<\/div>\n\t\t\t\t<\/div>\n\t\t\t\t\t<\/div>\n\t\t\t\t<\/div>\n\t\t\t\t<\/div>","protected":false},"excerpt":{"rendered":"<p>\u0426\u0435\u043d\u0442\u0430\u0440 \u0437\u0430 \u0438\u043d\u0444\u043e\u0440\u043c\u0430\u0446\u0438\u043e\u043d\u0435 \u0442\u0435\u0445\u043d\u043e\u043b\u043e\u0433\u0438\u0458\u0435 (\u0418\u0422\u0426) \u043d\u0430\u043b\u0430\u0437\u0438 \u0441\u0435 \u043d\u0430 \u0441\u043f\u0440\u0430\u0442\u0443 \u0434\u0435\u0441\u043d\u043e. \u041d\u0430\u043c\u0438\u0458\u0435\u045a\u0435\u043d \u0458\u0435 \u0437\u0430 \u0432\u0458\u0435\u0436\u0431\u0435 \u0438\u0437 \u0418\u043d\u0444\u043e\u0440\u043c\u0430\u0442\u0438\u043a\u0435, \u041f\u0440\u043e\u0433\u0440\u0430\u043c\u0438\u0440\u0430\u045a\u0430 \u0438 \u0434\u0440\u0443\u0433\u0438\u0445 \u0438\u043d\u0444\u043e\u0440\u043c\u0430\u0442\u0438\u0447\u043a\u0438\u0445 \u043f\u0440\u0435\u0434\u043c\u0435\u0442\u0430 \u0438 \u0437\u0430 \u043e\u0431\u0443\u043a\u0443 \u0438\u0437 \u043e\u0431\u043b\u0430\u0441\u0442\u0438 \u0438\u043d\u0444\u043e\u0440\u043c\u0430\u0442\u0438\u043a\u0435 \u0438 \u0440\u0430\u0447\u0443\u043d\u0430\u0440\u0430. \u0426\u0435\u043d\u0442\u0430\u0440 \u0440\u0430\u0441\u043f\u043e\u043b\u0430\u0436\u0435 \u0441\u0430 30 \u0443\u043c\u0440\u0435\u0436\u0435\u043d\u0438\u0445 \u0440\u0430\u0447\u0443\u043d\u0430\u0440\u0430, \u0432\u0438\u0434\u0435\u043e-\u043f\u0440\u043e\u0458\u0435\u043a\u0442\u043e\u0440\u043e\u043c \u0438 \u0434\u0440\u0443\u0433\u043e\u043c \u043f\u0440\u0430\u0442\u0435\u045b\u043e\u043c \u043e\u043f\u0440\u0435\u043c\u043e\u043c. \u0426\u0435\u043d\u0442\u0430\u0440 \u043c\u043e\u0433\u0443 \u0434\u0430 \u043a\u043e\u0440\u0438\u0441\u0442\u0435 \u0441\u0432\u0438 \u0441\u0442\u0443\u0434\u0435\u043d\u0442\u0438 \u0437\u0430 \u0438\u043d\u0434\u0438\u0432\u0438\u0434\u0443\u0430\u043b\u043d\u0435 \u0432\u0458\u0435\u0436\u0431\u0435, \u043f\u0438\u0441\u0430\u045a\u0435 \u0441\u0435\u043c\u0438\u043d\u0430\u0440\u0441\u043a\u0438\u0445 \u0438 \u0434\u0438\u043f\u043b\u043e\u043c\u0441\u043a\u0438\u0445 \u0440\u0430\u0434\u043e\u0432\u0430 \u0438 [&hellip;]<\/p>","protected":false},"author":2,"featured_media":0,"parent":0,"menu_order":0,"comment_status":"closed","ping_status":"closed","template":"","meta":{"footnotes":""},"folder":[],"class_list":["post-577","page","type-page","status-publish","hentry"],"_links":{"self":[{"href":"https:\/\/novi.efb.ues.rs.ba\/lat\/wp-json\/wp\/v2\/pages\/577"}],"collection":[{"href":"https:\/\/novi.efb.ues.rs.ba\/lat\/wp-json\/wp\/v2\/pages"}],"about":[{"href":"https:\/\/novi.efb.ues.rs.ba\/lat\/wp-json\/wp\/v2\/types\/page"}],"author":[{"embeddable":true,"href":"https:\/\/novi.efb.ues.rs.ba\/lat\/wp-json\/wp\/v2\/users\/2"}],"replies":[{"embeddable":true,"href":"https:\/\/novi.efb.ues.rs.ba\/lat\/wp-json\/wp\/v2\/comments?post=577"}],"version-history":[{"count":19,"href":"https:\/\/novi.efb.ues.rs.ba\/lat\/wp-json\/wp\/v2\/pages\/577\/revisions"}],"predecessor-version":[{"id":4731,"href":"https:\/\/novi.efb.ues.rs.ba\/lat\/wp-json\/wp\/v2\/pages\/577\/revisions\/4731"}],"wp:attachment":[{"href":"https:\/\/novi.efb.ues.rs.ba\/lat\/wp-json\/wp\/v2\/media?parent=577"}],"wp:term":[{"taxonomy":"folder","embeddable":true,"href":"https:\/\/novi.efb.ues.rs.ba\/lat\/wp-json\/wp\/v2\/folder?post=577"}],"curies":[{"name":"wp","href":"https:\/\/api.w.org\/{rel}","templated":true}]}}