


{"id":612,"date":"2024-09-11T12:45:33","date_gmt":"2024-09-11T12:45:33","guid":{"rendered":"https:\/\/fakultet.kremicalex.com\/?page_id=612"},"modified":"2024-09-11T12:45:34","modified_gmt":"2024-09-11T12:45:34","slug":"%d0%bd%d0%b0%d1%83%d1%87%d0%bd%d0%be-%d0%b8%d1%81%d1%82%d1%80%d0%b0%d0%b6%d0%b8%d0%b2%d0%b0%d1%87%d0%ba%d0%b8-%d1%80%d0%b0%d0%b4","status":"publish","type":"page","link":"https:\/\/novi.efb.ues.rs.ba\/lat\/%d0%bd%d0%b0%d1%83%d1%87%d0%bd%d0%be-%d0%b8%d1%81%d1%82%d1%80%d0%b0%d0%b6%d0%b8%d0%b2%d0%b0%d1%87%d0%ba%d0%b8-%d1%80%d0%b0%d0%b4\/","title":{"rendered":"Nau\u010dno Istra\u017eiva\u010dki Rad"},"content":{"rendered":"","protected":false},"excerpt":{"rendered":"","protected":false},"author":2,"featured_media":0,"parent":0,"menu_order":0,"comment_status":"closed","ping_status":"closed","template":"","meta":{"footnotes":""},"folder":[],"class_list":["post-612","page","type-page","status-publish","hentry"],"_links":{"self":[{"href":"https:\/\/novi.efb.ues.rs.ba\/lat\/wp-json\/wp\/v2\/pages\/612"}],"collection":[{"href":"https:\/\/novi.efb.ues.rs.ba\/lat\/wp-json\/wp\/v2\/pages"}],"about":[{"href":"https:\/\/novi.efb.ues.rs.ba\/lat\/wp-json\/wp\/v2\/types\/page"}],"author":[{"embeddable":true,"href":"https:\/\/novi.efb.ues.rs.ba\/lat\/wp-json\/wp\/v2\/users\/2"}],"replies":[{"embeddable":true,"href":"https:\/\/novi.efb.ues.rs.ba\/lat\/wp-json\/wp\/v2\/comments?post=612"}],"version-history":[{"count":1,"href":"https:\/\/novi.efb.ues.rs.ba\/lat\/wp-json\/wp\/v2\/pages\/612\/revisions"}],"predecessor-version":[{"id":613,"href":"https:\/\/novi.efb.ues.rs.ba\/lat\/wp-json\/wp\/v2\/pages\/612\/revisions\/613"}],"wp:attachment":[{"href":"https:\/\/novi.efb.ues.rs.ba\/lat\/wp-json\/wp\/v2\/media?parent=612"}],"wp:term":[{"taxonomy":"folder","embeddable":true,"href":"https:\/\/novi.efb.ues.rs.ba\/lat\/wp-json\/wp\/v2\/folder?post=612"}],"curies":[{"name":"wp","href":"https:\/\/api.w.org\/{rel}","templated":true}]}}