


{"id":614,"date":"2024-09-11T12:45:56","date_gmt":"2024-09-11T12:45:56","guid":{"rendered":"https:\/\/fakultet.kremicalex.com\/?page_id=614"},"modified":"2024-12-16T14:09:04","modified_gmt":"2024-12-16T14:09:04","slug":"%d0%b0%d0%bb%d1%83%d0%bc%d0%bd%d0%b8","status":"publish","type":"page","link":"https:\/\/novi.efb.ues.rs.ba\/lat\/%d0%b0%d0%bb%d1%83%d0%bc%d0%bd%d0%b8\/","title":{"rendered":"Alumni"},"content":{"rendered":"<div data-elementor-type=\"wp-page\" data-elementor-id=\"614\" class=\"elementor elementor-614\" data-elementor-post-type=\"page\">\n\t\t\t\t<div class=\"elementor-element elementor-element-f20279b e-flex e-con-boxed e-con e-parent\" data-id=\"f20279b\" data-element_type=\"container\">\n\t\t\t\t\t<div class=\"e-con-inner\">\n\t\t\t\t<div class=\"elementor-element elementor-element-c1b89cf elementor-widget elementor-widget-heading\" data-id=\"c1b89cf\" data-element_type=\"widget\" data-widget_type=\"heading.default\">\n\t\t\t\t<div class=\"elementor-widget-container\">\n\t\t\t<h2 class=\"elementor-heading-title elementor-size-default\">Alumni<\/h2>\t\t<\/div>\n\t\t\t\t<\/div>\n\t\t\t\t\t<\/div>\n\t\t\t\t<\/div>\n\t\t<div class=\"elementor-element elementor-element-6f0f414 e-flex e-con-boxed e-con e-parent\" data-id=\"6f0f414\" data-element_type=\"container\">\n\t\t\t\t\t<div class=\"e-con-inner\">\n\t\t<div class=\"elementor-element elementor-element-0db934e e-con-full e-flex e-con e-child\" data-id=\"0db934e\" data-element_type=\"container\">\n\t\t\t\t<div class=\"elementor-element elementor-element-03b3c1e elementor-widget elementor-widget-heading\" data-id=\"03b3c1e\" data-element_type=\"widget\" data-widget_type=\"heading.default\">\n\t\t\t\t<div class=\"elementor-widget-container\">\n\t\t\t<h3 class=\"elementor-heading-title elementor-size-default\">UDRU\u017dENJE DIPLOMIRANIH STUDENATA\nEKONOMSKOG FAKULTETA BR\u010cKO\n\n<\/h3>\t\t<\/div>\n\t\t\t\t<\/div>\n\t\t\t\t<div class=\"elementor-element elementor-element-5749694 elementor-widget elementor-widget-image\" data-id=\"5749694\" data-element_type=\"widget\" data-widget_type=\"image.default\">\n\t\t\t\t<div class=\"elementor-widget-container\">\n\t\t\t\t\t\t\t\t\t\t\t\t\t<img fetchpriority=\"high\" decoding=\"async\" width=\"300\" height=\"300\" src=\"https:\/\/novi.efb.ues.rs.ba\/wp-content\/uploads\/2024\/09\/Alumni-Logo-Fin-PNG.webp\" class=\"attachment-large size-large wp-image-1304\" alt=\"\" srcset=\"https:\/\/novi.efb.ues.rs.ba\/wp-content\/uploads\/2024\/09\/Alumni-Logo-Fin-PNG.webp 300w, https:\/\/novi.efb.ues.rs.ba\/wp-content\/uploads\/2024\/09\/Alumni-Logo-Fin-PNG-150x150.webp 150w\" sizes=\"(max-width: 300px) 100vw, 300px\" \/>\t\t\t\t\t\t\t\t\t\t\t\t\t<\/div>\n\t\t\t\t<\/div>\n\t\t\t\t<div class=\"elementor-element elementor-element-928abb6 elementor-widget elementor-widget-text-editor\" data-id=\"928abb6\" data-element_type=\"widget\" data-widget_type=\"text-editor.default\">\n\t\t\t\t<div class=\"elementor-widget-container\">\n\t\t\t\t\t\t\t<p class=\"normal_text\">Na Ekonomskom fakultetu Br\u010dko Univerziteta u Isto\u010dnom Sarajevu, u ponedjeljak 05.09.2016. godine, odr\u017eana je prva (osniva\u010dka) sjednica Skup\u0161tine Udru\u017eenja diplomiranih studenata Ekonomskog fakulteta Br\u010dko. Nakon dono\u0161enja osniva\u010dkog akta, te razmatranja i usvajanja Statuta izabrano je rukovodstvo Udru\u017eenja. Za predsjednika Udru\u017eenja je izabran prof. dr Mom\u010dilo Polji\u0107, za potpredsjednika dr Radivoj Kova\u010d, a za sekretara msr Snje\u017eana Zari\u0107.<br \/>Udru\u017eenje diplomiranih studenata Ekonomskog fakulteta Br\u010dko je osnovano kao dobrovoljno udru\u017eenje u koje mogu da se u\u010dlane svi diplomirani ekonomisti, magistri, masteri i doktori ekonomije Ekonomskog fakulteta Br\u010dko. \u010clanom Udru\u017eenja postaje se popunjavanjem pristupnice, \u010dime se prihvataju ciljevi, prava i obaveze utvr\u0111eni Statutom i odlukama Udru\u017eenja, te upisom u Registar \u010dlanova.<\/p><p class=\"normal_text\">Osnovni ciljevi uspostavljanja, postojanja i rada Udru\u017eenja su:<\/p><ul><li class=\"normal_text\">uspostavljanje i ja\u010danje veza i saradnje izme\u0111u biv\u0161ih studenata Ekonomskog fakulteta Br\u010dko me\u0111usobno i sa Fakultetom,<\/li><li class=\"normal_text\">uspostavljanje i razvijanje saradnje izme\u0111u Ekonomskog fakulteta Br\u010dko i preduze\u0107a i ustanova u kojima su zaposleni biv\u0161i studenti,<\/li><li class=\"normal_text\">o\u010duvanje tradicije i podizanje ugleda Ekonomskog fakulteta Br\u010dko u Bosni i Hercegovini, ali i u regionu,<\/li><li class=\"normal_text\">uspostavljanje i unapre\u0111enje veza i saradnje izme\u0111u Udru\u017eenja i sli\u010dnih obrazovnih, razvojnih i nau\u010dno-istra\u017eiva\u010dkih institucija u Bosni i Hercegovini i regionu,<\/li><li class=\"normal_text\">podizanje ugleda i isticanje zna\u010daja ekonomske struke u dru\u0161tvu.<\/li><\/ul>\t\t\t\t\t\t<\/div>\n\t\t\t\t<\/div>\n\t\t\t\t<\/div>\n\t\t\t\t\t<\/div>\n\t\t\t\t<\/div>\n\t\t<div class=\"elementor-element elementor-element-37e6638 e-flex e-con-boxed e-con e-parent\" data-id=\"37e6638\" data-element_type=\"container\">\n\t\t\t\t\t<div class=\"e-con-inner\">\n\t\t\t\t<div class=\"elementor-element elementor-element-fbf2443 elementor-widget elementor-widget-heading\" data-id=\"fbf2443\" data-element_type=\"widget\" data-widget_type=\"heading.default\">\n\t\t\t\t<div class=\"elementor-widget-container\">\n\t\t\t<h2 class=\"elementor-heading-title elementor-size-default\"><a href=\"\/wp-content\/uploads\/2024\/12\/Pristupnica-UDS-EFB-Cir.docx\">PRISTUPNICA<\/a><\/h2>\t\t<\/div>\n\t\t\t\t<\/div>\n\t\t\t\t<div class=\"elementor-element elementor-element-c637519 elementor-widget elementor-widget-heading\" data-id=\"c637519\" data-element_type=\"widget\" data-widget_type=\"heading.default\">\n\t\t\t\t<div class=\"elementor-widget-container\">\n\t\t\t<h2 class=\"elementor-heading-title elementor-size-default\"><a href=\"mailto:alumni.efb@gmail.com\">alumni.efb@gmail.com<\/a><\/h2>\t\t<\/div>\n\t\t\t\t<\/div>\n\t\t\t\t<div class=\"elementor-element elementor-element-ea8f006 elementor-widget elementor-widget-heading\" data-id=\"ea8f006\" data-element_type=\"widget\" data-widget_type=\"heading.default\">\n\t\t\t\t<div class=\"elementor-widget-container\">\n\t\t\t<h2 class=\"elementor-heading-title elementor-size-default\"><a href=\"\/wp-content\/uploads\/2024\/12\/gdje-su-zaposleni-nasi-studenti.pdf\" target=\"_blank\">Gdje su zaposleni na\u0161i studenti?<\/a><\/h2>\t\t<\/div>\n\t\t\t\t<\/div>\n\t\t\t\t<div class=\"elementor-element elementor-element-0a021e8 elementor-widget elementor-widget-heading\" data-id=\"0a021e8\" data-element_type=\"widget\" data-widget_type=\"heading.default\">\n\t\t\t\t<div class=\"elementor-widget-container\">\n\t\t\t<h2 class=\"elementor-heading-title elementor-size-default\"><a href=\"\/wp-content\/uploads\/2024\/12\/STATUT-Udruzenja-dipl.-studen.-EF-Brcko.pdf\" target=\"_blank\">Statut Udru\u017eenja<\/a><\/h2>\t\t<\/div>\n\t\t\t\t<\/div>\n\t\t\t\t<div class=\"elementor-element elementor-element-a428923 elementor-widget elementor-widget-heading\" data-id=\"a428923\" data-element_type=\"widget\" data-widget_type=\"heading.default\">\n\t\t\t\t<div class=\"elementor-widget-container\">\n\t\t\t<h2 class=\"elementor-heading-title elementor-size-default\"><a href=\"\/wp-content\/uploads\/2024\/12\/1-Doktorske-disertacije-lat.pdf\" target=\"_blank\">Doktorske disertacije<\/a><\/h2>\t\t<\/div>\n\t\t\t\t<\/div>\n\t\t\t\t<div class=\"elementor-element elementor-element-6a0a1f9 elementor-widget elementor-widget-heading\" data-id=\"6a0a1f9\" data-element_type=\"widget\" data-widget_type=\"heading.default\">\n\t\t\t\t<div class=\"elementor-widget-container\">\n\t\t\t<h2 class=\"elementor-heading-title elementor-size-default\"><a href=\"\/wp-content\/uploads\/2024\/12\/2-Magistri-cir.pdf\" target=\"_blank\">Magistri<\/a><\/h2>\t\t<\/div>\n\t\t\t\t<\/div>\n\t\t\t\t<div class=\"elementor-element elementor-element-3c0e297 elementor-widget elementor-widget-heading\" data-id=\"3c0e297\" data-element_type=\"widget\" data-widget_type=\"heading.default\">\n\t\t\t\t<div class=\"elementor-widget-container\">\n\t\t\t<h2 class=\"elementor-heading-title elementor-size-default\"><a href=\"\/wp-content\/uploads\/2024\/12\/3-Master-cir.pdf\" target=\"_blank\">Master<\/a><\/h2>\t\t<\/div>\n\t\t\t\t<\/div>\n\t\t\t\t<div class=\"elementor-element elementor-element-87aa546 elementor-widget elementor-widget-heading\" data-id=\"87aa546\" data-element_type=\"widget\" data-widget_type=\"heading.default\">\n\t\t\t\t<div class=\"elementor-widget-container\">\n\t\t\t<h2 class=\"elementor-heading-title elementor-size-default\"><a href=\"\/wp-content\/uploads\/2024\/12\/4-Studenti-koji-su-diplomirali-cir-prvi-ciklus.pdf\" target=\"_blank\">Studenti koji su diplomirali - prvi ciklus<\/a><\/h2>\t\t<\/div>\n\t\t\t\t<\/div>\n\t\t\t\t<div class=\"elementor-element elementor-element-72e953d elementor-widget elementor-widget-gallery\" data-id=\"72e953d\" data-element_type=\"widget\" data-settings=\"{&quot;gallery_layout&quot;:&quot;justified&quot;,&quot;lazyload&quot;:&quot;yes&quot;,&quot;ideal_row_height&quot;:{&quot;unit&quot;:&quot;px&quot;,&quot;size&quot;:200,&quot;sizes&quot;:[]},&quot;ideal_row_height_tablet&quot;:{&quot;unit&quot;:&quot;px&quot;,&quot;size&quot;:150,&quot;sizes&quot;:[]},&quot;ideal_row_height_mobile&quot;:{&quot;unit&quot;:&quot;px&quot;,&quot;size&quot;:150,&quot;sizes&quot;:[]},&quot;gap&quot;:{&quot;unit&quot;:&quot;px&quot;,&quot;size&quot;:10,&quot;sizes&quot;:[]},&quot;gap_tablet&quot;:{&quot;unit&quot;:&quot;px&quot;,&quot;size&quot;:10,&quot;sizes&quot;:[]},&quot;gap_mobile&quot;:{&quot;unit&quot;:&quot;px&quot;,&quot;size&quot;:10,&quot;sizes&quot;:[]},&quot;link_to&quot;:&quot;file&quot;,&quot;overlay_background&quot;:&quot;yes&quot;,&quot;content_hover_animation&quot;:&quot;fade-in&quot;}\" data-widget_type=\"gallery.default\">\n\t\t\t\t<div class=\"elementor-widget-container\">\n\t\t\t\t\t<div class=\"elementor-gallery__container\">\n\t\t\t\t\t\t\t<a class=\"e-gallery-item elementor-gallery-item elementor-animated-content\" href=\"https:\/\/novi.efb.ues.rs.ba\/wp-content\/uploads\/2024\/09\/studenti-1.webp\" data-elementor-open-lightbox=\"yes\" data-elementor-lightbox-slideshow=\"72e953d\" data-elementor-lightbox-title=\"studenti-1\" data-e-action-hash=\"#elementor-action%3Aaction%3Dlightbox%26settings%3DeyJpZCI6MTMwNSwidXJsIjoiaHR0cHM6XC9cL25vdmkuZWZiLnVlcy5ycy5iYVwvd3AtY29udGVudFwvdXBsb2Fkc1wvMjAyNFwvMDlcL3N0dWRlbnRpLTEud2VicCIsInNsaWRlc2hvdyI6IjcyZTk1M2QifQ%3D%3D\">\n\t\t\t\t\t<div class=\"e-gallery-image elementor-gallery-item__image\" data-thumbnail=\"https:\/\/novi.efb.ues.rs.ba\/wp-content\/uploads\/2024\/09\/studenti-1.webp\" data-width=\"2000\" data-height=\"1125\" aria-label=\"\" role=\"img\" ><\/div>\n\t\t\t\t\t\t\t\t\t\t\t<div class=\"elementor-gallery-item__overlay\"><\/div>\n\t\t\t\t\t\t\t\t\t\t\t\t\t\t<\/a>\n\t\t\t\t\t\t\t<a class=\"e-gallery-item elementor-gallery-item elementor-animated-content\" href=\"https:\/\/novi.efb.ues.rs.ba\/wp-content\/uploads\/2024\/09\/studenti-2.webp\" data-elementor-open-lightbox=\"yes\" data-elementor-lightbox-slideshow=\"72e953d\" data-elementor-lightbox-title=\"studenti-2\" data-e-action-hash=\"#elementor-action%3Aaction%3Dlightbox%26settings%3DeyJpZCI6MTMwNiwidXJsIjoiaHR0cHM6XC9cL25vdmkuZWZiLnVlcy5ycy5iYVwvd3AtY29udGVudFwvdXBsb2Fkc1wvMjAyNFwvMDlcL3N0dWRlbnRpLTIud2VicCIsInNsaWRlc2hvdyI6IjcyZTk1M2QifQ%3D%3D\">\n\t\t\t\t\t<div class=\"e-gallery-image elementor-gallery-item__image\" data-thumbnail=\"https:\/\/novi.efb.ues.rs.ba\/wp-content\/uploads\/2024\/09\/studenti-2.webp\" data-width=\"2000\" data-height=\"1125\" aria-label=\"\" role=\"img\" ><\/div>\n\t\t\t\t\t\t\t\t\t\t\t<div class=\"elementor-gallery-item__overlay\"><\/div>\n\t\t\t\t\t\t\t\t\t\t\t\t\t\t<\/a>\n\t\t\t\t\t\t\t<a class=\"e-gallery-item elementor-gallery-item elementor-animated-content\" href=\"https:\/\/novi.efb.ues.rs.ba\/wp-content\/uploads\/2024\/09\/studenti-3.webp\" data-elementor-open-lightbox=\"yes\" data-elementor-lightbox-slideshow=\"72e953d\" data-elementor-lightbox-title=\"studenti-3\" data-e-action-hash=\"#elementor-action%3Aaction%3Dlightbox%26settings%3DeyJpZCI6MTMwNywidXJsIjoiaHR0cHM6XC9cL25vdmkuZWZiLnVlcy5ycy5iYVwvd3AtY29udGVudFwvdXBsb2Fkc1wvMjAyNFwvMDlcL3N0dWRlbnRpLTMud2VicCIsInNsaWRlc2hvdyI6IjcyZTk1M2QifQ%3D%3D\">\n\t\t\t\t\t<div class=\"e-gallery-image elementor-gallery-item__image\" data-thumbnail=\"https:\/\/novi.efb.ues.rs.ba\/wp-content\/uploads\/2024\/09\/studenti-3.webp\" data-width=\"2000\" data-height=\"1125\" aria-label=\"\" role=\"img\" ><\/div>\n\t\t\t\t\t\t\t\t\t\t\t<div class=\"elementor-gallery-item__overlay\"><\/div>\n\t\t\t\t\t\t\t\t\t\t\t\t\t\t<\/a>\n\t\t\t\t\t\t\t<a class=\"e-gallery-item elementor-gallery-item elementor-animated-content\" href=\"https:\/\/novi.efb.ues.rs.ba\/wp-content\/uploads\/2024\/09\/studenti-4.webp\" data-elementor-open-lightbox=\"yes\" data-elementor-lightbox-slideshow=\"72e953d\" data-elementor-lightbox-title=\"studenti-4\" data-e-action-hash=\"#elementor-action%3Aaction%3Dlightbox%26settings%3DeyJpZCI6MTMwOCwidXJsIjoiaHR0cHM6XC9cL25vdmkuZWZiLnVlcy5ycy5iYVwvd3AtY29udGVudFwvdXBsb2Fkc1wvMjAyNFwvMDlcL3N0dWRlbnRpLTQud2VicCIsInNsaWRlc2hvdyI6IjcyZTk1M2QifQ%3D%3D\">\n\t\t\t\t\t<div class=\"e-gallery-image elementor-gallery-item__image\" data-thumbnail=\"https:\/\/novi.efb.ues.rs.ba\/wp-content\/uploads\/2024\/09\/studenti-4.webp\" data-width=\"2000\" data-height=\"1125\" aria-label=\"\" role=\"img\" ><\/div>\n\t\t\t\t\t\t\t\t\t\t\t<div class=\"elementor-gallery-item__overlay\"><\/div>\n\t\t\t\t\t\t\t\t\t\t\t\t\t\t<\/a>\n\t\t\t\t\t\t\t<a class=\"e-gallery-item elementor-gallery-item elementor-animated-content\" href=\"https:\/\/novi.efb.ues.rs.ba\/wp-content\/uploads\/2024\/09\/studenti-5.webp\" data-elementor-open-lightbox=\"yes\" data-elementor-lightbox-slideshow=\"72e953d\" data-elementor-lightbox-title=\"studenti-5\" data-e-action-hash=\"#elementor-action%3Aaction%3Dlightbox%26settings%3DeyJpZCI6MTMwOSwidXJsIjoiaHR0cHM6XC9cL25vdmkuZWZiLnVlcy5ycy5iYVwvd3AtY29udGVudFwvdXBsb2Fkc1wvMjAyNFwvMDlcL3N0dWRlbnRpLTUud2VicCIsInNsaWRlc2hvdyI6IjcyZTk1M2QifQ%3D%3D\">\n\t\t\t\t\t<div class=\"e-gallery-image elementor-gallery-item__image\" data-thumbnail=\"https:\/\/novi.efb.ues.rs.ba\/wp-content\/uploads\/2024\/09\/studenti-5.webp\" data-width=\"2000\" data-height=\"1125\" aria-label=\"\" role=\"img\" ><\/div>\n\t\t\t\t\t\t\t\t\t\t\t<div class=\"elementor-gallery-item__overlay\"><\/div>\n\t\t\t\t\t\t\t\t\t\t\t\t\t\t<\/a>\n\t\t\t\t\t\t\t<a class=\"e-gallery-item elementor-gallery-item elementor-animated-content\" href=\"https:\/\/novi.efb.ues.rs.ba\/wp-content\/uploads\/2024\/09\/studenti-6.webp\" data-elementor-open-lightbox=\"yes\" data-elementor-lightbox-slideshow=\"72e953d\" data-elementor-lightbox-title=\"studenti-6\" data-e-action-hash=\"#elementor-action%3Aaction%3Dlightbox%26settings%3DeyJpZCI6MTMxMCwidXJsIjoiaHR0cHM6XC9cL25vdmkuZWZiLnVlcy5ycy5iYVwvd3AtY29udGVudFwvdXBsb2Fkc1wvMjAyNFwvMDlcL3N0dWRlbnRpLTYud2VicCIsInNsaWRlc2hvdyI6IjcyZTk1M2QifQ%3D%3D\">\n\t\t\t\t\t<div class=\"e-gallery-image elementor-gallery-item__image\" data-thumbnail=\"https:\/\/novi.efb.ues.rs.ba\/wp-content\/uploads\/2024\/09\/studenti-6.webp\" data-width=\"2000\" data-height=\"1125\" aria-label=\"\" role=\"img\" ><\/div>\n\t\t\t\t\t\t\t\t\t\t\t<div class=\"elementor-gallery-item__overlay\"><\/div>\n\t\t\t\t\t\t\t\t\t\t\t\t\t\t<\/a>\n\t\t\t\t\t<\/div>\n\t\t\t<\/div>\n\t\t\t\t<\/div>\n\t\t\t\t\t<\/div>\n\t\t\t\t<\/div>\n\t\t\t\t<\/div>","protected":false},"excerpt":{"rendered":"<p>\u0410\u043b\u0443\u043c\u043d\u0438 \u0423\u0414\u0420\u0423\u0416\u0415\u040a\u0415 \u0414\u0418\u041f\u041b\u041e\u041c\u0418\u0420\u0410\u041d\u0418\u0425 \u0421\u0422\u0423\u0414\u0415\u041d\u0410\u0422\u0410 \u0415\u041a\u041e\u041d\u041e\u041c\u0421\u041a\u041e\u0413 \u0424\u0410\u041a\u0423\u041b\u0422\u0415\u0422\u0410 \u0411\u0420\u0427\u041a\u041e \u041d\u0430 \u0415\u043a\u043e\u043d\u043e\u043c\u0441\u043a\u043e\u043c \u0444\u0430\u043a\u0443\u043b\u0442\u0435\u0442\u0443 \u0411\u0440\u0447\u043a\u043e \u0423\u043d\u0438\u0432\u0435\u0440\u0437\u0438\u0442\u0435\u0442\u0430 \u0443 \u0418\u0441\u0442\u043e\u0447\u043d\u043e\u043c \u0421\u0430\u0440\u0430\u0458\u0435\u0432\u0443, \u0443 \u043f\u043e\u043d\u0435\u0434\u0458\u0435\u0459\u0430\u043a 05.09.2016. \u0433\u043e\u0434\u0438\u043d\u0435, \u043e\u0434\u0440\u0436\u0430\u043d\u0430 \u0458\u0435 \u043f\u0440\u0432\u0430 (\u043e\u0441\u043d\u0438\u0432\u0430\u0447\u043a\u0430) \u0441\u0458\u0435\u0434\u043d\u0438\u0446\u0430 \u0421\u043a\u0443\u043f\u0448\u0442\u0438\u043d\u0435 \u0423\u0434\u0440\u0443\u0436\u0435\u045a\u0430 \u0434\u0438\u043f\u043b\u043e\u043c\u0438\u0440\u0430\u043d\u0438\u0445 \u0441\u0442\u0443\u0434\u0435\u043d\u0430\u0442\u0430 \u0415\u043a\u043e\u043d\u043e\u043c\u0441\u043a\u043e\u0433 \u0444\u0430\u043a\u0443\u043b\u0442\u0435\u0442\u0430 \u0411\u0440\u0447\u043a\u043e. \u041d\u0430\u043a\u043e\u043d \u0434\u043e\u043d\u043e\u0448\u0435\u045a\u0430 \u043e\u0441\u043d\u0438\u0432\u0430\u0447\u043a\u043e\u0433 \u0430\u043a\u0442\u0430, \u0442\u0435 \u0440\u0430\u0437\u043c\u0430\u0442\u0440\u0430\u045a\u0430 \u0438 \u0443\u0441\u0432\u0430\u0458\u0430\u045a\u0430 \u0421\u0442\u0430\u0442\u0443\u0442\u0430 \u0438\u0437\u0430\u0431\u0440\u0430\u043d\u043e \u0458\u0435 \u0440\u0443\u043a\u043e\u0432\u043e\u0434\u0441\u0442\u0432\u043e \u0423\u0434\u0440\u0443\u0436\u0435\u045a\u0430. \u0417\u0430 \u043f\u0440\u0435\u0434\u0441\u0458\u0435\u0434\u043d\u0438\u043a\u0430 \u0423\u0434\u0440\u0443\u0436\u0435\u045a\u0430 \u0458\u0435 \u0438\u0437\u0430\u0431\u0440\u0430\u043d \u043f\u0440\u043e\u0444. \u0434\u0440 \u041c\u043e\u043c\u0447\u0438\u043b\u043e \u041f\u043e\u0459\u0438\u045b, \u0437\u0430 \u043f\u043e\u0442\u043f\u0440\u0435\u0434\u0441\u0458\u0435\u0434\u043d\u0438\u043a\u0430 [&hellip;]<\/p>","protected":false},"author":2,"featured_media":0,"parent":0,"menu_order":0,"comment_status":"closed","ping_status":"closed","template":"","meta":{"footnotes":""},"folder":[],"class_list":["post-614","page","type-page","status-publish","hentry"],"_links":{"self":[{"href":"https:\/\/novi.efb.ues.rs.ba\/lat\/wp-json\/wp\/v2\/pages\/614"}],"collection":[{"href":"https:\/\/novi.efb.ues.rs.ba\/lat\/wp-json\/wp\/v2\/pages"}],"about":[{"href":"https:\/\/novi.efb.ues.rs.ba\/lat\/wp-json\/wp\/v2\/types\/page"}],"author":[{"embeddable":true,"href":"https:\/\/novi.efb.ues.rs.ba\/lat\/wp-json\/wp\/v2\/users\/2"}],"replies":[{"embeddable":true,"href":"https:\/\/novi.efb.ues.rs.ba\/lat\/wp-json\/wp\/v2\/comments?post=614"}],"version-history":[{"count":19,"href":"https:\/\/novi.efb.ues.rs.ba\/lat\/wp-json\/wp\/v2\/pages\/614\/revisions"}],"predecessor-version":[{"id":4749,"href":"https:\/\/novi.efb.ues.rs.ba\/lat\/wp-json\/wp\/v2\/pages\/614\/revisions\/4749"}],"wp:attachment":[{"href":"https:\/\/novi.efb.ues.rs.ba\/lat\/wp-json\/wp\/v2\/media?parent=614"}],"wp:term":[{"taxonomy":"folder","embeddable":true,"href":"https:\/\/novi.efb.ues.rs.ba\/lat\/wp-json\/wp\/v2\/folder?post=614"}],"curies":[{"name":"wp","href":"https:\/\/api.w.org\/{rel}","templated":true}]}}