


{"id":616,"date":"2024-09-11T12:46:10","date_gmt":"2024-09-11T12:46:10","guid":{"rendered":"https:\/\/fakultet.kremicalex.com\/?page_id=616"},"modified":"2024-12-16T14:08:21","modified_gmt":"2024-12-16T14:08:21","slug":"%d1%81%d0%b0%d0%b2%d0%b5%d0%b7-%d1%81%d1%82%d1%80%d1%83%d0%b4%d0%b5%d0%bd%d0%b0%d1%82%d0%b0","status":"publish","type":"page","link":"https:\/\/novi.efb.ues.rs.ba\/lat\/%d1%81%d0%b0%d0%b2%d0%b5%d0%b7-%d1%81%d1%82%d1%80%d1%83%d0%b4%d0%b5%d0%bd%d0%b0%d1%82%d0%b0\/","title":{"rendered":"Savez Studenata"},"content":{"rendered":"<div data-elementor-type=\"wp-page\" data-elementor-id=\"616\" class=\"elementor elementor-616\" data-elementor-post-type=\"page\">\n\t\t\t\t<div class=\"elementor-element elementor-element-41c3826 e-flex e-con-boxed e-con e-parent\" data-id=\"41c3826\" data-element_type=\"container\">\n\t\t\t\t\t<div class=\"e-con-inner\">\n\t\t\t\t<div class=\"elementor-element elementor-element-d57d044 elementor-widget elementor-widget-heading\" data-id=\"d57d044\" data-element_type=\"widget\" data-widget_type=\"heading.default\">\n\t\t\t\t<div class=\"elementor-widget-container\">\n\t\t\t<h2 class=\"elementor-heading-title elementor-size-default\">SAVEZ STUDENATA - EFB<\/h2>\t\t<\/div>\n\t\t\t\t<\/div>\n\t\t\t\t<div class=\"elementor-element elementor-element-d34169c elementor-widget elementor-widget-text-editor\" data-id=\"d34169c\" data-element_type=\"widget\" data-widget_type=\"text-editor.default\">\n\t\t\t\t<div class=\"elementor-widget-container\">\n\t\t\t\t\t\t\t<p><span style=\"color: #000000;\">Savez studenata Ekonomskog fakulteta Br\u010dko je nezavisna organizacija koja okuplja sve studente Fakulteta.<\/span><\/p><p><span style=\"color: #000000;\">\u010clanovi rukovodstva Saveza studenata EKOF-a Br\u010dko:<\/span><\/p><p><span style=\"color: #000000;\">Predsjednik saveza: Tamara Trupini\u0107<\/span><\/p><p><span style=\"color: #000000;\">Podpredsjednik: Hasan Me\u0161i\u0107<\/span><\/p><p><span style=\"color: #000000;\">Zamjenik: \u0110uka Petrovi\u0107<\/span><\/p><p><span style=\"color: #000000;\">Sekretar: Damir Huselji\u0107<\/span><\/p><p><span style=\"color: #000000;\">Student prodekan: Stanojka \u0106irkovi\u0107\u00a0<\/span><\/p><p><span style=\"color: #000000;\">e-mail: <strong><a style=\"color: #000000;\" href=\"mailto:efbsavezstudenata@gmail.com\">efbsavezstudenata@gmail.com<\/a><\/strong><\/span><\/p>\t\t\t\t\t\t<\/div>\n\t\t\t\t<\/div>\n\t\t\t\t<div class=\"elementor-element elementor-element-69bad97 elementor-widget elementor-widget-heading\" data-id=\"69bad97\" data-element_type=\"widget\" data-widget_type=\"heading.default\">\n\t\t\t\t<div class=\"elementor-widget-container\">\n\t\t\t<h2 class=\"elementor-heading-title elementor-size-default\">AKTIVNOSTI SAVEZA STUDENATA<\/h2>\t\t<\/div>\n\t\t\t\t<\/div>\n\t\t\t\t<div class=\"elementor-element elementor-element-a25ea5f elementor-widget elementor-widget-text-editor\" data-id=\"a25ea5f\" data-element_type=\"widget\" data-widget_type=\"text-editor.default\">\n\t\t\t\t<div class=\"elementor-widget-container\">\n\t\t\t\t\t\t\t<p>Sa po\u010detkom 2018.\/2019. \u0161kolske godine studenti Ekonomskog fakulteta Br\u010dko su realizovali nekoliko svojih vannastavnih aktivnosti. Me\u0111u bitnim de\u0161avanjima su: Konferencija \u201ePa\u017enja, mladi govore\u201c, u organizaciji E4U; Ljetna \u0161kola ekonomije u Ni\u0161u; Jahorina biznis forum 2018.\/19.; Studentski ekonomski forum \u201eEfikon\u201c Tuzla; Regionalni samit studenata ekonomije u Beogradu; Ljetna \u0161kola na Univerzitetu u Voronje\u017eu 2018.\/19.; Posjeta profesora i studenata ruskog grada Voronje\u017e Br\u010dkom i Ekonomskom fakultetu Br\u010dko.<\/p><p>10.10.2018. predstavnici OEBS-a odr\u017eali su obuku o strate\u0161kom planiranju. Obuci su prisustvovali Koalicija Srebrenice, nevladine organizacije Vermont i Svitac, te na\u0161 Savez studenata. 18.10.2018. Komisija za evropske integracije Skup\u0161tine Br\u010dko distrikta BiH, uz podr\u0161ku EU Info Centra Br\u010dko i Misije OEBS-a, je organizovala Dan otvorenih vrata, gdje se govorilo o zna\u010daju mladih u procesu evropskih integracija, te o mogu\u0107nostima koje se pru\u017eaju mladima i studentima kroz saradnju sa nevladinim sektorom.<\/p><p>24.10.2018. uspje\u0161na saradnja Saveza studenata sa EU Info Centrom Br\u010dko omogu\u0107ila je na\u0161im studentima susret sa Lars-Gunarom Vigemarkom, \u0161efom Delegacije Evropske Unije u BiH. Razgovaralo se o evropskim integracijama u Bosni i Hercegovini, problemima Luke Br\u010dko i istaknuta je potreba da mladi treba da zauzmu zna\u010dajnu ulogu u procesima koji \u010dekaju BiH na putu ka EU. Studentima Ekonomskog fakulteta u Br\u010dkom omogu\u0107eno je u\u010de\u0161\u0107e u projektu \u201eMetar problema, 100 metara rje\u0161enja na putu ka EU\u201c, koji je odr\u017ean u Sarajevu 4. i 5. novembra.\u00a0<\/p><p>28.10.2018. na\u0161i su studenti posjetili sajam knjiga u Beogradu.<\/p><p>10.11.2018. odr\u017eana je \u010cetvrta Me\u0111unarodna konferencija Ekonomskog fakulteta Br\u010dko, za koju su na\u0161i studenti pripremili prezentacije na teme uvo\u0111enja menze na na\u0161 Fakultet, organizovanja ferijalne prakse, modernizacije studijskog programa, organizovanje sportskih aktivnosti, fokusiraju\u0107i se na ono na \u010demu treba da se radi kad je u pitanju Ekonomski fakultet u Br\u010dkom. Na\u0161i su studenti obavili ferijalnu praksu u Rusiji.<\/p><p>27.11.2018. studenti Ekonomskog fakulteta Br\u010dko u\u010destvovali su na Me\u0111unarodnoj konferenciji \u201eStudenti u susret nauci\u201c, u organizaciji studenata Univerziteta u Banja Luci.\u00a0<\/p><p>10.02.2018. na\u0161 student, Vladimir Kanostrevac je oti\u0161ao na razmjenu studenata u Rusiju, grad Voronje\u017e, gdje je mjesec dana prolazio kroz razne obuke.\u00a0<\/p><p>15.02.2018. profesori su sa studentima uzeli u\u010de\u0161\u0107e na Ekonomskom forumu BiH, koji se po drugi put odr\u017eao u na\u0161oj zemlji. Forum je okupio predstavnike vlasti, poslovne i akademske zajednice, \u010diji je zajedni\u010dki cilj unapre\u0111enje ekonomskog i poslovnog ambijenta u BiH.<\/p><p>05.03.2018. u okviru obilje\u017eavanja 18. godina Br\u010dko distrikta BiH, Asocijacija mladih Br\u010dko u saradnji sa Ekonomskim fakultetom Br\u010dko u punom amfiteatru Fakulteta organizovala je promociju monografije prof. dr. \u201eHasan Hani\u0107\u201c \u2013 \u017divot i djelo\u201c. Predstavljena monografija ukazala je mladima, u\u010denicima i studentima koliko \u010dovjek mo\u017ee da svojim radom, planom i organizacijom ostvari dobre rezultate na akademskom, nau\u010dnom, poslovnom, kao i na \u017eivotnom planu.<\/p><p>20.03.2018. \u2013 Program \u201eWorld Life Experience\u201c \u2013 posjeta Ekonomskom fakultetu Br\u010dko \u2013 Na\u0161 fakultet je imao priliku da se upozna sa studentima iz raznih dijelova svijeta (\u0160panija, Portugal, Ukrajina, Rusija, Velika Britanija, Brazil, Argentina, Sjedinjene Ameri\u010dke Dr\u017eave, Zelenortska Ostrva i Venecuela) koji kroz ovaj program putuju \u0161irom planete tokom cijele godine. Studenti koji su bili u posjeti na\u0161em Fakultetu studiraju na jednom od najpresti\u017enijih univerziteta kao \u0161to su Univerzitet Kolumbija, Moskovski Dr\u017eavni Univerzitet, Dandi Univerzitet u \u0160kotskoj i drugi.<\/p><p>Kao dru\u0161tveno odgovorna institucija, Ekonomski fakultet Br\u010dko je u saradnji sa JU Ekonomskom \u0161kolom i JU Poljoprivrednom i medicinskom \u0161kolom organizovao obilje\u017eavanje Dana planete Zemlje, 22.april.<\/p><p>29.04.2018. \u2013 Na na\u0161em Fakultetu se organizuje svake godine, u saradnji sa Vladom Br\u010dko distrikta i Unijom studenata RS, studentska konferencija, \u010diji je cilj da se pobolj\u0161a kvalitet \u017eivota mladih, te da se na\u0111e idejno rje\u0161enje da mladi ostanu na ovim podru\u010djima. U\u010de\u0161\u0107e su uzeli studenti iz Srbije, Crne Gore, Makedonije i Bosne i Hercegovine, kao i studenti iz Kine, Rusije i Slovenije.<\/p><p>Na Ekonomskom fakultetu Banja Luka u periodu od 26. do 27.05. 2018., odr\u017eana je konferencija \u201eZaposli se i pokreni svoj biznis 2018\u201c, na kojoj se posebno istakao zna\u010daj ostanka mladih u ovoj dr\u017eavi, a poseban akcenat je bio na tome da se \u017eene trebaju vi\u0161e uklju\u010diti u preduzetni\u0161tvo.<\/p><p>U periodu od 02.07.2018. do 27.07.2018. godine, studenti Ekonomskog fakulteta Br\u010dko su obavili ferijalnu praksu u Centralnoj banci Bosne i Hercegovine Filijala Br\u010dko, koju poha\u0111aju redovni studenti tre\u0107e i \u010detvrte godine fakulteta i studenti postdiplomskih studija. Prilikom obavljanja ferijalne prakse, koja je trajala \u010detiri sedmice, studenti su bili zadu\u017eeni da vode dnevnik ferijalne prakse, koji kontroli\u0161e i ovjerava njihov mentor.<\/p><p>Na\u0161 Fakultet je u saradnji sa organizacijom \u201eSVITAC\u201c ugostio studente Univerziteta Gete iz Frankfurta, 20. 08. 2018. godine. Studente je interesovalo kakav je na\u0161 sistem studija, kolika je \u0161kolarina, udio mu\u0161kih i \u017eenskih studenata na Fakultetu, te da li postoji odre\u0111ena dr\u017eavna pomo\u0107 studentima na\u0161eg Fakulteta. Razmijenjena su iskustva po pitanju studentske organizacije, zanimalo ih je da li je na\u0161a studentska organizacija involvirana u politiku Univerziteta, te da li na\u0161i studenti imaju pravo glasa pri dono\u0161enju odluka Univerziteta.<\/p><p>Na\u0161 student, Vladimir Kanostrevac je 26. i 27. oktobra 2018. godine u\u010destvovao na forumu Evropskog centra za mir i razvoj. Tema foruma bila je \u201eMo\u0107 mladih za zajedni\u010dku budu\u0107nost\u201c. Forum je odr\u017ean u beogradskoj skup\u0161tini grada, na kom su u\u010de\u0161\u0107e uzeli mladi iz svih dijelova svijeta. Me\u0111u govornicima su bili ugledni profesori sa poznatih univerziteta, te \u010dlanovi svjetskih organizacija.<\/p><p>Studenti Ekonomskog fakulteta Br\u010dko i u\u010denici Ekonomske \u0161kole Br\u010dko u\u010destvovali su na 7. Dunavskom biznis forumu 13.11.2018., na kojem su u\u010destvovali predstavnici iz 14 zemalja. Tema: \u201eDUNAVSKA STRATEGIJA, POZITIVNA ISKUSTVA I O\u010cEKIVANjA.\u201c Zapa\u017eeno izlaganje imao je dekan dr Sr\u0111an Lali\u0107. Fakultet je po zavr\u0161etku foruma dobio poziv za u\u010de\u0161\u0107e u me\u0111unarodnim projektima.<\/p><p>U okviru ERASMUS + KA1 programa mobilnosti, student Ekonomskog fakulteta Br\u010dko Mirjana Moji\u0107 oti\u0161la na razmjenu studenata na Univerzitet Haen u \u0160paniji gdje je boravila cijelu akademsku 2018.\/2019. godinu. Erasmus je program Evropske unije kojem je osnovni cilj podizanje kvaliteta visokog obrazovanja i promocija me\u0111unarodnog dijaloga kroz mobilnost i akademsku saradnju. Programom je obuhva\u0107ena i mjese\u010dna stipendija u iznosu od 800 eura za tro\u0161kove \u017eivota kao i putni tro\u0161kovi. Odlazak na\u0161eg studenta u \u0160paniju kroz program razmjene ERASMUS + KA1 projekat je od velikog zna\u010daja za na\u0161 fakultet jer prvenstveno dokazuje kvalitet na\u0161eg studijskog programa i kvalitet samog fakulteta. Mo\u017eemo da budemo ponosni \u0161to imamo predstavnika u ovom projektu.<\/p><p>U organizaciji Kancelarije specijalnog predstavnika Evropske unije u BiH 08.11.2018. godine je na Ekonomskom fakultetu u Br\u010dkom odr\u017eana javna diskusija o potrebi za nastavkom socio-ekonomskih reformi, sa ciljem da se pripadnicima akademske i poslovne zajednice, te predstavnicima nevladinog sektora i studentima pru\u017ei prilika za razgovor o prioritetima vlasti i konkretnim mjerama ka njihovom ispunjenju.<\/p><p>19.11.2018. \u2013 Savez studenata Ekonomskog fakulteta Br\u010dko i mre\u017ea \u201ePromovi\u0161i pozitivno\u201c, uz u\u010de\u0161\u0107e omladinskih organizacija, kancelarije OEBS-a i uz podr\u0161ku institucija Br\u010dko distrikta na Me\u0111unarodni dan tolerancije, organizovali su okrugli sto koji je bio fokusiran na ovu tematiku.<\/p><p>U utorak 12.03.2019. godine studenti Ekonomskog fakulteta Br\u010dko i u\u010denici iz JU Ekonomske \u0161kole Br\u010dko su bili u posjeti Ekonomskom fakultetu Sarajevo. Uprili\u010den je obilazak prostorija fakulteta u pratnji dr. Elvira \u010cizmi\u0107a, koji je tom prilikom upoznao na\u0161e studente i srednjo\u0161kolce sa na\u010dinom rada Ekonomskog fakulteta u Sarajevu.<\/p><p>U periodu od 29.03. do 30.03.2019. godine, odr\u017eana je jedna od najve\u0107ih me\u0111unarodnih konferencija za mlade ljude \u0161irom Evrope. LEAP SUMMIT je 2019. godine okupio oko 3000 delegata iz vi\u0161e od 40 zemalja, kao i 103 svjetski poznata predava\u010da. U\u010de\u0161\u0107e na ovoj konferenciji je uzelo vi\u0161e od hiljadu u\u010desnika iz cijelog svijeta, koji su bili fokusirani na teme vezane za me\u0111unarodnu saradnju i Evropsku uniju, preduzetni\u0161tvo, moderne trendove i inovacije, inspirativne pri\u010de i razvoj karijere. Na\u0161i studenti su zajedno sa dekanom prisustvovali ovoj konferenciji i imali su priliku da slu\u0161aju izlaganja svjetski poznatih govornika iz multinacionalnih kompanija, uspje\u0161nih preduzetnika i vode\u0107ih investitora iz Evrope, poput Branka Bari\u010devi\u0107a (projekat EU&amp;Me, u kojem su u\u010destvovali i na\u0161i studenti i osvojili drugo mjesto), Nenada Baki\u0107a, Mihaela Furjana, Mladena Pejkovi\u0107a i mnogih drugih. LEAP SUMMIT pru\u017ea veliki broj mogu\u0107nosti studentima i drugim mladim ljudima, bilo da se radi o projektima iz raznih oblasti, studiranju, razmjeni studenata, te praksi i zaposlenju u drugim dr\u017eavama.\u00a0<\/p><p>Pandemija bolesti COVID 19, je prvi put uo\u010dena 2019. godine, a ubrzo nakon toga se pro\u0161irila na cijeli svijet. U naredne dvije godine cijeli svijet se suo\u010dio sa posledicama pandemija, koje su se prije svega ogledale u otkazivanju svih javnih okupljanja, prebacivanju zaposlenih na rad od ku\u0107e, prebacivanje u\u010denika i studenata na nastavu na daljinu i podsticanje svih oblika virtuelnih odr\u017eavanja \u010dasova nastave i vje\u017ebi, sastanaka i sli\u010dno. U tom periodu veliki dio aktivnosti Saveza studenata Ekonomskog fakulteta Br\u010dko je otkazan.\u00a0<\/p><p>U 2024. godini studenti su imali priliku da u\u010destvuju u raznim aktivnostima koje pokrivaju \u0161irok spektar tema, od akademskih i kulturnih do sportskih i me\u0111unarodnih iskustava. Ove aktivnosti su im omogu\u0107ile da se razviju kao lideri, u\u010destvuju u globalnim diskusijama i steknu mno\u0161tvo znanja.<\/p><p>Jedna od prvih aktivnosti jeste u\u010de\u0161\u0107e na konferenciji \u201eSTARFEST\u201c. Studenti su prisustvovali presti\u017enoj STARFEST konferenciji, gdje su imali priliku da se upoznaju sa najnovijim trendovima u preduzetni\u0161tvu i tehnologiji, kao i da se pove\u017eu sa uspje\u0161nim preduzetnicima i investitorima.<\/p><p>Studentska konferencija \u201eJa\u010danje srpskog identiteta\u201c organizovana je sa ciljem diskusije o temama koje se odnose na o\u010duvanje i unapre\u0111enje srpske kulture i tradicije u savremenom dru\u0161tvu. Studenti su imali priliku da u\u010destvuju u va\u017enim razgovorima o zna\u010daju nacionalnog identiteta.<\/p><p>Organizovana je prva studentska konferencija na temu \u201eMultietni\u010dnost \u2013 snaga nove generacije\u201c koju je organizovao Savez studenata Ekonomskog fakulteta Br\u010dko uz podr\u0161ku Ekonomskog fakulteta Br\u010dko. Ova konferencija, koja je okupila veliki broj studenata iz raznih zemalja (Indije, Srbije, Rusije, Italije kao i iz Bosne i Hercegovine), pru\u017eila je platformu za diskusiju o multietni\u010dnosti, me\u0111usobnom razumevanju i kulturnoj razmjeni, kao i iskustvima o studiranju na razli\u010ditim Univerzitetima. Studenti su organizovali panel diskusije, radionice i interaktivne sesije, \u010dime su doprinijeli \u0161irenju pozitivnih vrijednosti multikulturalizma.<\/p><p>Studenti Ekonomskog fakulteta Br\u010dko su osvojili tre\u0107e mjesto u fudbalu na Univerzijadi koja je organizovana u Budvi. Na studentskoj sportskoj manifestaciji, na\u0161 tim je osvojio tre\u0107e mjesto u fudbalu, \u0161to je bio veliki uspjeh za na\u0161u akademsku zajednicu i dokaz da studenti isti\u010du ne samo u nauci, ve\u0107 i u sportskim disciplinama.<\/p><p>Studenti Ekonomskog fakulteta Br\u010dko su imali priliku da posjete manastir Kru\u0161edol, jedan od najzna\u010dajnijih kulturnih i vjerskih znamenitosti, kao i Sarajevo, gdje su se upoznali sa bogatim kulturno-istorijskim naslije\u0111em ovog grada.<\/p><p>Studenti su u\u010destvovali na Dunavskom biznis forumu, gdje su imali priliku da se upoznaju sa poslovnim mogu\u0107nostima u regionu, kao i da uspostave kontakte sa poslovnim liderima i predstavnicima vlasti. Na Sajmu knjiga odr\u017eanom u Beogradu, studenti su prisustvovali promocijama novih izdanja, u\u010destvovali u diskusijama  i istra\u017eivali nove oblasti znanja i na taj na\u010din doprinijeli razvoju kulturnih aktivnosti na fakultetu.<\/p><p>Kroz brojna predavanja odr\u017eana na fakultetu u organizaciji NICEF-a, studenti su imali priliku da upoznaju stru\u010dnjake iz razli\u010ditih oblasti. Ova predavanja su pokrivala \u0161irok spektar tema, od inovacija do me\u0111unarodnih odnosa, i omogu\u0107ila studentima da pro\u0161ire svoje akademske horizonte.<\/p><p>Studenti su aktivno u\u010destvovali u COWEB projektu koji je podrazumevao saradnju sa studentima i institucijama iz drugih zemalja. Kroz ovaj projekat studenti su imali priliku da razviju svoje profesionalne vje\u0161tine, rade na me\u0111unarodnim zadacima i u\u010destvuju u interkulturalnim timovima.<\/p><p>Studenti su prisustvovali konferenciji omladinskog preduzetni\u0161tva u Bijeljini koja je bila posve\u0107ena inovativnosti i preduzetni\u010dkom duhu me\u0111u mladima.<\/p><p>Na\u0161i studenti su  osvojili tre\u0107e mjesto za promotivni video koji je prikupio najve\u0107i broj lajkova na dru\u0161tvenim mre\u017eama. Ovaj uspjeh je istakao kreativnost i anga\u017eovanje studenata u promociji.<\/p><p>Studenti su tokom godine organizovali i u\u010destvovali u brojnim humanitarnim akcijama za prikupljanje pomo\u0107i i na taj na\u010din su pokazali visok stepen dru\u0161tvene odgovornosti i solidarnosti, podr\u017eavaju\u0107i one kojima je pomo\u0107 najpotrebnija.<\/p><p>Obavljanje prakse, kako u doma\u0107im kompanijama, tako i u me\u0111unarodnim organizacijama, omogu\u0107ila je studentima Ekonomskog fakulteta Br\u010dko da steknu prakti\u010dne vje\u0161tine i radno iskustvo u oblastima kao \u0161to su marketing, menad\u017ement i ra\u010dunovodstvo, \u0161to je doprinijelo njihovom profesionalnom razvoju i pripremi za tr\u017ei\u0161te rada.<\/p>\t\t\t\t\t\t<\/div>\n\t\t\t\t<\/div>\n\t\t\t\t\t<\/div>\n\t\t\t\t<\/div>\n\t\t\t\t<\/div>","protected":false},"excerpt":{"rendered":"<p>\u0421\u0410\u0412\u0415\u0417 \u0421\u0422\u0423\u0414\u0415\u041d\u0410\u0422\u0410 &#8211; \u0415\u0424\u0411 \u0421\u0430\u0432\u0435\u0437 \u0441\u0442\u0443\u0434\u0435\u043d\u0430\u0442\u0430 \u0415\u043a\u043e\u043d\u043e\u043c\u0441\u043a\u043e\u0433 \u0444\u0430\u043a\u0443\u043b\u0442\u0435\u0442\u0430 \u0411\u0440\u0447\u043a\u043e \u0458\u0435 \u043d\u0435\u0437\u0430\u0432\u0438\u0441\u043d\u0430 \u043e\u0440\u0433\u0430\u043d\u0438\u0437\u0430\u0446\u0438\u0458\u0430 \u043a\u043e\u0458\u0430 \u043e\u043a\u0443\u043f\u0459\u0430 \u0441\u0432\u0435 \u0441\u0442\u0443\u0434\u0435\u043d\u0442\u0435 \u0424\u0430\u043a\u0443\u043b\u0442\u0435\u0442\u0430. \u0427\u043b\u0430\u043d\u043e\u0432\u0438 \u0440\u0443\u043a\u043e\u0432\u043e\u0434\u0441\u0442\u0432\u0430 \u0421\u0430\u0432\u0435\u0437\u0430 \u0441\u0442\u0443\u0434\u0435\u043d\u0430\u0442\u0430 \u0415\u041a\u041e\u0424-\u0430 \u0411\u0440\u0447\u043a\u043e: \u041f\u0440\u0435\u0434\u0441\u0458\u0435\u0434\u043d\u0438\u043a \u0441\u0430\u0432\u0435\u0437\u0430: \u0422\u0430\u043c\u0430\u0440\u0430 \u0422\u0440\u0443\u043f\u0438\u043d\u0438\u045b \u041f\u043e\u0434\u043f\u0440\u0435\u0434\u0441\u0458\u0435\u0434\u043d\u0438\u043a: \u0425\u0430\u0441\u0430\u043d \u041c\u0435\u0448\u0438\u045b \u0417\u0430\u043c\u0458\u0435\u043d\u0438\u043a: \u0402\u0443\u043a\u0430 \u041f\u0435\u0442\u0440\u043e\u0432\u0438\u045b \u0421\u0435\u043a\u0440\u0435\u0442\u0430\u0440: \u0414\u0430\u043c\u0438\u0440 \u0425\u0443\u0441\u0435\u0459\u0438\u045b \u0421\u0442\u0443\u0434\u0435\u043d\u0442 \u043f\u0440\u043e\u0434\u0435\u043a\u0430\u043d: \u0421\u0442\u0430\u043d\u043e\u0458\u043a\u0430 \u040b\u0438\u0440\u043a\u043e\u0432\u0438\u045b\u00a0 e-mail: efbsavezstudenata@gmail.com \u0410\u041a\u0422\u0418\u0412\u041d\u041e\u0421\u0422\u0418 \u0421\u0410\u0412\u0415\u0417\u0410 \u0421\u0422\u0423\u0414\u0415\u041d\u0410\u0422\u0410 \u0421\u0430 \u043f\u043e\u0447\u0435\u0442\u043a\u043e\u043c 2018.\/2019. \u0448\u043a\u043e\u043b\u0441\u043a\u0435 \u0433\u043e\u0434\u0438\u043d\u0435 \u0441\u0442\u0443\u0434\u0435\u043d\u0442\u0438 \u0415\u043a\u043e\u043d\u043e\u043c\u0441\u043a\u043e\u0433 \u0444\u0430\u043a\u0443\u043b\u0442\u0435\u0442\u0430 \u0411\u0440\u0447\u043a\u043e \u0441\u0443 [&hellip;]<\/p>","protected":false},"author":2,"featured_media":0,"parent":0,"menu_order":0,"comment_status":"closed","ping_status":"closed","template":"","meta":{"footnotes":""},"folder":[],"class_list":["post-616","page","type-page","status-publish","hentry"],"_links":{"self":[{"href":"https:\/\/novi.efb.ues.rs.ba\/lat\/wp-json\/wp\/v2\/pages\/616"}],"collection":[{"href":"https:\/\/novi.efb.ues.rs.ba\/lat\/wp-json\/wp\/v2\/pages"}],"about":[{"href":"https:\/\/novi.efb.ues.rs.ba\/lat\/wp-json\/wp\/v2\/types\/page"}],"author":[{"embeddable":true,"href":"https:\/\/novi.efb.ues.rs.ba\/lat\/wp-json\/wp\/v2\/users\/2"}],"replies":[{"embeddable":true,"href":"https:\/\/novi.efb.ues.rs.ba\/lat\/wp-json\/wp\/v2\/comments?post=616"}],"version-history":[{"count":40,"href":"https:\/\/novi.efb.ues.rs.ba\/lat\/wp-json\/wp\/v2\/pages\/616\/revisions"}],"predecessor-version":[{"id":4746,"href":"https:\/\/novi.efb.ues.rs.ba\/lat\/wp-json\/wp\/v2\/pages\/616\/revisions\/4746"}],"wp:attachment":[{"href":"https:\/\/novi.efb.ues.rs.ba\/lat\/wp-json\/wp\/v2\/media?parent=616"}],"wp:term":[{"taxonomy":"folder","embeddable":true,"href":"https:\/\/novi.efb.ues.rs.ba\/lat\/wp-json\/wp\/v2\/folder?post=616"}],"curies":[{"name":"wp","href":"https:\/\/api.w.org\/{rel}","templated":true}]}}