


{"id":622,"date":"2024-09-11T12:59:39","date_gmt":"2024-09-11T12:59:39","guid":{"rendered":"https:\/\/fakultet.kremicalex.com\/?page_id=622"},"modified":"2024-12-04T09:46:06","modified_gmt":"2024-12-04T09:46:06","slug":"%d1%80%d0%b8%d1%98%d0%b5%d1%87-%d0%b4%d0%b5%d0%ba%d0%b0%d0%bd%d0%b0","status":"publish","type":"page","link":"https:\/\/novi.efb.ues.rs.ba\/lat\/%d1%80%d0%b8%d1%98%d0%b5%d1%87-%d0%b4%d0%b5%d0%ba%d0%b0%d0%bd%d0%b0\/","title":{"rendered":"Rije\u010d dekana"},"content":{"rendered":"<div data-elementor-type=\"wp-page\" data-elementor-id=\"622\" class=\"elementor elementor-622\" data-elementor-post-type=\"page\">\n\t\t\t\t<div class=\"elementor-element elementor-element-c244f98 e-flex e-con-boxed e-con e-parent\" data-id=\"c244f98\" data-element_type=\"container\">\n\t\t\t\t\t<div class=\"e-con-inner\">\n\t\t\t\t<div class=\"elementor-element elementor-element-8205d8e elementor-widget elementor-widget-heading\" data-id=\"8205d8e\" data-element_type=\"widget\" data-widget_type=\"heading.default\">\n\t\t\t\t<div class=\"elementor-widget-container\">\n\t\t\t<h2 class=\"elementor-heading-title elementor-size-default\">Rije\u010d Dekana<\/h2>\t\t<\/div>\n\t\t\t\t<\/div>\n\t\t<div class=\"elementor-element elementor-element-00c0970 e-con-full e-flex e-con e-child\" data-id=\"00c0970\" data-element_type=\"container\">\n\t\t<div class=\"elementor-element elementor-element-aa5d416 e-con-full e-flex e-con e-child\" data-id=\"aa5d416\" data-element_type=\"container\" data-settings=\"{&quot;background_background&quot;:&quot;classic&quot;}\">\n\t\t\t\t<div class=\"elementor-element elementor-element-ef6fbbc elementor-widget elementor-widget-image\" data-id=\"ef6fbbc\" data-element_type=\"widget\" data-widget_type=\"image.default\">\n\t\t\t\t<div class=\"elementor-widget-container\">\n\t\t\t\t\t\t\t\t\t\t\t\t\t<img fetchpriority=\"high\" decoding=\"async\" width=\"1704\" height=\"2560\" src=\"https:\/\/novi.efb.ues.rs.ba\/wp-content\/uploads\/2024\/10\/Dr-Srdan-Lalic-scaled.webp\" class=\"attachment-full size-full wp-image-2933\" alt=\"\" srcset=\"https:\/\/novi.efb.ues.rs.ba\/wp-content\/uploads\/2024\/10\/Dr-Srdan-Lalic-scaled.webp 1704w, https:\/\/novi.efb.ues.rs.ba\/wp-content\/uploads\/2024\/10\/Dr-Srdan-Lalic-200x300.webp 200w, https:\/\/novi.efb.ues.rs.ba\/wp-content\/uploads\/2024\/10\/Dr-Srdan-Lalic-682x1024.webp 682w, https:\/\/novi.efb.ues.rs.ba\/wp-content\/uploads\/2024\/10\/Dr-Srdan-Lalic-768x1154.webp 768w, https:\/\/novi.efb.ues.rs.ba\/wp-content\/uploads\/2024\/10\/Dr-Srdan-Lalic-1023x1536.webp 1023w, https:\/\/novi.efb.ues.rs.ba\/wp-content\/uploads\/2024\/10\/Dr-Srdan-Lalic-1363x2048.webp 1363w\" sizes=\"(max-width: 1704px) 100vw, 1704px\" \/>\t\t\t\t\t\t\t\t\t\t\t\t\t<\/div>\n\t\t\t\t<\/div>\n\t\t\t\t<div class=\"elementor-element elementor-element-28c21fc elementor-widget elementor-widget-text-editor\" data-id=\"28c21fc\" data-element_type=\"widget\" data-widget_type=\"text-editor.default\">\n\t\t\t\t<div class=\"elementor-widget-container\">\n\t\t\t\t\t\t\tPo\u0161tovane koleginice i kolege,\n<br><br>\n\nEkonomski fakultet Br\u010dko je institucija sa skoro pola vijeka duge tradicije u obrazovanju ekonomista u na\u0161oj zemlji.\n<br><br>\n\nEkonomski fakultet je visoko\u0161kolska institucija u \u010dijem sredi\u0161tu je student, koja pru\u017ea optimalne uslove za u\u010denje, istra\u017eivanje, praksu i anga\u017eovanje budu\u0107ih diplomanata i mastera ekonomije. Na\u0161 zajedni\u010dki cilj je da obrazovanjem u polju ekonomije, ra\u010dunovodstva i finansija, menad\u017ementa i marketinga stvaramo profesionalce koji \u0107e biti konkurentni na tr\u017ei\u0161tu rada i sposobni da rje\u0161avaju slo\u017eene ekonomske i poslovne probleme.\n<br><br>\n\nSvi resursi Fakulteta su usmjereni i dostupni sada\u0161njim i budu\u0107im studentima da steknu odgovaraju\u0107a znanja i vje\u0161tine iz oblasti ekonomije, a sa poslovnom zajednicom i institucijama u gradu i regiji obezbje\u0111ujemo i odgovaraju\u0107u praksu kako bi se \u0161to bolje osposobili za izazove na tr\u017ei\u0161tu rada.\n<br><br>\n\nEkonomski fakultet Br\u010dko je bio i ostao respektabilna institucija koja obrazuje ekonomiste koji su spremni da pru\u017ee maksimum u daljem usavr\u0161avanju jer posjeduju znanje i vje\u0161tine koje su potrebne za poslovnu karijeru u javnom i privatnom sektoru. Uspostavljamo i ja\u010damo saradnju sa fakultetima u zemlji, regionu i inostranstvu i nastojimo obezbijediti mobilnost studenata kroz razmjene i projekte.\n<br><br>\n\nHvala vam \u0161to ste nam poklonili povjerenje biraju\u0107i da studirate na Ekonomskom fakultetu Br\u010dko, a mi \u0107emo zajedno sa vama u\u010diniti da to povjerenje i opravdamo. \u010cekamo vas u u\u010dionicama i radujemo se \u0161to \u0107emo u\u010destvovati u obrazovnom procesu \u010diji \u0107e krajnji rezultat biti u va\u0161im ste\u010denim kompetencijama neophodnim za va\u0161e budu\u0107e zaposlenje, a tako i u razvijenom akademskom pristupu usmjerenom ka sveukupnom razvoju dru\u0161tva i va\u0161im budu\u0107im nau\u010dnim dostignu\u0107ima.\n<br><br>\n\nDobrodo\u0161li\t\t\t\t\t\t<\/div>\n\t\t\t\t<\/div>\n\t\t<div class=\"elementor-element elementor-element-67f2438 e-con-full e-flex e-con e-child\" data-id=\"67f2438\" data-element_type=\"container\">\n\t\t<div class=\"elementor-element elementor-element-0627cc9 e-con-full e-flex e-con e-child\" data-id=\"0627cc9\" data-element_type=\"container\">\n\t\t\t\t<div class=\"elementor-element elementor-element-d13e343 elementor-widget elementor-widget-text-editor\" data-id=\"d13e343\" data-element_type=\"widget\" data-widget_type=\"text-editor.default\">\n\t\t\t\t<div class=\"elementor-widget-container\">\n\t\t\t\t\t\t\tSr\u0111an Lali\u0107\t\t\t\t\t\t<\/div>\n\t\t\t\t<\/div>\n\t\t\t\t<\/div>\n\t\t<div class=\"elementor-element elementor-element-feef6bf e-con-full e-flex e-con e-child\" data-id=\"feef6bf\" data-element_type=\"container\">\n\t\t\t\t<div class=\"elementor-element elementor-element-1c85361 elementor-widget elementor-widget-text-editor\" data-id=\"1c85361\" data-element_type=\"widget\" data-widget_type=\"text-editor.default\">\n\t\t\t\t<div class=\"elementor-widget-container\">\n\t\t\t\t\t\t\tDekan prof.dr\t\t\t\t\t\t<\/div>\n\t\t\t\t<\/div>\n\t\t\t\t<\/div>\n\t\t\t\t<\/div>\n\t\t\t\t<div class=\"elementor-element elementor-element-0c20281 elementor-widget elementor-widget-image\" data-id=\"0c20281\" data-element_type=\"widget\" data-widget_type=\"image.default\">\n\t\t\t\t<div class=\"elementor-widget-container\">\n\t\t\t\t\t\t\t\t\t\t\t\t\t<img decoding=\"async\" width=\"157\" height=\"60\" src=\"https:\/\/novi.efb.ues.rs.ba\/wp-content\/uploads\/2024\/09\/potpis-dekana.gif\" class=\"attachment-large size-large wp-image-657\" alt=\"\" \/>\t\t\t\t\t\t\t\t\t\t\t\t\t<\/div>\n\t\t\t\t<\/div>\n\t\t\t\t<\/div>\n\t\t\t\t<\/div>\n\t\t\t\t\t<\/div>\n\t\t\t\t<\/div>\n\t\t\t\t<\/div>","protected":false},"excerpt":{"rendered":"<p>\u0420\u0438\u0458\u0435\u0447 \u0414\u0435\u043a\u0430\u043d\u0430 \u041f\u043e\u0448\u0442\u043e\u0432\u0430\u043d\u0435 \u043a\u043e\u043b\u0435\u0433\u0438\u043d\u0438\u0446\u0435 \u0438 \u043a\u043e\u043b\u0435\u0433\u0435, \u0415\u043a\u043e\u043d\u043e\u043c\u0441\u043a\u0438 \u0444\u0430\u043a\u0443\u043b\u0442\u0435\u0442 \u0411\u0440\u0447\u043a\u043e \u0458\u0435 \u0438\u043d\u0441\u0442\u0438\u0442\u0443\u0446\u0438\u0458\u0430 \u0441\u0430 \u0441\u043a\u043e\u0440\u043e \u043f\u043e\u043b\u0430 \u0432\u0438\u0458\u0435\u043a\u0430 \u0434\u0443\u0433\u0435 \u0442\u0440\u0430\u0434\u0438\u0446\u0438\u0458\u0435 \u0443 \u043e\u0431\u0440\u0430\u0437\u043e\u0432\u0430\u045a\u0443 \u0435\u043a\u043e\u043d\u043e\u043c\u0438\u0441\u0442\u0430 \u0443 \u043d\u0430\u0448\u043e\u0458 \u0437\u0435\u043c\u0459\u0438. \u0415\u043a\u043e\u043d\u043e\u043c\u0441\u043a\u0438 \u0444\u0430\u043a\u0443\u043b\u0442\u0435\u0442 \u0458\u0435 \u0432\u0438\u0441\u043e\u043a\u043e\u0448\u043a\u043e\u043b\u0441\u043a\u0430 \u0438\u043d\u0441\u0442\u0438\u0442\u0443\u0446\u0438\u0458\u0430 \u0443 \u0447\u0438\u0458\u0435\u043c \u0441\u0440\u0435\u0434\u0438\u0448\u0442\u0443 \u0458\u0435 \u0441\u0442\u0443\u0434\u0435\u043d\u0442, \u043a\u043e\u0458\u0430 \u043f\u0440\u0443\u0436\u0430 \u043e\u043f\u0442\u0438\u043c\u0430\u043b\u043d\u0435 \u0443\u0441\u043b\u043e\u0432\u0435 \u0437\u0430 \u0443\u0447\u0435\u045a\u0435, \u0438\u0441\u0442\u0440\u0430\u0436\u0438\u0432\u0430\u045a\u0435, \u043f\u0440\u0430\u043a\u0441\u0443 \u0438 \u0430\u043d\u0433\u0430\u0436\u043e\u0432\u0430\u045a\u0435 \u0431\u0443\u0434\u0443\u045b\u0438\u0445 \u0434\u0438\u043f\u043b\u043e\u043c\u0430\u0446\u0430 \u0438 \u043c\u0430\u0441\u0442\u0435\u0440\u0430 \u0435\u043a\u043e\u043d\u043e\u043c\u0438\u0458\u0435. \u041d\u0430\u0448 \u0437\u0430\u0458\u0435\u0434\u043d\u0438\u0447\u043a\u0438 \u0446\u0438\u0459 \u0458\u0435 \u0434\u0430 \u043e\u0431\u0440\u0430\u0437\u043e\u0432\u0430\u045a\u0435\u043c \u0443 [&hellip;]<\/p>","protected":false},"author":2,"featured_media":0,"parent":0,"menu_order":0,"comment_status":"closed","ping_status":"closed","template":"","meta":{"footnotes":""},"folder":[],"class_list":["post-622","page","type-page","status-publish","hentry"],"_links":{"self":[{"href":"https:\/\/novi.efb.ues.rs.ba\/lat\/wp-json\/wp\/v2\/pages\/622"}],"collection":[{"href":"https:\/\/novi.efb.ues.rs.ba\/lat\/wp-json\/wp\/v2\/pages"}],"about":[{"href":"https:\/\/novi.efb.ues.rs.ba\/lat\/wp-json\/wp\/v2\/types\/page"}],"author":[{"embeddable":true,"href":"https:\/\/novi.efb.ues.rs.ba\/lat\/wp-json\/wp\/v2\/users\/2"}],"replies":[{"embeddable":true,"href":"https:\/\/novi.efb.ues.rs.ba\/lat\/wp-json\/wp\/v2\/comments?post=622"}],"version-history":[{"count":35,"href":"https:\/\/novi.efb.ues.rs.ba\/lat\/wp-json\/wp\/v2\/pages\/622\/revisions"}],"predecessor-version":[{"id":4280,"href":"https:\/\/novi.efb.ues.rs.ba\/lat\/wp-json\/wp\/v2\/pages\/622\/revisions\/4280"}],"wp:attachment":[{"href":"https:\/\/novi.efb.ues.rs.ba\/lat\/wp-json\/wp\/v2\/media?parent=622"}],"wp:term":[{"taxonomy":"folder","embeddable":true,"href":"https:\/\/novi.efb.ues.rs.ba\/lat\/wp-json\/wp\/v2\/folder?post=622"}],"curies":[{"name":"wp","href":"https:\/\/api.w.org\/{rel}","templated":true}]}}