


{"id":629,"date":"2024-09-11T13:05:10","date_gmt":"2024-09-11T13:05:10","guid":{"rendered":"https:\/\/fakultet.kremicalex.com\/?page_id=629"},"modified":"2024-12-04T11:06:58","modified_gmt":"2024-12-04T11:06:58","slug":"%d0%ba%d0%be%d0%bd%d1%82%d0%b0%d0%ba%d1%82","status":"publish","type":"page","link":"https:\/\/novi.efb.ues.rs.ba\/lat\/%d0%ba%d0%be%d0%bd%d1%82%d0%b0%d0%ba%d1%82\/","title":{"rendered":"Kontakt"},"content":{"rendered":"<div data-elementor-type=\"wp-page\" data-elementor-id=\"629\" class=\"elementor elementor-629\" data-elementor-post-type=\"page\">\n\t\t\t\t<div class=\"elementor-element elementor-element-99ed673 e-con-full e-flex e-con e-parent\" data-id=\"99ed673\" data-element_type=\"container\">\n\t\t<div class=\"elementor-element elementor-element-9e52f24 e-con-full e-flex e-con e-child\" data-id=\"9e52f24\" data-element_type=\"container\">\n\t\t\t\t<div class=\"elementor-element elementor-element-ed4252d elementor-widget elementor-widget-heading\" data-id=\"ed4252d\" data-element_type=\"widget\" data-widget_type=\"heading.default\">\n\t\t\t\t<div class=\"elementor-widget-container\">\n\t\t\t<h2 class=\"elementor-heading-title elementor-size-default\">Kontakt stranica EFB<\/h2>\t\t<\/div>\n\t\t\t\t<\/div>\n\t\t<div class=\"elementor-element elementor-element-643b1d2 e-con-full e-flex e-con e-child\" data-id=\"643b1d2\" data-element_type=\"container\">\n\t\t\t\t<div class=\"elementor-element elementor-element-fb70d26 elementor-widget elementor-widget-text-editor\" data-id=\"fb70d26\" data-element_type=\"widget\" data-widget_type=\"text-editor.default\">\n\t\t\t\t<div class=\"elementor-widget-container\">\n\t\t\t\t\t\t\tStudentska 11, 76100 Br\u010dko Distrikt Bosne i Hercegovine\t\t\t\t\t\t<\/div>\n\t\t\t\t<\/div>\n\t\t\t\t<\/div>\n\t\t\t\t<\/div>\n\t\t\t\t<\/div>\n\t\t<div class=\"elementor-element elementor-element-1e9a900 e-con-full e-flex e-con e-parent\" data-id=\"1e9a900\" data-element_type=\"container\">\n\t\t<div class=\"elementor-element elementor-element-2304190 e-con-full e-flex e-con e-child\" data-id=\"2304190\" data-element_type=\"container\">\n\t\t\t\t<div class=\"elementor-element elementor-element-08c21dc elementor-widget elementor-widget-heading\" data-id=\"08c21dc\" data-element_type=\"widget\" data-widget_type=\"heading.default\">\n\t\t\t\t<div class=\"elementor-widget-container\">\n\t\t\t<h2 class=\"elementor-heading-title elementor-size-default\">Kontakti<\/h2>\t\t<\/div>\n\t\t\t\t<\/div>\n\t\t<div class=\"elementor-element elementor-element-6e54ff1 e-con-full e-flex e-con e-child\" data-id=\"6e54ff1\" data-element_type=\"container\">\n\t\t\t\t<div class=\"elementor-element elementor-element-c67853a elementor-widget elementor-widget-text-editor\" data-id=\"c67853a\" data-element_type=\"widget\" data-widget_type=\"text-editor.default\">\n\t\t\t\t<div class=\"elementor-widget-container\">\n\t\t\t\t\t\t\tCentrala 049 234 931\t\t\t\t\t\t<\/div>\n\t\t\t\t<\/div>\n\t\t\t\t<\/div>\n\t\t\t\t<\/div>\n\t\t\t\t<\/div>\n\t\t<div class=\"elementor-element elementor-element-588b39b e-flex e-con-boxed e-con e-parent\" data-id=\"588b39b\" data-element_type=\"container\">\n\t\t\t\t\t<div class=\"e-con-inner\">\n\t\t\t\t<div class=\"elementor-element elementor-element-0e5e82e elementor-widget elementor-widget-html\" data-id=\"0e5e82e\" data-element_type=\"widget\" data-widget_type=\"html.default\">\n\t\t\t\t<div class=\"elementor-widget-container\">\n\t\t\t<section class=\"responsive-table-section\">\n  <div class=\"table-container\">\n    <table>\n      <thead>\n        <tr>\n          <th>SLU\u017dBE\/PROFESORI\/ASISTENTI<\/th>\n          <th>KABINET<\/th>\n          <th>LOKAL<\/th>\n          <th>DIREKTAN BROJ<\/th>\n          <th>FAKS<\/th>\n          <th>EMAIL<\/th>\n        <\/tr>\n      <\/thead>\n      <tbody>\n        <tr>\n          <td>Dekan Fakulteta \u2013 Prof. dr Sr\u0111an Lali\u0107<\/td>\n          <td>1<\/td>\n          <td>234-900<\/td>\n          <td>234-902<\/td>\n          <td><\/td>\n          <td>srdjan.lalic.efb@gmail.com<\/td>\n        <\/tr>\n        <tr>\n          <td>Dekanat - Aleksandra Simi\u0107<\/td>\n          <td>1<\/td>\n          <td>234-940<\/td>\n          <td>234-890<\/td>\n          <td><\/td>\n          <td>dekanat@efb.ues.rs.ba<\/td>\n        <\/tr>\n         <tr>\n          <td>Sekretar Fakulteta - Vesna Simi\u0107<\/td>\n          <td>2<\/td>\n          <td>103<\/td>\n          <td>230-270<\/td>\n          <td><\/td>\n          <td>sekretarijat@efb.ues.rs.ba<br>\n          nabavka@efb.ues.rs.ba\n<\/td>\n\n        <\/tr>\n         <tr>\n          <td>Prodekan za nastavu \u2013 Prof. dr Lejla Terzi\u0107<\/td>\n          <td>107<\/td>\n          <td>222<\/td>\n          <td>049\/234-931<\/td>\n          <td><\/td>\n          <td>lejla.terzic@efb.ues.rs.ba<\/td>\n        <\/tr>\n        <tr>\n          <td>Student servis - Aleksandra Tomi\u0107<\/td>\n          <td>3<\/td>\n          <td>102<\/td>\n          <td>234-921<\/td>\n          <td><\/td>\n          <td>studentska.sluzba@efb.ues.rs.ba<\/td>\n        <\/tr>\n        <tr>\n          <td>Student servis - Ljubi\u0161a Miji\u0107<\/td>\n          <td>4<\/td>\n          <td>102<\/td>\n          <td>234-920<\/td>\n          <td>234-922<\/td>\n          <td>studentska.sluzba@efb.ues.rs.ba<\/td>\n        <\/tr>\n        <tr>\n          <td>Vi\u0161i stru\u010dni saradnik za finansijsko-ra\u010dunovodstvene poslove - Dragana Bo\u017ei\u0107<\/td>\n          <td>5<\/td>\n          <td><\/td>\n          <td>234-910<\/td>\n          <td>234-912<\/td>\n          <td>racunovodstvo@efb.ues.rs.ba<\/td>\n        <\/tr>\n        <tr>\n          <td>Ra\u010dunarski centar - Goran Dostani\u0107<\/td>\n          <td>119<\/td>\n          <td>220<\/td>\n          <td><\/td>\n          <td><\/td>\n          <td>racunarski.centar@efb.ues.rs.ba<\/td>\n        <\/tr>\n        <tr>\n          <td>Biblioteka - Natalija Laki\u0107<\/td>\n          <td><\/td>\n          <td>110<\/td>\n          <td><\/td>\n          <td><\/td>\n          <td>biblioteka@efb.ues.rs.ba<\/td>\n        <\/tr>\n        <tr>\n          <td>Informacije - Bo\u017eana \u0110or\u0111evi\u0107<\/td>\n          <td><\/td>\n          <td>101<\/td>\n          <td><\/td>\n          <td><\/td>\n          <td>informacije@efb.ues.rs.ba<\/td>\n        <\/tr>\n        \n         <tr>\n          <td>Centrala<\/td>\n          <td><\/td>\n          <td><\/td>\n          <td>234-931<\/td>\n          <td><\/td>\n          <td><\/td>\n        <\/tr>\n        <tr>\n          <td>SSEFB<\/td>\n          <td>7<\/td>\n          <td>116<\/td>\n          <td><\/td>\n          <td><\/td>\n          <td><\/td>\n        <\/tr>\n        <tr>\n          <td>Slu\u017eba od\u017eavanja<\/td>\n          <td>8<\/td>\n          <td>224<\/td>\n          <td><\/td>\n          <td><\/td>\n          <td><\/td>\n        <\/tr>\n          <td colspan=\"6\" style=\"text-align: center; font-weight: bold; font-size:1.3rem\">\n        \n            \u041f\u0440\u043e\u0444\u0435\u0441\u043e\u0440\u0438<\/td>\n        <\/tr>\n        <!-- Profesori i asistenti -->\n        <tr>\n          <td>Prof. dr Lazar Radovanovi\u0107<\/td>\n          <td>117<\/td>\n          <td>115<\/td>\n          <td>233-070<\/td>\n          <td><\/td>\n          <td>lazar.radovanovic@efb.ues.rs.ba<\/td>\n        <\/tr>\n        <tr>\n          <td>Prof. dr Stevan Stevi\u0107<\/td>\n          <td>116<\/td>\n          <td>113<\/td>\n          <td><\/td>\n          <td><\/td>\n          <td>stevan.stevic@efb.ues.rs.ba<\/td>\n        <\/tr>\n        <tr>\n          <td>Prof. dr Mom\u010dilo Polji\u0107<\/td>\n          <td>112<\/td>\n          <td>119<\/td>\n          <td><\/td>\n          <td><\/td>\n          <td>momcilo.poljic@efb.ues.rs.ba<\/td>\n        <\/tr>\n        <tr>\n          <td>Prof. dr Teodor Petrovi\u0107<\/td>\n          <td>105<\/td>\n          <td>120<\/td>\n          <td><\/td>\n          <td><\/td>\n          <td>teodor.petrovic@efb.ues.rs.ba<\/td>\n        <\/tr>\n        <tr>\n          <td>Prof. dr Lejla Terzi\u0107<\/td>\n          <td>107<\/td>\n          <td>222<\/td>\n          <td><\/td>\n          <td><\/td>\n          <td>lejla.terzic@efb.ues.rs.ba<\/td>\n        <\/tr>\n        <tr>\n          <td>Prof. dr Nermina Pobri\u0107<\/td>\n          <td>102<\/td>\n          <td>219<\/td>\n          <td><\/td>\n          <td><\/td>\n          <td>nermina.pobric@efb.ues.rs.ba<\/td>\n        <\/tr>\n        <tr>\n          <td>Prof. dr Cviko Jeki\u0107<\/td>\n          <td>101<\/td>\n          <td>123<\/td>\n          <td><\/td>\n          <td><\/td>\n          <td>cviko.jekic@efb.ues.rs.ba<\/td>\n        <\/tr>\n        <tr>\n          <td>Prof. dr Amira Pobri\u0107<\/td>\n          <td>103<\/td>\n          <td>223<\/td>\n          <td><\/td>\n          <td><\/td>\n          <td>amira.pobric@gmail.com<\/td>\n        <\/tr>\n        <tr>\n          <td>Prof. dr Renata Lu\u010di\u0107<\/td>\n          <td>104<\/td>\n          <td>109<\/td>\n          <td><\/td>\n          <td><\/td>\n          <td>renata.lucic.efb@gmail.com<\/td>\n        <\/tr>\n        <tr>\n          <td>Doc. dr Ljiljana Tanasi\u0107<\/td>\n          <td>111<\/td>\n          <td>122<\/td>\n          <td><\/td>\n          <td><\/td>\n          <td>ljiljana.tanasic@efb.ues.rs.ba<\/td>\n        <\/tr>\n        <tr>\n          <td>Dr Bojan Me\u0111edovi\u0107<\/td>\n          <td>114<\/td>\n          <td><\/td>\n          <td><\/td>\n          <td><\/td>\n          <td>bojan.medjedovic@efb.ues.rs.ba<\/td>\n        <\/tr>\n        <tr>\n          <td>Doc. dr Lidija Mitra\u0161evi\u0107<\/td>\n          <td>115<\/td>\n          <td>118<\/td>\n          <td><\/td>\n          <td><\/td>\n          <td>lidija.mitrasevic@efb.ues.rs.ba<\/td>\n        <\/tr>\n        <tr>\n          <td>Prof. dr Sr\u0111an Lali\u0107<\/td>\n          <td>112<\/td>\n          <td>119<\/td>\n          <td><\/td>\n          <td><\/td>\n          <td>dejan.tesic@efb.ues.rs.ba<\/td>\n        <\/tr>\n        <tr>\n          <td>Mr Snje\u017eana Zari\u0107<\/td>\n          <td>113<\/td>\n          <td>221<\/td>\n          <td><\/td>\n          <td><\/td>\n          <td>sn\u0458ezana.zaric@efb.ues.rs.ba<\/td>\n        <\/tr>\n        <tr>\n          <td>Mr Neda Te\u0161i\u0107<\/td>\n          <td><\/td>\n          <td>109<\/td>\n          <td><\/td>\n          <td><\/td>\n          <td>neda.tesic@efb.ues.rs.ba<\/td>\n        <\/tr>\n         <td colspan=\"6\" style=\"text-align: center; font-weight: bold; font-size:1.3rem\">\n        \n            Spoljni saradnici<\/td>\n        <\/tr>\n        <tr>\n          <td>Prof. dr Dragomir Vukovi\u0107<\/td>\n          <td><\/td>\n          <td><\/td>\n          <td><\/td>\n          <td><\/td>\n          <td>dragovukovic55@gmail.com<\/td>\n        <\/tr>\n        <tr>\n          <td>Prof. dr Rade Stanki\u0107<\/td>\n          <td><\/td>\n          <td><\/td>\n          <td><\/td>\n          <td><\/td>\n          <td>rstankic@ekof.bg.ac.rs<\/td>\n        <\/tr>\n        <tr>\n          <td>Prof. dr Aleksandar Grubor<\/td>\n          <td><\/td>\n          <td><\/td>\n          <td><\/td>\n          <td><\/td>\n          <td>agrubor@ef.uns.ac.rs<\/td>\n        <\/tr>\n        <tr>\n          <td>Prof. dr Dragan Vojinovi\u0107<\/td>\n          <td><\/td>\n          <td><\/td>\n          <td><\/td>\n          <td><\/td>\n          <td>draganvojinovic123@gmail.com<\/td>\n        <\/tr>\n        <tr>\n          <td>Prof. dr Zehra Nurkanovi\u0107<\/td>\n          <td><\/td>\n          <td><\/td>\n          <td><\/td>\n          <td><\/td>\n          <td>zehra.nurkanovic@untz.ba<\/td>\n        <\/tr>\n        <tr>\n          <td>Mr Milijana Milovanovi\u0107<\/td>\n          <td><\/td>\n          <td><\/td>\n          <td><\/td>\n          <td><\/td>\n          <td>milijanamilovanovic21@gmail.com<\/td>\n        <\/tr>\n        <tr>\n          <td>Prof. dr Vesna Petrovi\u0107<\/td>\n          <td><\/td>\n          <td><\/td>\n          <td><\/td>\n          <td><\/td>\n          <td>vesna.petrovic@fpe.unssa.rs.ba<\/td>\n        <\/tr>\n        <tr>\n          <td>Doc. dr Nenad Markovi\u0107<\/td>\n          <td><\/td>\n          <td><\/td>\n          <td><\/td>\n          <td><\/td>\n          <td>markonen@ues.rs.ba<\/td>\n        <\/tr>\n        <tr>\n          <td>Doc. dr Bo\u0161ko Mekinji\u0107<\/td>\n          <td><\/td>\n          <td><\/td>\n          <td><\/td>\n          <td><\/td>\n          <td>bosko.mekinjic@ef.unibl.org<\/td>\n        <\/tr>\n        <tr>\n          <td>Prof. dr Aleksandar Stojanovi\u0107<\/td>\n          <td><\/td>\n          <td><\/td>\n          <td><\/td>\n          <td><\/td>\n          <td>aco_st@yahoo.com<\/td>\n        <\/tr>\n        <tr>\n          <td>Prof. dr Zoran Vasiljevi\u0107<\/td>\n          <td><\/td>\n          <td><\/td>\n          <td><\/td>\n          <td><\/td>\n          <td>zoran.vasiljevic@pf.unibl.org<\/td>\n        <\/tr>\n      <\/tbody>\n    <\/table>\n  <\/div>\n<\/section>\n\t\t<\/div>\n\t\t\t\t<\/div>\n\t\t\t\t\t<\/div>\n\t\t\t\t<\/div>\n\t\t\t\t<\/div>","protected":false},"excerpt":{"rendered":"<p>\u041a\u043e\u043d\u0442\u0430\u043a\u0442 \u0441\u0442\u0440\u0430\u043d\u0438\u0446\u0430 \u0415\u0424\u0411 \u0421\u0442\u0443\u0434\u0435\u043d\u0442\u0441\u043a\u0430 11, 76100 \u0411\u0440\u0447\u043a\u043e \u0434\u0438\u0441\u0442\u0440\u0438\u043a\u0442 \u0411\u043e\u0441\u043d\u0435 \u0438 \u0425\u0435\u0440\u0446\u0435\u0433\u043e\u0432\u0438\u043d\u0435 \u041a\u043e\u043d\u0442\u0430\u043a\u0442\u0438 \u0426\u0435\u043d\u0442\u0440\u0430\u043b\u0430 049 234 931 \u0421\u041b\u0423\u0416\u0411\u0415\/\u041f\u0420\u041e\u0424\u0415\u0421\u041e\u0420\u0418\/\u0410\u0421\u0418\u0421\u0422\u0415\u041d\u0422\u0418 \u041a\u0410\u0411\u0418\u041d\u0415\u0422 \u041b\u041eK\u0410\u041b \u0414\u0418\u0420\u0415\u041a\u0422\u0410\u041d \u0411\u0420\u041e\u0408 \u0424\u0410\u041a\u0421 E\u041c\u0410\u0418\u041b \u0414\u0435\u043a\u0430\u043d \u0424\u0430\u043a\u0443\u043b\u0442\u0435\u0442\u0430 \u2013 \u041f\u0440\u043e\u0444. \u0434\u0440 \u0421\u0440\u0452\u0430\u043d \u041b\u0430\u043b\u0438\u045b 1 234-900 234-902 srdjan.lalic.efb@gmail.com \u0414\u0435\u043a\u0430\u043d\u0430\u0442 \u2013 \u0410\u043b\u0435\u043a\u0441\u0430\u043d\u0434\u0440\u0430 \u0421\u0438\u043c\u0438\u045b 1 234-940 234-890 dekanat@efb.ues.rs.ba \u0421\u0435\u043a\u0440\u0435\u0442\u0430\u0440 \u0424\u0430\u043a\u0443\u043b\u0442\u0435\u0442\u0430 \u2013 \u0412\u0435\u0441\u043d\u0430 \u0421\u0438\u043c\u0438\u045b 2 103 230-270 sekretarijat@efb.ues.rs.ba nabavka@efb.ues.rs.ba \u041f\u0440\u043e\u0434\u0435\u043a\u0430\u043d \u0437\u0430 \u043d\u0430\u0441\u0442\u0430\u0432\u0443 [&hellip;]<\/p>","protected":false},"author":2,"featured_media":0,"parent":0,"menu_order":0,"comment_status":"closed","ping_status":"closed","template":"","meta":{"footnotes":""},"folder":[],"class_list":["post-629","page","type-page","status-publish","hentry"],"_links":{"self":[{"href":"https:\/\/novi.efb.ues.rs.ba\/lat\/wp-json\/wp\/v2\/pages\/629"}],"collection":[{"href":"https:\/\/novi.efb.ues.rs.ba\/lat\/wp-json\/wp\/v2\/pages"}],"about":[{"href":"https:\/\/novi.efb.ues.rs.ba\/lat\/wp-json\/wp\/v2\/types\/page"}],"author":[{"embeddable":true,"href":"https:\/\/novi.efb.ues.rs.ba\/lat\/wp-json\/wp\/v2\/users\/2"}],"replies":[{"embeddable":true,"href":"https:\/\/novi.efb.ues.rs.ba\/lat\/wp-json\/wp\/v2\/comments?post=629"}],"version-history":[{"count":43,"href":"https:\/\/novi.efb.ues.rs.ba\/lat\/wp-json\/wp\/v2\/pages\/629\/revisions"}],"predecessor-version":[{"id":4362,"href":"https:\/\/novi.efb.ues.rs.ba\/lat\/wp-json\/wp\/v2\/pages\/629\/revisions\/4362"}],"wp:attachment":[{"href":"https:\/\/novi.efb.ues.rs.ba\/lat\/wp-json\/wp\/v2\/media?parent=629"}],"wp:term":[{"taxonomy":"folder","embeddable":true,"href":"https:\/\/novi.efb.ues.rs.ba\/lat\/wp-json\/wp\/v2\/folder?post=629"}],"curies":[{"name":"wp","href":"https:\/\/api.w.org\/{rel}","templated":true}]}}