


{"id":638,"date":"2024-09-11T13:07:36","date_gmt":"2024-09-11T13:07:36","guid":{"rendered":"https:\/\/fakultet.kremicalex.com\/?page_id=638"},"modified":"2024-12-16T14:43:42","modified_gmt":"2024-12-16T14:43:42","slug":"%d0%bd%d0%b0%d1%83%d1%87%d0%bd%d0%be-%d0%b8%d1%81%d1%82%d1%80%d0%b0%d0%b6%d0%b8%d0%b2%d0%b0%d1%87%d0%ba%d0%b8-%d0%bf%d1%80%d0%be%d1%98%d0%b5%d0%ba%d1%82%d0%b8","status":"publish","type":"page","link":"https:\/\/novi.efb.ues.rs.ba\/lat\/%d0%bd%d0%b0%d1%83%d1%87%d0%bd%d0%be-%d0%b8%d1%81%d1%82%d1%80%d0%b0%d0%b6%d0%b8%d0%b2%d0%b0%d1%87%d0%ba%d0%b8-%d0%bf%d1%80%d0%be%d1%98%d0%b5%d0%ba%d1%82%d0%b8\/","title":{"rendered":"Nau\u010dno-istra\u017eiva\u010dki projekti"},"content":{"rendered":"<div data-elementor-type=\"wp-page\" data-elementor-id=\"638\" class=\"elementor elementor-638\" data-elementor-post-type=\"page\">\n\t\t\t\t<div class=\"elementor-element elementor-element-0885cf8 e-flex e-con-boxed e-con e-parent\" data-id=\"0885cf8\" data-element_type=\"container\">\n\t\t\t\t\t<div class=\"e-con-inner\">\n\t\t\t\t<div class=\"elementor-element elementor-element-9dd896c elementor-widget elementor-widget-heading\" data-id=\"9dd896c\" data-element_type=\"widget\" data-widget_type=\"heading.default\">\n\t\t\t\t<div class=\"elementor-widget-container\">\n\t\t\t<h2 class=\"elementor-heading-title elementor-size-default\">Nau\u010dno-istra\u017eiva\u010dki projekti<\/h2>\t\t<\/div>\n\t\t\t\t<\/div>\n\t\t\t\t\t<\/div>\n\t\t\t\t<\/div>\n\t\t<div class=\"elementor-element elementor-element-a6f1c6b e-flex e-con-boxed e-con e-parent\" data-id=\"a6f1c6b\" data-element_type=\"container\">\n\t\t\t\t\t<div class=\"e-con-inner\">\n\t\t<div class=\"elementor-element elementor-element-1dc6183 e-con-full e-flex e-con e-child\" data-id=\"1dc6183\" data-element_type=\"container\">\n\t\t<div class=\"elementor-element elementor-element-eec4758 e-con-full e-flex e-con e-child\" data-id=\"eec4758\" data-element_type=\"container\">\n\t\t\t\t<div class=\"elementor-element elementor-element-a9ea541 elementor-widget elementor-widget-image\" data-id=\"a9ea541\" data-element_type=\"widget\" data-widget_type=\"image.default\">\n\t\t\t\t<div class=\"elementor-widget-container\">\n\t\t\t\t\t\t\t\t\t\t\t\t\t\t<a href=\"https:\/\/eunors.org\/\" target=\"_blank\">\n\t\t\t\t\t\t\t<img decoding=\"async\" width=\"180\" height=\"115\" src=\"https:\/\/novi.efb.ues.rs.ba\/wp-content\/uploads\/2024\/12\/logo_footer.png\" class=\"attachment-large size-large wp-image-4787\" alt=\"\" srcset=\"https:\/\/novi.efb.ues.rs.ba\/wp-content\/uploads\/2024\/12\/logo_footer.png 180w, https:\/\/novi.efb.ues.rs.ba\/wp-content\/uploads\/2024\/12\/logo_footer-18x12.png 18w\" sizes=\"(max-width: 180px) 100vw, 180px\" \/>\t\t\t\t\t\t\t\t<\/a>\n\t\t\t\t\t\t\t\t\t\t\t\t\t<\/div>\n\t\t\t\t<\/div>\n\t\t\t\t<\/div>\n\t\t<div class=\"elementor-element elementor-element-70c228b e-con-full e-flex e-con e-child\" data-id=\"70c228b\" data-element_type=\"container\">\n\t\t\t\t<div class=\"elementor-element elementor-element-96815ad elementor-widget elementor-widget-image\" data-id=\"96815ad\" data-element_type=\"widget\" data-widget_type=\"image.default\">\n\t\t\t\t<div class=\"elementor-widget-container\">\n\t\t\t\t\t\t\t\t\t\t\t\t\t\t<a href=\"https:\/\/partish.lurmk.lv\/\" target=\"_blank\">\n\t\t\t\t\t\t\t<img fetchpriority=\"high\" decoding=\"async\" width=\"800\" height=\"299\" src=\"https:\/\/novi.efb.ues.rs.ba\/wp-content\/uploads\/2024\/12\/cropped-Partish-logo.png\" class=\"attachment-large size-large wp-image-4786\" alt=\"\" srcset=\"https:\/\/novi.efb.ues.rs.ba\/wp-content\/uploads\/2024\/12\/cropped-Partish-logo.png 872w, https:\/\/novi.efb.ues.rs.ba\/wp-content\/uploads\/2024\/12\/cropped-Partish-logo-300x112.png 300w, https:\/\/novi.efb.ues.rs.ba\/wp-content\/uploads\/2024\/12\/cropped-Partish-logo-768x287.png 768w, https:\/\/novi.efb.ues.rs.ba\/wp-content\/uploads\/2024\/12\/cropped-Partish-logo-18x7.png 18w\" sizes=\"(max-width: 800px) 100vw, 800px\" \/>\t\t\t\t\t\t\t\t<\/a>\n\t\t\t\t\t\t\t\t\t\t\t\t\t<\/div>\n\t\t\t\t<\/div>\n\t\t\t\t<\/div>\n\t\t\t\t<\/div>\n\t\t<div class=\"elementor-element elementor-element-43fe0dd e-con-full e-flex e-con e-child\" data-id=\"43fe0dd\" data-element_type=\"container\">\n\t\t<div class=\"elementor-element elementor-element-9cbda1b e-con-full e-flex e-con e-child\" data-id=\"9cbda1b\" data-element_type=\"container\">\n\t\t\t\t<div class=\"elementor-element elementor-element-ec59ad0 elementor-widget elementor-widget-image\" data-id=\"ec59ad0\" data-element_type=\"widget\" data-widget_type=\"image.default\">\n\t\t\t\t<div class=\"elementor-widget-container\">\n\t\t\t\t\t\t\t\t\t\t\t\t\t\t<a href=\"https:\/\/dualsci.unze.ba\/\" target=\"_blank\">\n\t\t\t\t\t\t\t<img decoding=\"async\" width=\"350\" height=\"90\" src=\"https:\/\/novi.efb.ues.rs.ba\/wp-content\/uploads\/2024\/12\/DUALSCI-logo-za-web.png\" class=\"attachment-large size-large wp-image-4785\" alt=\"\" srcset=\"https:\/\/novi.efb.ues.rs.ba\/wp-content\/uploads\/2024\/12\/DUALSCI-logo-za-web.png 350w, https:\/\/novi.efb.ues.rs.ba\/wp-content\/uploads\/2024\/12\/DUALSCI-logo-za-web-300x77.png 300w, https:\/\/novi.efb.ues.rs.ba\/wp-content\/uploads\/2024\/12\/DUALSCI-logo-za-web-18x5.png 18w\" sizes=\"(max-width: 350px) 100vw, 350px\" \/>\t\t\t\t\t\t\t\t<\/a>\n\t\t\t\t\t\t\t\t\t\t\t\t\t<\/div>\n\t\t\t\t<\/div>\n\t\t\t\t<\/div>\n\t\t<div class=\"elementor-element elementor-element-28751b4 e-con-full e-flex e-con e-child\" data-id=\"28751b4\" data-element_type=\"container\">\n\t\t\t\t<div class=\"elementor-element elementor-element-ba87801 elementor-widget elementor-widget-image\" data-id=\"ba87801\" data-element_type=\"widget\" data-widget_type=\"image.default\">\n\t\t\t\t<div class=\"elementor-widget-container\">\n\t\t\t\t\t\t\t\t\t\t\t\t\t\t<a href=\"https:\/\/cowebproject.eu\/\" target=\"_blank\">\n\t\t\t\t\t\t\t<img loading=\"lazy\" decoding=\"async\" width=\"800\" height=\"222\" src=\"https:\/\/novi.efb.ues.rs.ba\/wp-content\/uploads\/2024\/12\/COWEB_Color2-1024x284.png\" class=\"attachment-large size-large wp-image-4788\" alt=\"\" srcset=\"https:\/\/novi.efb.ues.rs.ba\/wp-content\/uploads\/2024\/12\/COWEB_Color2-1024x284.png 1024w, https:\/\/novi.efb.ues.rs.ba\/wp-content\/uploads\/2024\/12\/COWEB_Color2-300x83.png 300w, https:\/\/novi.efb.ues.rs.ba\/wp-content\/uploads\/2024\/12\/COWEB_Color2-768x213.png 768w, https:\/\/novi.efb.ues.rs.ba\/wp-content\/uploads\/2024\/12\/COWEB_Color2-1536x425.png 1536w, https:\/\/novi.efb.ues.rs.ba\/wp-content\/uploads\/2024\/12\/COWEB_Color2-2048x567.png 2048w, https:\/\/novi.efb.ues.rs.ba\/wp-content\/uploads\/2024\/12\/COWEB_Color2-18x5.png 18w\" sizes=\"(max-width: 800px) 100vw, 800px\" \/>\t\t\t\t\t\t\t\t<\/a>\n\t\t\t\t\t\t\t\t\t\t\t\t\t<\/div>\n\t\t\t\t<\/div>\n\t\t\t\t<\/div>\n\t\t\t\t<\/div>\n\t\t\t\t\t<\/div>\n\t\t\t\t<\/div>\n\t\t\t\t<\/div>","protected":false},"excerpt":{"rendered":"","protected":false},"author":2,"featured_media":0,"parent":0,"menu_order":0,"comment_status":"closed","ping_status":"closed","template":"","meta":{"footnotes":""},"folder":[],"class_list":["post-638","page","type-page","status-publish","hentry"],"_links":{"self":[{"href":"https:\/\/novi.efb.ues.rs.ba\/lat\/wp-json\/wp\/v2\/pages\/638"}],"collection":[{"href":"https:\/\/novi.efb.ues.rs.ba\/lat\/wp-json\/wp\/v2\/pages"}],"about":[{"href":"https:\/\/novi.efb.ues.rs.ba\/lat\/wp-json\/wp\/v2\/types\/page"}],"author":[{"embeddable":true,"href":"https:\/\/novi.efb.ues.rs.ba\/lat\/wp-json\/wp\/v2\/users\/2"}],"replies":[{"embeddable":true,"href":"https:\/\/novi.efb.ues.rs.ba\/lat\/wp-json\/wp\/v2\/comments?post=638"}],"version-history":[{"count":25,"href":"https:\/\/novi.efb.ues.rs.ba\/lat\/wp-json\/wp\/v2\/pages\/638\/revisions"}],"predecessor-version":[{"id":4801,"href":"https:\/\/novi.efb.ues.rs.ba\/lat\/wp-json\/wp\/v2\/pages\/638\/revisions\/4801"}],"wp:attachment":[{"href":"https:\/\/novi.efb.ues.rs.ba\/lat\/wp-json\/wp\/v2\/media?parent=638"}],"wp:term":[{"taxonomy":"folder","embeddable":true,"href":"https:\/\/novi.efb.ues.rs.ba\/lat\/wp-json\/wp\/v2\/folder?post=638"}],"curies":[{"name":"wp","href":"https:\/\/api.w.org\/{rel}","templated":true}]}}